{"id":3599,"date":"2023-08-21T02:16:25","date_gmt":"2023-08-21T02:16:25","guid":{"rendered":"https:\/\/www.femmeharmone.com\/?page_id=3599"},"modified":"2023-08-21T03:15:17","modified_gmt":"2023-08-21T03:15:17","slug":"nemes-andras-egy-uj-vilagjelenseg-gendercsalas-a-sportban","status":"publish","type":"page","link":"https:\/\/www.femmeharmone.com\/eng\/a-noi-dimenzio\/ii-evfolyam-4-szam\/tudomany\/nemes-andras-egy-uj-vilagjelenseg-gendercsalas-a-sportban\/","title":{"rendered":"<em>Nemes Andr\u00e1s:<\/em> Egy \u00faj vil\u00e1gjelens\u00e9g: gendercsal\u00e1s a sportban"},"content":{"rendered":"<p class=\"has-text-align-right\"><a href=\"https:\/\/doi.org\/10.55344\/andfh.2204065\" target=\"_blank\" rel=\"noreferrer noopener\"><em>DOI: 10.55344\/andfh.2204065<\/em><\/a><\/p>\n\n\n\n<p><em><strong>Absztrakt<\/strong><\/em><\/p>\n\n\n\n<p><strong>A transznem\u0171ek megjelen\u00e9s\u00e9nek a m\u0171v\u00e9szvil\u00e1gban tal\u00e1n nem olyan er\u0151teljes a k\u00f6vetkezm\u00e9nyrendszere, mint az \u00e9lsport vil\u00e1g\u00e1ban, hiszen a m\u0171v\u00e9sz k\u00f6zegben bizony\u00e1ra nincs jelen az a fajta k\u00fczdelem, mint ami az \u00e9lsport jellemz\u0151je, amit m\u00e9g ink\u00e1bb ki\u00e9lez az a t\u00e9ny, hogy a sport egyre profitorient\u00e1ltabb ter\u00fclett\u00e9 v\u00e1lik.<\/strong><\/p>\n\n\n\n<p><strong>Jelen tanulm\u00e1nyban a n\u0151i sport v\u00e9delme mellett els\u0151sorban nem alkotm\u00e1nyos \u00e9rveket sorolok fel, hanem visszat\u00e9rek Pierre De Coubertin 1912-ben \u00edrt \u201e\u00d3da a sporthoz\u201d c\u00edm\u0171 vers\u00e9hez, s annak kulcsszavait \u2012 sz\u00e9ps\u00e9g, igazs\u00e1g, b\u00e1tors\u00e1g, tisztess\u00e9g, \u00f6r\u00f6m \u2012 \u00fctk\u00f6ztettem a mai val\u00f3s\u00e1ggal. (Coubertin b\u00e1r\u00f3 bizony\u00e1ra feszengene karossz\u00e9k\u00e9ben, ha napjainkban \u00e9lne, s\u0151t az is elk\u00e9pzelhet\u0151, hogy nem kapott volna els\u0151 d\u00edjat az \u00e1ln\u00e9ven \u00edrt vers\u00e9re.)<\/strong><\/p>\n\n\n\n<p><strong>A tanulm\u00e1ny \u00e9rint\u0151legesen kit\u00e9r szociol\u00f3giai megfontol\u00e1sokra is.<\/strong><\/p>\n\n\n\n<div style=\"height:100px\" aria-hidden=\"true\" class=\"wp-block-spacer\"><\/div>\n\n\n\n<div data-wp-interactive=\"core\/file\" class=\"wp-block-file\"><object data-wp-bind--hidden=\"!state.hasPdfPreview\"  class=\"wp-block-file__embed\" data=\"https:\/\/www.femmeharmone.com\/wp-content\/uploads\/2023\/08\/AND6_2022_Tel_v2_Nemes_Andras.pdf\" type=\"application\/pdf\" style=\"width:100%;height:1500px\" aria-label=\"Embed of AND6_2022_Tel_v2_Nemes_Andras.\"><\/object><a id=\"wp-block-file--media-4f9a8b6a-ae29-4d15-9363-035a3e52888c\" href=\"https:\/\/www.femmeharmone.com\/wp-content\/uploads\/2023\/08\/AND6_2022_Tel_v2_Nemes_Andras.pdf\">AND6_2022_Tel_v2_Nemes_Andras<\/a><a href=\"https:\/\/www.femmeharmone.com\/wp-content\/uploads\/2023\/08\/AND6_2022_Tel_v2_Nemes_Andras.pdf\" class=\"wp-block-file__button wp-element-button\" download aria-describedby=\"wp-block-file--media-4f9a8b6a-ae29-4d15-9363-035a3e52888c\">Let\u00f6lt\u00e9s<\/a><\/div>","protected":false},"excerpt":{"rendered":"<p>DOI: 10.55344\/andfh.2204065 Absztrakt A transznem\u0171ek megjelen\u00e9s\u00e9nek a m\u0171v\u00e9szvil\u00e1gban tal\u00e1n nem olyan er\u0151teljes a k\u00f6vetkezm\u00e9nyrendszere, mint az \u00e9lsport vil\u00e1g\u00e1ban, hiszen a m\u0171v\u00e9sz k\u00f6zegben bizony\u00e1ra nincs jelen az a fajta k\u00fczdelem, mint ami az \u00e9lsport jellemz\u0151je, amit m\u00e9g ink\u00e1bb ki\u00e9lez az a t\u00e9ny, hogy a sport egyre profitorient\u00e1ltabb ter\u00fclett\u00e9 v\u00e1lik. Jelen tanulm\u00e1nyban a n\u0151i sport v\u00e9delme mellett&hellip;<\/p>","protected":false},"author":1,"featured_media":0,"parent":3541,"menu_order":2,"comment_status":"closed","ping_status":"closed","template":"page-article.php","meta":{"inline_featured_image":false,"footnotes":""},"categories":[],"tags":[],"_links":{"self":[{"href":"https:\/\/www.femmeharmone.com\/eng\/wp-json\/wp\/v2\/pages\/3599"}],"collection":[{"href":"https:\/\/www.femmeharmone.com\/eng\/wp-json\/wp\/v2\/pages"}],"about":[{"href":"https:\/\/www.femmeharmone.com\/eng\/wp-json\/wp\/v2\/types\/page"}],"author":[{"embeddable":true,"href":"https:\/\/www.femmeharmone.com\/eng\/wp-json\/wp\/v2\/users\/1"}],"replies":[{"embeddable":true,"href":"https:\/\/www.femmeharmone.com\/eng\/wp-json\/wp\/v2\/comments?post=3599"}],"version-history":[{"count":2,"href":"https:\/\/www.femmeharmone.com\/eng\/wp-json\/wp\/v2\/pages\/3599\/revisions"}],"predecessor-version":[{"id":3654,"href":"https:\/\/www.femmeharmone.com\/eng\/wp-json\/wp\/v2\/pages\/3599\/revisions\/3654"}],"up":[{"embeddable":true,"href":"https:\/\/www.femmeharmone.com\/eng\/wp-json\/wp\/v2\/pages\/3541"}],"wp:attachment":[{"href":"https:\/\/www.femmeharmone.com\/eng\/wp-json\/wp\/v2\/media?parent=3599"}],"wp:term":[{"taxonomy":"category","embeddable":true,"href":"https:\/\/www.femmeharmone.com\/eng\/wp-json\/wp\/v2\/categories?post=3599"},{"taxonomy":"post_tag","embeddable":true,"href":"https:\/\/www.femmeharmone.com\/eng\/wp-json\/wp\/v2\/tags?post=3599"}],"curies":[{"name":"wp","href":"https:\/\/api.w.org\/{rel}","templated":true}]}}