{"id":3908,"date":"2023-11-17T21:29:20","date_gmt":"2023-11-17T21:29:20","guid":{"rendered":"https:\/\/www.femmeharmone.com\/?page_id=3908"},"modified":"2024-11-20T07:32:53","modified_gmt":"2024-11-20T07:32:53","slug":"individualizacio-szemelyiseg-mesterseges-intelligencia-2023","status":"publish","type":"page","link":"https:\/\/www.femmeharmone.com\/eng\/kiadvanyok\/individualizacio-szemelyiseg-mesterseges-intelligencia-2023\/","title":{"rendered":"Individualiz\u00e1ci\u00f3, szem\u00e9lyis\u00e9g, mesters\u00e9ges intelligencia (2023)"},"content":{"rendered":"<figure class=\"wp-block-image size-large\"><img loading=\"lazy\" decoding=\"async\" width=\"716\" height=\"1024\" src=\"https:\/\/www.femmeharmone.com\/wp-content\/uploads\/2023\/11\/INDIVIDUALIZACIO_E-716x1024.jpg\" alt=\"\" class=\"wp-image-3909\" srcset=\"https:\/\/www.femmeharmone.com\/wp-content\/uploads\/2023\/11\/INDIVIDUALIZACIO_E-716x1024.jpg 716w, https:\/\/www.femmeharmone.com\/wp-content\/uploads\/2023\/11\/INDIVIDUALIZACIO_E-210x300.jpg 210w, https:\/\/www.femmeharmone.com\/wp-content\/uploads\/2023\/11\/INDIVIDUALIZACIO_E-768x1099.jpg 768w, https:\/\/www.femmeharmone.com\/wp-content\/uploads\/2023\/11\/INDIVIDUALIZACIO_E-8x12.jpg 8w, https:\/\/www.femmeharmone.com\/wp-content\/uploads\/2023\/11\/INDIVIDUALIZACIO_E.jpg 933w\" sizes=\"(max-width: 716px) 100vw, 716px\" \/><\/figure>\n\n\n\n<figure class=\"wp-block-image size-large\"><img loading=\"lazy\" decoding=\"async\" width=\"712\" height=\"1024\" src=\"https:\/\/www.femmeharmone.com\/wp-content\/uploads\/2023\/11\/INDIVIDUALIZACIO_H-712x1024.jpg\" alt=\"\" class=\"wp-image-3910\" srcset=\"https:\/\/www.femmeharmone.com\/wp-content\/uploads\/2023\/11\/INDIVIDUALIZACIO_H-712x1024.jpg 712w, https:\/\/www.femmeharmone.com\/wp-content\/uploads\/2023\/11\/INDIVIDUALIZACIO_H-209x300.jpg 209w, https:\/\/www.femmeharmone.com\/wp-content\/uploads\/2023\/11\/INDIVIDUALIZACIO_H-768x1105.jpg 768w, https:\/\/www.femmeharmone.com\/wp-content\/uploads\/2023\/11\/INDIVIDUALIZACIO_H-8x12.jpg 8w, https:\/\/www.femmeharmone.com\/wp-content\/uploads\/2023\/11\/INDIVIDUALIZACIO_H.jpg 928w\" sizes=\"(max-width: 712px) 100vw, 712px\" \/><\/figure>","protected":false},"excerpt":{"rendered":"","protected":false},"author":1,"featured_media":0,"parent":3747,"menu_order":4,"comment_status":"closed","ping_status":"closed","template":"","meta":{"inline_featured_image":false,"footnotes":""},"categories":[],"tags":[],"_links":{"self":[{"href":"https:\/\/www.femmeharmone.com\/eng\/wp-json\/wp\/v2\/pages\/3908"}],"collection":[{"href":"https:\/\/www.femmeharmone.com\/eng\/wp-json\/wp\/v2\/pages"}],"about":[{"href":"https:\/\/www.femmeharmone.com\/eng\/wp-json\/wp\/v2\/types\/page"}],"author":[{"embeddable":true,"href":"https:\/\/www.femmeharmone.com\/eng\/wp-json\/wp\/v2\/users\/1"}],"replies":[{"embeddable":true,"href":"https:\/\/www.femmeharmone.com\/eng\/wp-json\/wp\/v2\/comments?post=3908"}],"version-history":[{"count":2,"href":"https:\/\/www.femmeharmone.com\/eng\/wp-json\/wp\/v2\/pages\/3908\/revisions"}],"predecessor-version":[{"id":4949,"href":"https:\/\/www.femmeharmone.com\/eng\/wp-json\/wp\/v2\/pages\/3908\/revisions\/4949"}],"up":[{"embeddable":true,"href":"https:\/\/www.femmeharmone.com\/eng\/wp-json\/wp\/v2\/pages\/3747"}],"wp:attachment":[{"href":"https:\/\/www.femmeharmone.com\/eng\/wp-json\/wp\/v2\/media?parent=3908"}],"wp:term":[{"taxonomy":"category","embeddable":true,"href":"https:\/\/www.femmeharmone.com\/eng\/wp-json\/wp\/v2\/categories?post=3908"},{"taxonomy":"post_tag","embeddable":true,"href":"https:\/\/www.femmeharmone.com\/eng\/wp-json\/wp\/v2\/tags?post=3908"}],"curies":[{"name":"wp","href":"https:\/\/api.w.org\/{rel}","templated":true}]}}