{"id":4046,"date":"2024-01-28T10:49:29","date_gmt":"2024-01-28T10:49:29","guid":{"rendered":"https:\/\/www.femmeharmone.com\/?page_id=4046"},"modified":"2024-11-28T13:04:10","modified_gmt":"2024-11-28T13:04:10","slug":"hazassagkotes-egykor-es-ma-2024","status":"publish","type":"page","link":"https:\/\/www.femmeharmone.com\/eng\/kiadvanyok\/hazassagkotes-egykor-es-ma-2024\/","title":{"rendered":"H\u00e1zass\u00e1gk\u00f6t\u00e9s egykor \u00e9s ma (2024)"},"content":{"rendered":"<div data-wp-interactive=\"core\/file\" class=\"wp-block-file\"><object data-wp-bind--hidden=\"!state.hasPdfPreview\"  class=\"wp-block-file__embed\" data=\"https:\/\/www.femmeharmone.com\/wp-content\/uploads\/2024\/01\/hazassag_egykor_es_ma_szinopszisfuzet-20240126.pdf\" type=\"application\/pdf\" style=\"width:100%;height:1200px\" aria-label=\"Embed of hazassag_egykor_es_ma_szinopszisf\u00fczet 20240126.\"><\/object><a id=\"wp-block-file--media-51472f77-3520-4200-99b9-902fb640b8e0\" href=\"https:\/\/www.femmeharmone.com\/wp-content\/uploads\/2024\/01\/hazassag_egykor_es_ma_szinopszisfuzet-20240126.pdf\">hazassag_egykor_es_ma_szinopszisf\u00fczet 20240126<\/a><a href=\"https:\/\/www.femmeharmone.com\/wp-content\/uploads\/2024\/01\/hazassag_egykor_es_ma_szinopszisfuzet-20240126.pdf\" class=\"wp-block-file__button wp-element-button\" download aria-describedby=\"wp-block-file--media-51472f77-3520-4200-99b9-902fb640b8e0\">Let\u00f6lt\u00e9s<\/a><\/div>","protected":false},"excerpt":{"rendered":"","protected":false},"author":1,"featured_media":0,"parent":3747,"menu_order":6,"comment_status":"closed","ping_status":"closed","template":"","meta":{"inline_featured_image":false,"footnotes":""},"categories":[],"tags":[],"_links":{"self":[{"href":"https:\/\/www.femmeharmone.com\/eng\/wp-json\/wp\/v2\/pages\/4046"}],"collection":[{"href":"https:\/\/www.femmeharmone.com\/eng\/wp-json\/wp\/v2\/pages"}],"about":[{"href":"https:\/\/www.femmeharmone.com\/eng\/wp-json\/wp\/v2\/types\/page"}],"author":[{"embeddable":true,"href":"https:\/\/www.femmeharmone.com\/eng\/wp-json\/wp\/v2\/users\/1"}],"replies":[{"embeddable":true,"href":"https:\/\/www.femmeharmone.com\/eng\/wp-json\/wp\/v2\/comments?post=4046"}],"version-history":[{"count":4,"href":"https:\/\/www.femmeharmone.com\/eng\/wp-json\/wp\/v2\/pages\/4046\/revisions"}],"predecessor-version":[{"id":4973,"href":"https:\/\/www.femmeharmone.com\/eng\/wp-json\/wp\/v2\/pages\/4046\/revisions\/4973"}],"up":[{"embeddable":true,"href":"https:\/\/www.femmeharmone.com\/eng\/wp-json\/wp\/v2\/pages\/3747"}],"wp:attachment":[{"href":"https:\/\/www.femmeharmone.com\/eng\/wp-json\/wp\/v2\/media?parent=4046"}],"wp:term":[{"taxonomy":"category","embeddable":true,"href":"https:\/\/www.femmeharmone.com\/eng\/wp-json\/wp\/v2\/categories?post=4046"},{"taxonomy":"post_tag","embeddable":true,"href":"https:\/\/www.femmeharmone.com\/eng\/wp-json\/wp\/v2\/tags?post=4046"}],"curies":[{"name":"wp","href":"https:\/\/api.w.org\/{rel}","templated":true}]}}