{"id":4103,"date":"2024-03-07T13:29:18","date_gmt":"2024-03-07T13:29:18","guid":{"rendered":"https:\/\/www.femmeharmone.com\/?page_id=4103"},"modified":"2024-03-07T17:21:34","modified_gmt":"2024-03-07T17:21:34","slug":"sziraky-gabor-teli-rege","status":"publish","type":"page","link":"https:\/\/www.femmeharmone.com\/eng\/a-noi-dimenzio\/iii-evfolyam-1-szam\/tancmuveszet7\/sziraky-gabor-teli-rege\/","title":{"rendered":"<em>Szir\u00e1ky G\u00e1bor:<\/em> T\u00e9li rege"},"content":{"rendered":"<figure class=\"wp-block-embed aligncenter is-type-video is-provider-youtube wp-block-embed-youtube wp-embed-aspect-16-9 wp-has-aspect-ratio\"><div class=\"wp-block-embed__wrapper\">\n<iframe loading=\"lazy\" title=\"Gabor Sziraky: T\u00e9li rege\" width=\"750\" height=\"422\" src=\"https:\/\/www.youtube.com\/embed\/xSdQtHeJvgs?feature=oembed\" frameborder=\"0\" allow=\"accelerometer; autoplay; clipboard-write; encrypted-media; gyroscope; picture-in-picture; web-share\" allowfullscreen><\/iframe>\n<\/div><\/figure>\n\n\n\n<p><strong>William Shakespeare: T\u00e9li rege (4. felvon\u00e1s, 1. jelenet)<\/strong><\/p>\n\n\n\n<p><strong>Rendez\u0151 \u00e9s koreogr\u00e1fus: Szir\u00e1ky G\u00e1bor<\/strong><\/p>\n\n\n\n<p><strong>Zene: Sounds of Saturn, Windbells<\/strong><\/p>\n\n\n\n<p><strong>Sz\u00edn\u00e9sz: Horv\u00e1th K\u00e1roly<\/strong><\/p>\n\n\n\n<p><strong>Sz\u00f3lista: T\u00f3th Karolina<\/strong><\/p>\n\n\n\n<p><strong>Vide\u00f3: G\u00e1bor Andr\u00e1s, L\u00e1szl\u00f3 P\u00e9ter<\/strong><\/p>\n\n\n\n<div style=\"height:100px\" aria-hidden=\"true\" class=\"wp-block-spacer\"><\/div>\n\n\n<p>Szir\u00e1ky G\u00e1bor filmet\u0171djeinek eszk\u00f6zt\u00e1ra m\u00e1r a m\u00e9retkorl\u00e1tokn\u00e1l fogva sem engedi a lehet\u0151s\u00e9gek burj\u00e1nz\u00e1s\u00e1t. Az alkot\u00e1s kih\u00edv\u00e1sa \u00e9ppen az, hogy balettre avagy \u00e1ltal\u00e1nosabb \u00e9rtelemben mozg\u00e1sm\u0171v\u00e9szetre alapozott 5-10 perces felv\u00e9telben mik\u00e9nt lehet egy kerek, eg\u00e9sz mondanival\u00f3t \u00e1tadni a n\u00e9z\u0151nek. Ilyen id\u0151keretbe a dolog term\u00e9szet\u00e9n\u00e9l fogva nem f\u00e9r bele epikus mondanival\u00f3, s ilyenform\u00e1n el\u0151t\u00e9rbe ker\u00fcl a balett term\u00e9szet\u00e9ben egy\u00e9bk\u00e9nt is k\u00e9szs\u00e9gszinten k\u00edn\u00e1lkoz\u00f3, absztrakt szimbolik\u00e1k alkalmaz\u00e1sa. Egy alkot\u00e1sban a szimb\u00f3lumok abban az esetben m\u0171k\u00f6dnek rendeltet\u00e9s\u00fcknek megfelel\u0151en, ha a n\u00e9z\u0151nek nem megfejteni \u00e9s azonos\u00edtani kell, hanem k\u00f6zvetlen\u00fcl hatnak az archetipikus tudati r\u00e9tegeire. Egy-egy j\u00f3l megform\u00e1lt mozdulatsor adekv\u00e1t jelent\u00e9shordoz\u00f3ja lehet a k\u00e9ts\u00e9gbees\u00e9snek vagy az \u00f6r\u00f6mnek, s a kell\u0151 hangs\u00fallyal elhelyezett diszpoz\u00edci\u00f3t k\u00f6vet\u0151en hat\u00e1rozott, b\u00e1r elvont tartalmakon vezetheti a figyelmet.<\/p>\n<p>A n\u00e9z\u0151 helyzete egyszerre k\u00f6nny\u0171 \u00e9s neh\u00e9z is. K\u00f6nny\u0171, amennyiben szabadon meg tudja nyitni mag\u00e1t a l\u00e1tv\u00e1ny befogad\u00e1s\u00e1ra, mert ez esetben csak hagyni kell hatni a m\u0171vet. Neh\u00e9z viszont, ha a hangol\u00f3d\u00e1st kor\u00e1bbi \u00e9lm\u00e9nyek, elv\u00e1r\u00e1sok, sztereot\u00edpi\u00e1k befoly\u00e1solj\u00e1k, \u00e9s sz\u00e9tt\u00f6rik, vagy egy\u00e1ltal\u00e1n nem engedik \u00e9rv\u00e9nyes\u00fclni a l\u00e1tv\u00e1ny absztrakt szintj\u00e9t.<\/p>\n<p>Szir\u00e1ky G\u00e1bor nagy gonddal \u00e9p\u00edti fel filmet\u0171djei jelent\u00e9sr\u00e9tegeit, \u00e9s olyan apr\u00f3 r\u00e9szletekben is szimbolik\u00e1kat m\u0171k\u00f6dtet, amelyek jelenl\u00e9te esetleg csak a film t\u00f6bbsz\u00f6ri megtekint\u00e9s\u00e9t k\u00f6vet\u0151en tudatos\u00edthat\u00f3. \u00c9rdemes v\u00e1llalkozni a mozdulatok finoms\u00e1gaiban, a f\u00e9nyek, hangok \u00f6sszj\u00e1t\u00e9k\u00e1nak r\u00e9szleteiben rejl\u0151 gazdag tartalmak felder\u00edt\u00e9s\u00e9re. A fentieknek megfelel\u0151en nem fog szem\u00fcnk el\u00e9 t\u00e1rulni Shakespeare dr\u00e1m\u00e1j\u00e1nak esem\u00e9nyhorizontja, azonban Perdita beh\u00edv mag\u00e1hoz benn\u00fcnket a koordin\u00e1latlan id\u0151 v\u00e9gtelenj\u00e9be, a rege problematik\u00e1j\u00e1nak \u00f6r\u00f6k jelenl\u00e9t\u00e9be.<\/p>\n<p><\/p>\n<p style=\"text-align: right;\"><em>(Szerk.)<\/em><\/p>\n\n\n<div style=\"height:100px\" aria-hidden=\"true\" class=\"wp-block-spacer\"><\/div>","protected":false},"excerpt":{"rendered":"<p>William Shakespeare: T\u00e9li rege (4. felvon\u00e1s, 1. jelenet) Rendez\u0151 \u00e9s koreogr\u00e1fus: Szir\u00e1ky G\u00e1bor Zene: Sounds of Saturn, Windbells Sz\u00edn\u00e9sz: Horv\u00e1th K\u00e1roly Sz\u00f3lista: T\u00f3th Karolina Vide\u00f3: G\u00e1bor Andr\u00e1s, L\u00e1szl\u00f3 P\u00e9ter Szir\u00e1ky G\u00e1bor filmet\u0171djeinek eszk\u00f6zt\u00e1ra m\u00e1r a m\u00e9retkorl\u00e1tokn\u00e1l fogva sem engedi a lehet\u0151s\u00e9gek burj\u00e1nz\u00e1s\u00e1t. Az alkot\u00e1s kih\u00edv\u00e1sa \u00e9ppen az, hogy balettre avagy \u00e1ltal\u00e1nosabb \u00e9rtelemben mozg\u00e1sm\u0171v\u00e9szetre alapozott 5-10&hellip;<\/p>","protected":false},"author":1,"featured_media":0,"parent":4066,"menu_order":1,"comment_status":"closed","ping_status":"closed","template":"page-article.php","meta":{"inline_featured_image":false,"footnotes":""},"categories":[],"tags":[],"_links":{"self":[{"href":"https:\/\/www.femmeharmone.com\/eng\/wp-json\/wp\/v2\/pages\/4103"}],"collection":[{"href":"https:\/\/www.femmeharmone.com\/eng\/wp-json\/wp\/v2\/pages"}],"about":[{"href":"https:\/\/www.femmeharmone.com\/eng\/wp-json\/wp\/v2\/types\/page"}],"author":[{"embeddable":true,"href":"https:\/\/www.femmeharmone.com\/eng\/wp-json\/wp\/v2\/users\/1"}],"replies":[{"embeddable":true,"href":"https:\/\/www.femmeharmone.com\/eng\/wp-json\/wp\/v2\/comments?post=4103"}],"version-history":[{"count":4,"href":"https:\/\/www.femmeharmone.com\/eng\/wp-json\/wp\/v2\/pages\/4103\/revisions"}],"predecessor-version":[{"id":4245,"href":"https:\/\/www.femmeharmone.com\/eng\/wp-json\/wp\/v2\/pages\/4103\/revisions\/4245"}],"up":[{"embeddable":true,"href":"https:\/\/www.femmeharmone.com\/eng\/wp-json\/wp\/v2\/pages\/4066"}],"wp:attachment":[{"href":"https:\/\/www.femmeharmone.com\/eng\/wp-json\/wp\/v2\/media?parent=4103"}],"wp:term":[{"taxonomy":"category","embeddable":true,"href":"https:\/\/www.femmeharmone.com\/eng\/wp-json\/wp\/v2\/categories?post=4103"},{"taxonomy":"post_tag","embeddable":true,"href":"https:\/\/www.femmeharmone.com\/eng\/wp-json\/wp\/v2\/tags?post=4103"}],"curies":[{"name":"wp","href":"https:\/\/api.w.org\/{rel}","templated":true}]}}