{"id":4107,"date":"2024-03-07T13:33:41","date_gmt":"2024-03-07T13:33:41","guid":{"rendered":"https:\/\/www.femmeharmone.com\/?page_id=4107"},"modified":"2024-03-07T17:10:38","modified_gmt":"2024-03-07T17:10:38","slug":"suto-zoltan-az-elveszett-paradicsom-gondolatok-nagy-gabor-miklos-kolteszeterol","status":"publish","type":"page","link":"https:\/\/www.femmeharmone.com\/eng\/a-noi-dimenzio\/iii-evfolyam-1-szam\/irodalom7\/suto-zoltan-az-elveszett-paradicsom-gondolatok-nagy-gabor-miklos-kolteszeterol\/","title":{"rendered":"<em>S\u00fct\u0151 Zolt\u00e1n:<\/em> Az elveszett paradicsom \u2013 Gondolatok Nagy G\u00e1bor Mikl\u00f3s k\u00f6lt\u00e9szet\u00e9r\u0151l"},"content":{"rendered":"<div style=\"height:100px\" aria-hidden=\"true\" class=\"wp-block-spacer\"><\/div>\n\n\n\n<div data-wp-interactive=\"core\/file\" class=\"wp-block-file\"><object data-wp-bind--hidden=\"!state.hasPdfPreview\"  class=\"wp-block-file__embed\" data=\"https:\/\/www.femmeharmone.com\/wp-content\/uploads\/2024\/03\/AND7_2023_Tavasz_v2_0_Suto_Z.pdf\" type=\"application\/pdf\" style=\"width:100%;height:1500px\" aria-label=\"Embed of AND7_2023_Tavasz_v2_0_Suto_Z.\"><\/object><a id=\"wp-block-file--media-dd40a7b2-8a18-4ce4-a0cd-b9a9dea12a7f\" href=\"https:\/\/www.femmeharmone.com\/wp-content\/uploads\/2024\/03\/AND7_2023_Tavasz_v2_0_Suto_Z.pdf\">AND7_2023_Tavasz_v2_0_Suto_Z<\/a><a href=\"https:\/\/www.femmeharmone.com\/wp-content\/uploads\/2024\/03\/AND7_2023_Tavasz_v2_0_Suto_Z.pdf\" class=\"wp-block-file__button wp-element-button\" download aria-describedby=\"wp-block-file--media-dd40a7b2-8a18-4ce4-a0cd-b9a9dea12a7f\">Let\u00f6lt\u00e9s<\/a><\/div>","protected":false},"excerpt":{"rendered":"","protected":false},"author":1,"featured_media":0,"parent":4069,"menu_order":1,"comment_status":"closed","ping_status":"closed","template":"page-article.php","meta":{"inline_featured_image":false,"footnotes":""},"categories":[],"tags":[],"_links":{"self":[{"href":"https:\/\/www.femmeharmone.com\/eng\/wp-json\/wp\/v2\/pages\/4107"}],"collection":[{"href":"https:\/\/www.femmeharmone.com\/eng\/wp-json\/wp\/v2\/pages"}],"about":[{"href":"https:\/\/www.femmeharmone.com\/eng\/wp-json\/wp\/v2\/types\/page"}],"author":[{"embeddable":true,"href":"https:\/\/www.femmeharmone.com\/eng\/wp-json\/wp\/v2\/users\/1"}],"replies":[{"embeddable":true,"href":"https:\/\/www.femmeharmone.com\/eng\/wp-json\/wp\/v2\/comments?post=4107"}],"version-history":[{"count":3,"href":"https:\/\/www.femmeharmone.com\/eng\/wp-json\/wp\/v2\/pages\/4107\/revisions"}],"predecessor-version":[{"id":4229,"href":"https:\/\/www.femmeharmone.com\/eng\/wp-json\/wp\/v2\/pages\/4107\/revisions\/4229"}],"up":[{"embeddable":true,"href":"https:\/\/www.femmeharmone.com\/eng\/wp-json\/wp\/v2\/pages\/4069"}],"wp:attachment":[{"href":"https:\/\/www.femmeharmone.com\/eng\/wp-json\/wp\/v2\/media?parent=4107"}],"wp:term":[{"taxonomy":"category","embeddable":true,"href":"https:\/\/www.femmeharmone.com\/eng\/wp-json\/wp\/v2\/categories?post=4107"},{"taxonomy":"post_tag","embeddable":true,"href":"https:\/\/www.femmeharmone.com\/eng\/wp-json\/wp\/v2\/tags?post=4107"}],"curies":[{"name":"wp","href":"https:\/\/api.w.org\/{rel}","templated":true}]}}