{"id":4113,"date":"2024-03-07T13:39:38","date_gmt":"2024-03-07T13:39:38","guid":{"rendered":"https:\/\/www.femmeharmone.com\/?page_id=4113"},"modified":"2024-03-08T16:57:41","modified_gmt":"2024-03-08T16:57:41","slug":"balassi-balint-negyvenhetedik-item-inventio-poetica-az-o-szerelmenekorok-es-maradando-voltarol","status":"publish","type":"page","link":"https:\/\/www.femmeharmone.com\/eng\/a-noi-dimenzio\/iii-evfolyam-1-szam\/irodalom7\/balassi-balint-negyvenhetedik-item-inventio-poetica-az-o-szerelmenekorok-es-maradando-voltarol\/","title":{"rendered":"Balassi B\u00e1lint: Negyvenhetedik \u2013 Item Inventio Poetica: Az \u0151 szerelm\u00e9nek \u00f6r\u00f6k \u00e9s maradand\u00f3 volt\u00e1r\u00f3l"},"content":{"rendered":"<div style=\"height:100px\" aria-hidden=\"true\" class=\"wp-block-spacer\"><\/div>\n\n\n\n<div data-wp-interactive=\"core\/file\" class=\"wp-block-file\"><object data-wp-bind--hidden=\"!state.hasPdfPreview\"  class=\"wp-block-file__embed\" data=\"https:\/\/www.femmeharmone.com\/wp-content\/uploads\/2024\/03\/AND7_2023_Tavasz_v2_0_Balassi_B.pdf\" type=\"application\/pdf\" style=\"width:100%;height:1500px\" aria-label=\"Embed of AND7_2023_Tavasz_v2_0_Balassi_B.\"><\/object><a id=\"wp-block-file--media-a46d6aac-ae8a-415e-bb2d-d7829c6937fb\" href=\"https:\/\/www.femmeharmone.com\/wp-content\/uploads\/2024\/03\/AND7_2023_Tavasz_v2_0_Balassi_B.pdf\">AND7_2023_Tavasz_v2_0_Balassi_B<\/a><a href=\"https:\/\/www.femmeharmone.com\/wp-content\/uploads\/2024\/03\/AND7_2023_Tavasz_v2_0_Balassi_B.pdf\" class=\"wp-block-file__button wp-element-button\" download aria-describedby=\"wp-block-file--media-a46d6aac-ae8a-415e-bb2d-d7829c6937fb\">Let\u00f6lt\u00e9s<\/a><\/div>","protected":false},"excerpt":{"rendered":"","protected":false},"author":1,"featured_media":0,"parent":4069,"menu_order":3,"comment_status":"closed","ping_status":"closed","template":"page-article.php","meta":{"inline_featured_image":false,"footnotes":""},"categories":[],"tags":[],"_links":{"self":[{"href":"https:\/\/www.femmeharmone.com\/eng\/wp-json\/wp\/v2\/pages\/4113"}],"collection":[{"href":"https:\/\/www.femmeharmone.com\/eng\/wp-json\/wp\/v2\/pages"}],"about":[{"href":"https:\/\/www.femmeharmone.com\/eng\/wp-json\/wp\/v2\/types\/page"}],"author":[{"embeddable":true,"href":"https:\/\/www.femmeharmone.com\/eng\/wp-json\/wp\/v2\/users\/1"}],"replies":[{"embeddable":true,"href":"https:\/\/www.femmeharmone.com\/eng\/wp-json\/wp\/v2\/comments?post=4113"}],"version-history":[{"count":4,"href":"https:\/\/www.femmeharmone.com\/eng\/wp-json\/wp\/v2\/pages\/4113\/revisions"}],"predecessor-version":[{"id":4272,"href":"https:\/\/www.femmeharmone.com\/eng\/wp-json\/wp\/v2\/pages\/4113\/revisions\/4272"}],"up":[{"embeddable":true,"href":"https:\/\/www.femmeharmone.com\/eng\/wp-json\/wp\/v2\/pages\/4069"}],"wp:attachment":[{"href":"https:\/\/www.femmeharmone.com\/eng\/wp-json\/wp\/v2\/media?parent=4113"}],"wp:term":[{"taxonomy":"category","embeddable":true,"href":"https:\/\/www.femmeharmone.com\/eng\/wp-json\/wp\/v2\/categories?post=4113"},{"taxonomy":"post_tag","embeddable":true,"href":"https:\/\/www.femmeharmone.com\/eng\/wp-json\/wp\/v2\/tags?post=4113"}],"curies":[{"name":"wp","href":"https:\/\/api.w.org\/{rel}","templated":true}]}}