{"id":4120,"date":"2024-03-07T13:46:42","date_gmt":"2024-03-07T13:46:42","guid":{"rendered":"https:\/\/www.femmeharmone.com\/?page_id=4120"},"modified":"2024-03-07T17:24:26","modified_gmt":"2024-03-07T17:24:26","slug":"palos-rend-rostas-laszlo-ybl-dijas-epitesszel-suto-zoltan-beszelget","status":"publish","type":"page","link":"https:\/\/www.femmeharmone.com\/eng\/a-noi-dimenzio\/iii-evfolyam-1-szam\/muvelodestortenet7\/palos-rend-rostas-laszlo-ybl-dijas-epitesszel-suto-zoltan-beszelget\/","title":{"rendered":"P\u00e1los rend \u2013 Rost\u00e1s L\u00e1szl\u00f3 Ybl-d\u00edjas \u00e9p\u00edt\u00e9sszel S\u00fct\u0151 Zolt\u00e1n besz\u00e9lget"},"content":{"rendered":"<h2 class=\"wp-block-heading has-text-align-center\"><strong>P\u00e1los rend <\/strong><\/h2>\n\n\n\n<h3 class=\"wp-block-heading has-text-align-center\"><strong>Rost\u00e1s L\u00e1szl\u00f3 Ybl-d\u00edjas \u00e9p\u00edt\u00e9sszel S\u00fct\u0151 Zolt\u00e1n besz\u00e9lget<\/strong><\/h3>\n\n\n\n<div style=\"height:30px\" aria-hidden=\"true\" class=\"wp-block-spacer\"><\/div>\n\n\n\n<p>A p\u00e1los rendr\u0151l nem v\u00e9letlen\u00fcl kering sz\u00e1mos legenda. Az okok els\u0151 r\u00e9tege mindj\u00e1rt a magyars\u00e1g K\u00e1rp\u00e1t-medenc\u00e9be t\u00f6rt\u00e9n\u0151 bej\u00f6vetel\u00e9nek (Kr. u. 895?) kor\u00e1ra vezethet\u0151 vissza, minekut\u00e1na a mai napig tiszt\u00e1zatlan az akkori n\u00e9pess\u00e9g vall\u00e1si hovatartoz\u00e1sa.<br>A legelnagyoltabb k\u00e9p \u2013 a nyereg alatt h\u00fast puh\u00edt\u00f3 barb\u00e1r hord\u00e1r\u00f3l \u2013 ezzel a k\u00e9rd\u00e9ssel egy\u00e1ltal\u00e1n nem foglalkozott. Ehhez k\u00e9pest a 20. sz\u00e1zad elej\u00e9t\u0151l dat\u00e1lhat\u00f3 ig\u00e9nyesebb kutat\u00e1sok m\u00e1r \u00f6sszetettebb, \u00e9s egyben fejlettebb vall\u00e1sok egym\u00e1s mellett \u00e9l\u00e9s\u00e9r\u0151l tesznek eml\u00edt\u00e9st, m\u00edg az 1980-as \u00e9vekt\u0151l a bevonul\u00f3 magyars\u00e1g kereszt\u00e9nys\u00e9ge is felmer\u00fclt. Ez ut\u00f3bbi k\u00f6r\u00fcl az\u00f3ta is maradtak \u00e9rtelmez\u00e9si bizonytalans\u00e1gok, l\u00e9v\u00e9n a szerz\u0151k hivatkoz\u00e1si alapj\u00e1t a felt\u00e1rt s\u00edrokban tal\u00e1lt keresztekre alapozz\u00e1k. A jelens\u00e9g t\u00e9nyleg felt\u0171n\u0151, \u00e9s ig\u00e9nyel \u00e9rdemi \u00e9rtelmez\u00e9st, azonban a leletek alatt minden esetben egyenl\u0151 sz\u00e1r\u00fa keresztet kell \u00e9rteni, s ezek alapj\u00e1n a magyaroknak a mai \u00e9rtelemben vett kereszt\u00e9nys\u00e9get tulajdon\u00edtani vagy esetleg csak a mai haszn\u00e1lat szerinti \u201ekereszt\u00e9ny\u201d sz\u00f3t vall\u00e1suk azonos\u00edt\u00e1sak\u00e9nt haszn\u00e1lni, zavaros elk\u00e9pzel\u00e9sek el\u0151tt nyit utat. Az egyenl\u0151 sz\u00e1r\u00fa kereszt mint szimb\u00f3lum, semmik\u00e9pp nem tekinthet\u0151 azonosnak az egyenl\u0151tlen sz\u00e1r\u00fa kereszttel \u2013 mely ut\u00f3bbi mintegy 2000 \u00e9ve a mai \u00e9rtelemben vett kereszt\u00e9nys\u00e9g szimb\u00f3luma.<\/p>\n\n\n\n<p>Felmer\u00fclt ezzel kapcsolatban a manicheus kereszt\u00e9nys\u00e9g lehet\u0151s\u00e9ge is, nem felt\u00e9tlen alaptalanul, l\u00e9v\u00e9n a manicheizmus a kereszt\u00e9nys\u00e9g zoroasztrizmus szerint \u00e1t\u00e9rtelmezett le\u00e1gaz\u00e1sa, mely \u00fagy a Perzsa Birodalom k\u00f6rnyezet\u00e9ben, mint k\u00e9s\u0151bb is vissza-visszat\u00e9r\u0151en \u00e9reztette hat\u00e1s\u00e1t eg\u00e9szen Nyugat-Eur\u00f3p\u00e1val bez\u00e1r\u00f3lag (bogumilok, katarok, huszit\u00e1k). Ez id\u00e1ig azonban nem ker\u00fclt el\u0151 olyan forr\u00e1s, ami alapj\u00e1n a k\u00e9rd\u00e9s megnyugtat\u00f3an tiszt\u00e1zhat\u00f3 lenne.<\/p>\n\n\n\n<p>A helyzetet a dolog term\u00e9szete szerint m\u00e9g probl\u00e9m\u00e1sabb\u00e1 teszi, hogy az adott korban Magyarorsz\u00e1g megfelel\u0151 er\u0151vel rendelkezett a k\u00fcls\u0151 befoly\u00e1sok kiz\u00e1r\u00e1s\u00e1hoz, s \u00e9pp csak elkezd\u0151d\u00f6tt az orsz\u00e1g integr\u00e1l\u00e1sa az \u00faj vall\u00e1si k\u00f6rnyezethez. A v\u00e9g\u00fcl nyilv\u00e1nval\u00f3an er\u0151szakos kereszt\u00e9ny t\u00e9r\u00edt\u00e9sb\u0151l k\u00f6vetkez\u0151 bels\u0151 visz\u00e1lyok ismertek, \u00e9s nyilv\u00e1nval\u00f3, hogy voltak t\u00f6rekv\u00e9sek az egyel\u0151re jelenleg hom\u00e1lyban l\u00e9v\u0151 hagyom\u00e1ny valamilyen \u00e1t\u00f6r\u00f6k\u00edt\u00e9s\u00e9re az imm\u00e1r elker\u00fclhetetlen kereszt\u00e9nys\u00e9g eszmerendszer\u00e9be. Sokak szerint az 1215-t\u0151l, Boldog \u00d6zs\u00e9b \u00e1ltal ind\u00edtv\u00e1nyozott rendalap\u00edt\u00e1s \u2013 mely p\u00e1los rendk\u00e9nt 1250-ben nyert a Szentsz\u00e9kt\u0151l hivatalos elismerts\u00e9get \u2013 \u00e9ppen egy ilyen t\u00f6rekv\u00e9s eredm\u00e9nye volt.<\/p>\n\n\n\n<p>T\u00e9ny, hogy a p\u00e1los rend ezt k\u00f6vet\u0151en jelent\u0151s szerepet j\u00e1tszott a mindenkori uralkod\u00f3 k\u00f6rnyezet\u00e9ben, bele\u00e9rtve az uralkod\u00f3k sz\u0171kebb csal\u00e1di k\u00f6tel\u00e9k\u00e9be tartoz\u00f3 gyermekek nevel\u00e9s\u00e9t is. T\u00e9ny, hogy k\u00fcl\u00f6n\u00f6s \u00e9s elt\u00e9r\u0151 a t\u00f6bbi kereszt\u00e9ny rendhez k\u00e9pest<br>a n\u00e9vv\u00e1laszt\u00e1shoz k\u00f6t\u0151d\u0151 szellemis\u00e9g, l\u00e9v\u00e9n Th\u00e9bai Szent P\u00e1l remete volt, \u00e9s n\u00e9vad\u00f3j\u00e1hoz h\u0171en a p\u00e1los rend is t\u00e1mogatta a remete \u00e9let- \u00e9s kontempl\u00e1ci\u00f3s gyakorlatot. Mindez a vele j\u00e1r\u00f3 titokzatoss\u00e1g miatt nyilv\u00e1n m\u00e1r a maga kor\u00e1ban is alkalmat k\u00edn\u00e1lt \u2013 alappal \u00e9s alap n\u00e9lk\u00fcl egyar\u00e1nt \u2013 a rend k\u00f6r\u00fcli legend\u00e1k megjelen\u00e9s\u00e9re. Ezt a k\u00e9sztet\u00e9st pedig tov\u00e1bb fokozta II. J\u00f3zsefnek a rend teljes ellehetetlen\u00edt\u00e9s\u00e9re, betilt\u00e1s\u00e1ra tett k\u00eds\u00e9rlete, ami egy\u00e9bk\u00e9nt vagyon\u00e1nak teljes elkobz\u00e1s\u00e1val j\u00e1rt. A szerzetesek illegalit\u00e1sba k\u00e9nyszer\u00fcltek, s csak a lengyelorsz\u00e1gi oldal\u00e1g tarthatta meg nyilv\u00e1nos m\u0171k\u00f6d\u00e9s\u00e9t. B\u00e1r a k\u00e9t vil\u00e1gh\u00e1bor\u00fa k\u00f6z\u00f6tt lengyel szerzetesekkel megt\u00f6rt\u00e9nt a rend visszatelep\u00edt\u00e9se, ennek azonban a szovjet uralom vetett v\u00e9get. M\u00e1sod\u00edzben n\u00e9h\u00e1ny ingatlan visszaad\u00e1s\u00e1t k\u00f6vet\u0151en 1989-t\u0151l vette kezdet\u00e9t az \u00fajra\u00e9led\u00e9s. Azonban a rend lengyelorsz\u00e1gi le\u00e1gaz\u00e1sa nem tartalmazta \u00e9s nem is tartalmazhatta az alap\u00edt\u00f3i hagyom\u00e1nyt \u00e9s gyakorlatot, hanem hasonult az eur\u00f3pai rendek szok\u00e1sos rendtart\u00e1si gyakorlat\u00e1hoz. Ilyen m\u00f3don a visszatelep\u00edtett rend nem tud \u00e9s nem tudhat az eredeti p\u00e1los hagyom\u00e1ny m\u00e9lt\u00e1n felt\u0171n\u00e9st kelt\u0151, eml\u00e9kezetben \u00e9s \u00edr\u00e1sos nyomokban itt-ott meg\u0151rz\u00f6tt fragmentumair\u00f3l.<\/p>\n\n\n\n<p>A t\u00e1rgy fontoss\u00e1ga \u00e9s \u00e9rdekess\u00e9ge indokoln\u00e1, hogy a m\u00e9g el\u00e9rhet\u0151 t\u00e1rgyi \u00e9s nyelveml\u00e9kek rendszerezett felt\u00e1r\u00e1sa int\u00e9zm\u00e9nyi keretek k\u00f6z\u00f6tt megkezd\u0151dj\u00f6n. Erre azonban bizony\u00e1ra m\u00e9g v\u00e1rni kell. Ugyanakkor l\u00e9trej\u00f6ttek mag\u00e1nkezdem\u00e9nyez\u00e9sek, melyek lehet\u0151s\u00e9geik szerint saj\u00e1t koncepci\u00f3val v\u00e1llalkoznak a m\u00falt \u00e9rtelmez\u00e9s\u00e9re. Rost\u00e1s L\u00e1szl\u00f3 \u00e9p\u00edt\u00e9szm\u00e9rn\u00f6k jutott tal\u00e1n legmesszebb. Szisztematikus gy\u0171jt\u0151munk\u00e1ja eredm\u00e9nyek\u00e9nt nagy mennyis\u00e9g\u0171 \u00edr\u00e1sos \u00e9s t\u00e1rgyi anyagra t\u00e1maszkodik, s kitart\u00e1sa eredm\u00e9nyek\u00e9nt egyre tiszt\u00e1bb mozaikj\u00e1t lehet kirakni a messze m\u00faltba vezet\u0151 hagyom\u00e1nynak. A mell\u00e9kelt vide\u00f3ban v\u00e9lem\u00e9ny\u00e9nek tiszteletben tart\u00e1sa mellett igyekezt\u00fcnk elgondol\u00e1sair\u00f3l \u00e1tfog\u00f3 k\u00e9pet adni.<\/p>\n\n\n\n<div style=\"height:100px\" aria-hidden=\"true\" class=\"wp-block-spacer\"><\/div>\n\n\n\n<figure class=\"wp-block-embed aligncenter is-type-video is-provider-youtube wp-block-embed-youtube wp-embed-aspect-16-9 wp-has-aspect-ratio\"><div class=\"wp-block-embed__wrapper\">\n<iframe loading=\"lazy\" title=\"P\u00e1los rend \u2013 Rost\u00e1s L\u00e1szl\u00f3 Ybl-d\u00edjas \u00e9p\u00edt\u00e9sz, p\u00e1los rend kutat\u00f3val S\u00fct\u0151 Zolt\u00e1n besz\u00e9lget\" width=\"750\" height=\"422\" src=\"https:\/\/www.youtube.com\/embed\/NG2PwrFWtBI?feature=oembed\" frameborder=\"0\" allow=\"accelerometer; autoplay; clipboard-write; encrypted-media; gyroscope; picture-in-picture; web-share\" allowfullscreen><\/iframe>\n<\/div><\/figure>\n\n\n\n<div style=\"height:100px\" aria-hidden=\"true\" class=\"wp-block-spacer\"><\/div>","protected":false},"excerpt":{"rendered":"<p>P\u00e1los rend Rost\u00e1s L\u00e1szl\u00f3 Ybl-d\u00edjas \u00e9p\u00edt\u00e9sszel S\u00fct\u0151 Zolt\u00e1n besz\u00e9lget A p\u00e1los rendr\u0151l nem v\u00e9letlen\u00fcl kering sz\u00e1mos legenda. Az okok els\u0151 r\u00e9tege mindj\u00e1rt a magyars\u00e1g K\u00e1rp\u00e1t-medenc\u00e9be t\u00f6rt\u00e9n\u0151 bej\u00f6vetel\u00e9nek (Kr. u. 895?) kor\u00e1ra vezethet\u0151 vissza, minekut\u00e1na a mai napig tiszt\u00e1zatlan az akkori n\u00e9pess\u00e9g vall\u00e1si hovatartoz\u00e1sa.A legelnagyoltabb k\u00e9p \u2013 a nyereg alatt h\u00fast puh\u00edt\u00f3 barb\u00e1r hord\u00e1r\u00f3l \u2013 ezzel&hellip;<\/p>","protected":false},"author":1,"featured_media":0,"parent":4073,"menu_order":1,"comment_status":"closed","ping_status":"closed","template":"page-article.php","meta":{"inline_featured_image":false,"footnotes":""},"categories":[],"tags":[],"_links":{"self":[{"href":"https:\/\/www.femmeharmone.com\/eng\/wp-json\/wp\/v2\/pages\/4120"}],"collection":[{"href":"https:\/\/www.femmeharmone.com\/eng\/wp-json\/wp\/v2\/pages"}],"about":[{"href":"https:\/\/www.femmeharmone.com\/eng\/wp-json\/wp\/v2\/types\/page"}],"author":[{"embeddable":true,"href":"https:\/\/www.femmeharmone.com\/eng\/wp-json\/wp\/v2\/users\/1"}],"replies":[{"embeddable":true,"href":"https:\/\/www.femmeharmone.com\/eng\/wp-json\/wp\/v2\/comments?post=4120"}],"version-history":[{"count":3,"href":"https:\/\/www.femmeharmone.com\/eng\/wp-json\/wp\/v2\/pages\/4120\/revisions"}],"predecessor-version":[{"id":4248,"href":"https:\/\/www.femmeharmone.com\/eng\/wp-json\/wp\/v2\/pages\/4120\/revisions\/4248"}],"up":[{"embeddable":true,"href":"https:\/\/www.femmeharmone.com\/eng\/wp-json\/wp\/v2\/pages\/4073"}],"wp:attachment":[{"href":"https:\/\/www.femmeharmone.com\/eng\/wp-json\/wp\/v2\/media?parent=4120"}],"wp:term":[{"taxonomy":"category","embeddable":true,"href":"https:\/\/www.femmeharmone.com\/eng\/wp-json\/wp\/v2\/categories?post=4120"},{"taxonomy":"post_tag","embeddable":true,"href":"https:\/\/www.femmeharmone.com\/eng\/wp-json\/wp\/v2\/tags?post=4120"}],"curies":[{"name":"wp","href":"https:\/\/api.w.org\/{rel}","templated":true}]}}