{"id":4125,"date":"2024-03-07T14:16:25","date_gmt":"2024-03-07T14:16:25","guid":{"rendered":"https:\/\/www.femmeharmone.com\/?page_id=4125"},"modified":"2024-03-07T16:21:22","modified_gmt":"2024-03-07T16:21:22","slug":"major-gyongyi-az-ismeretelmeleti-kuszobok-konferencia-resztvevoinek-koszontese","status":"publish","type":"page","link":"https:\/\/www.femmeharmone.com\/eng\/a-noi-dimenzio\/iii-evfolyam-1-szam\/tudomany7\/major-gyongyi-az-ismeretelmeleti-kuszobok-konferencia-resztvevoinek-koszontese\/","title":{"rendered":"<em>Major Gy\u00f6ngyi:<\/em> The <em>Ismeretelm\u00e9leti k\u00fcsz\u00f6b\u00f6k<\/em> konferencia r\u00e9sztvev\u0151inek k\u00f6sz\u00f6nt\u00e9se"},"content":{"rendered":"<p class=\"has-text-align-center\"><em>Tudom\u00e1ny rovatunk a 2023. febru\u00e1r 2-\u00e1n Ismeretelm\u00e9leti k\u00fcsz\u00f6b\u00f6k \u2013 Bal\u00e1zs J\u00falia eml\u00e9knap c\u00edmmel megrendezett konferenci\u00e1nkra f\u00f3kusz\u00e1l.<\/em><\/p>\n\n\n\n<div style=\"height:100px\" aria-hidden=\"true\" class=\"wp-block-spacer\"><\/div>\n\n\n\n<p class=\"has-text-align-left\">Tisztelt H\u00f6lgyek \u00e9s Urak!<\/p>\n\n\n\n<p>Szeretettel k\u00f6sz\u00f6nt\u00f6m Bal\u00e1zs J\u00falia csal\u00e1dj\u00e1t, el\u0151ad\u00f3inkat, kedves vend\u00e9geinket \u00e9s minden \u00e9rdekl\u0151d\u0151t.<\/p>\n\n\n\n<p>Ann\u00e1l is ink\u00e1bb nagy v\u00e1rakoz\u00e1ssal tekintek erre a konferenci\u00e1ra, mert \u2013 \u00f6nz\u0151 m\u00f3don \u2013 val\u00f3j\u00e1ban a gyermekkorom \u00f3ta velem \u00e9l\u0151 k\u00e9rd\u00e9s k\u00f6r\u00e9 igyekeztem szervezni minden megnyilv\u00e1nul\u00e1somat, ez pedig \u00e1ltal\u00e1ban v\u00e9ve az \u201eigazs\u00e1g\u201d meglehet\u0151sen k\u00e9nyes k\u00e9rd\u00e9se. J\u00f3llehet ma az \u00e1ltal\u00e1nos megk\u00f6zel\u00edt\u00e9sen bel\u00fcl a \u201etudom\u00e1nyos igazs\u00e1g\u201d probl\u00e9m\u00e1j\u00e1t fogjuk k\u00f6rbej\u00e1rni, \u00e9s term\u00e9szetesen nem valamif\u00e9le \u201ev\u00e9gs\u0151 \u00e9s abszol\u00fat tanuls\u00e1g\u201d levon\u00e1s\u00e1nak ig\u00e9ny\u00e9vel, azonban rem\u00e9lhet\u0151leg n\u00e9h\u00e1ny \u00e9rtelmez\u00e9si \u00e1rnyalattal gazdagabban fogjuk befejezni ezt az est\u00e9t.<\/p>\n\n\n\n<p>M\u00e1sr\u00e9szr\u0151l pedig ennek a konferenci\u00e1nak k\u00e9t aktualit\u00e1sa is van. Az egyik, hogy ma van Bal\u00e1zs J\u00fali\u00e1nak, az els\u0151 magyar csillag\u00e1szn\u0151nek a sz\u00fclet\u00e9snapja, akinek \u00e9let\u00fatj\u00e1val, jelent\u0151s\u00e9g\u00e9vel m\u00e1r a kor\u00e1bbiakban is foglalkoztunk. Ennek a sz\u00fclet\u00e9snapnak aprop\u00f3j\u00e1n minden el\u0151ad\u00e1s el\u0151tt le fogunk j\u00e1tszani r\u00e9szleteket egy, az 1960-as \u00e9vekben vele, illetve munkat\u00e1rsaival k\u00e9sz\u00fclt r\u00e1di\u00f3felv\u00e9telb\u0151l, amelyet Detre Vill\u0151 bocs\u00e1tott rendelkez\u00e9s\u00fcnkre. Ez ann\u00e1l ink\u00e1bb is \u00e9rdekes, mivel benyom\u00e1st szerezhet\u00fcnk \u00e1ltala, hogy az az\u00f3ta eltelt n\u00e9h\u00e1ny \u00e9vtized milyen jelent\u0151s v\u00e1ltoz\u00e1sokat hozott gondolkoz\u00e1sunkban&nbsp;\u00e9pp\u00fagy, mint abban, amit \u201etudom\u00e1nyos igazs\u00e1gk\u00e9nt\u201d foghatunk fel.<\/p>\n\n\n\n<p>Megd\u00f6bbent\u0151, hogy az \u201eigazs\u00e1g\u201d, a \u201etudom\u00e1nyos igazs\u00e1g\u201d mif\u00e9le m\u00f3don v\u00e1ltoz\u00e9kony t\u00f6rt\u00e9nelmi k\u00f6rnyezet\u00e9nek kontextus\u00e1ban. \u00c9s \u00e9ppen ebben a vonatkoz\u00e1sban v\u00e1lik igaz\u00e1n izgalmass\u00e1 Rockenbauer Antal professzor \u00far foly\u00f3iratunkban m\u00e1r megjelent tanulm\u00e1nya a \u201es\u00f6t\u00e9t anyagr\u00f3l\u201d, mely tanulm\u00e1nynak m\u00e1r \u00e9lett\u00f6rt\u00e9nete van. Merthogy Antal \u2013 amint majd arr\u00f3l maga fog besz\u00e1molni \u2013 valami\u00e9rt el\u00e9gtelennek tal\u00e1lta a vonatkoz\u00f3 jelens\u00e9gek magyar\u00e1zat\u00e1ra a \u201es\u00f6t\u00e9t anyag\u201d koncepci\u00f3j\u00e1t, \u00e9s helyette megalkotott egy teljesen \u00faj elm\u00e9letet. Mivel \u00e9n nem vagyok fizikus, k\u00fcl\u00f6n\u00f6s tekintettel egy magas szint\u0171 vit\u00e1ban nem tudok \u00e9s nem is akarok \u00e1ll\u00e1st foglalni. Azonban l\u00e1tom, hogy mif\u00e9le g\u00e1tl\u00e1sokkal k\u00fczd a mag\u00e1t meggy\u00f6keresedett elm\u00e9letek birtokos\u00e1nak gondol\u00f3 fizikus t\u00e1rsadalom, amikor tal\u00e1lkozik az elk\u00e9pzel\u00e9seit alapjaiban renget\u0151 \u00faj elm\u00e9lettel. Antal tanulm\u00e1ny\u00e1val kapcsolatban nem az a f\u0151 probl\u00e9ma, hogy vitatj\u00e1k, hanem az, hogy nem akadt senki, aki \u00e9rdemi pol\u00e9mi\u00e1ra lenne hajland\u00f3. Antal volt olyan b\u00e1tor, \u00e9s el\u0151\u00e1llt egy \u00faj elm\u00e9lettel, \u00e9s nincs senki olyan b\u00e1tor, aki ak\u00e1r mell\u00e9 \u00e1llna, ak\u00e1r szemben \u00e1llna vele. Vagyis szemmel l\u00e1that\u00f3an senkinek nincs olyan hat\u00e1rozott saj\u00e1t meggy\u0151z\u0151d\u00e9se, amiben elegend\u0151en szil\u00e1rd igazs\u00e1gk\u00e9nt hinne ahhoz, hogy v\u00e1llaln\u00e1 a mainstream \u201eigazs\u00e1g\u201d relativizmus\u00e1nak&nbsp;t\u00e9ny\u00e9t. Azt a t\u00e9nyt, hogy ellent\u00e9tben sokak be\u00e1ll\u00edt\u00f3d\u00e1s\u00e1val, a mainstream igazs\u00e1g nem abszol\u00fat, teh\u00e1t vitathat\u00f3. Ez\u00e9rt azt\u00e1n nemcsak \u00e9rdemi vit\u00e1ra nem kaphat\u00f3 senki, hanem az \u00f6nmagukat sokra tart\u00f3 fizikai szaklapok sem hajland\u00f3k megjelentetni Antal elm\u00e9let\u00e9t. Ez pedig \u2013 l\u00e1ssuk be \u2013 el\u00e9g messze esik a tudom\u00e1ny eredeti c\u00e9lkit\u0171z\u00e9seit\u0151l. Ide jutottunk. \u00c9s ez\u00e9rt l\u00e1ttuk indokoltnak az \u201eigazs\u00e1g\u201d t\u00e1rgyk\u00f6r\u00e9t sz\u00e9lesebb \u00e9rtelemben k\u00f6r\u00fclj\u00e1rni, megt\u00e1mogatva filoz\u00f3fiai&nbsp;alapvet\u00e9sekkel is.<\/p>\n\n\n\n<div style=\"height:100px\" aria-hidden=\"true\" class=\"wp-block-spacer\"><\/div>","protected":false},"excerpt":{"rendered":"<p>Tudom\u00e1ny rovatunk a 2023. febru\u00e1r 2-\u00e1n Ismeretelm\u00e9leti k\u00fcsz\u00f6b\u00f6k \u2013 Bal\u00e1zs J\u00falia eml\u00e9knap c\u00edmmel megrendezett konferenci\u00e1nkra f\u00f3kusz\u00e1l. Tisztelt H\u00f6lgyek \u00e9s Urak! Szeretettel k\u00f6sz\u00f6nt\u00f6m Bal\u00e1zs J\u00falia csal\u00e1dj\u00e1t, el\u0151ad\u00f3inkat, kedves vend\u00e9geinket \u00e9s minden \u00e9rdekl\u0151d\u0151t. Ann\u00e1l is ink\u00e1bb nagy v\u00e1rakoz\u00e1ssal tekintek erre a konferenci\u00e1ra, mert \u2013 \u00f6nz\u0151 m\u00f3don \u2013 val\u00f3j\u00e1ban a gyermekkorom \u00f3ta velem \u00e9l\u0151 k\u00e9rd\u00e9s k\u00f6r\u00e9 igyekeztem szervezni&hellip;<\/p>","protected":false},"author":1,"featured_media":0,"parent":4076,"menu_order":2,"comment_status":"closed","ping_status":"closed","template":"page-article.php","meta":{"inline_featured_image":false,"footnotes":""},"categories":[],"tags":[],"_links":{"self":[{"href":"https:\/\/www.femmeharmone.com\/eng\/wp-json\/wp\/v2\/pages\/4125"}],"collection":[{"href":"https:\/\/www.femmeharmone.com\/eng\/wp-json\/wp\/v2\/pages"}],"about":[{"href":"https:\/\/www.femmeharmone.com\/eng\/wp-json\/wp\/v2\/types\/page"}],"author":[{"embeddable":true,"href":"https:\/\/www.femmeharmone.com\/eng\/wp-json\/wp\/v2\/users\/1"}],"replies":[{"embeddable":true,"href":"https:\/\/www.femmeharmone.com\/eng\/wp-json\/wp\/v2\/comments?post=4125"}],"version-history":[{"count":4,"href":"https:\/\/www.femmeharmone.com\/eng\/wp-json\/wp\/v2\/pages\/4125\/revisions"}],"predecessor-version":[{"id":4205,"href":"https:\/\/www.femmeharmone.com\/eng\/wp-json\/wp\/v2\/pages\/4125\/revisions\/4205"}],"up":[{"embeddable":true,"href":"https:\/\/www.femmeharmone.com\/eng\/wp-json\/wp\/v2\/pages\/4076"}],"wp:attachment":[{"href":"https:\/\/www.femmeharmone.com\/eng\/wp-json\/wp\/v2\/media?parent=4125"}],"wp:term":[{"taxonomy":"category","embeddable":true,"href":"https:\/\/www.femmeharmone.com\/eng\/wp-json\/wp\/v2\/categories?post=4125"},{"taxonomy":"post_tag","embeddable":true,"href":"https:\/\/www.femmeharmone.com\/eng\/wp-json\/wp\/v2\/tags?post=4125"}],"curies":[{"name":"wp","href":"https:\/\/api.w.org\/{rel}","templated":true}]}}