{"id":4136,"date":"2024-03-07T14:24:46","date_gmt":"2024-03-07T14:24:46","guid":{"rendered":"https:\/\/www.femmeharmone.com\/?page_id=4136"},"modified":"2024-03-07T17:15:09","modified_gmt":"2024-03-07T17:15:09","slug":"marfai-molnar-laszlo-igazsag-es-gyenge-gondolkodas","status":"publish","type":"page","link":"https:\/\/www.femmeharmone.com\/eng\/a-noi-dimenzio\/iii-evfolyam-1-szam\/tudomany7\/marfai-molnar-laszlo-igazsag-es-gyenge-gondolkodas\/","title":{"rendered":"<em>M\u00e1rfai Moln\u00e1r L\u00e1szl\u00f3:<\/em> Igazs\u00e1g \u00e9s gyenge gondolkod\u00e1s"},"content":{"rendered":"<p class=\"has-text-align-right\"><a href=\"https:\/\/doi.org\/10.55344\/andfh.2301039\" target=\"_blank\" rel=\"noreferrer noopener\"><em>DOI: 10.55344\/andfh.2301039<\/em><\/a><\/p>\n\n\n\n<div style=\"height:100px\" aria-hidden=\"true\" class=\"wp-block-spacer\"><\/div>\n\n\n\n<p><em><strong>Absztrakt<\/strong><\/em><\/p>\n\n\n\n<p><strong>Ez az \u00edr\u00e1s az igazs\u00e1g \u00e1t\u00e9rtelmez\u0151d\u00e9s\u00e9nek n\u00e9h\u00e1ny fontosabb mozzanat\u00e1t tekinti \u00e1t az ezredfordul\u00f3ig \u2013 Feyerabend, Marquard \u00e9s Vattimo filoz\u00f3fi\u00e1ja alapj\u00e1n. A tudom\u00e1nyos igazs\u00e1g fogalm\u00e1nak megrend\u00fcl\u00e9se a m\u00f3dszertan \u00e9s az axi\u00f3m\u00e1k mint a modern tudom\u00e1ny legf\u0151bb t\u00e1maszainak megk\u00e9rd\u0151jelez\u00e9s\u00e9t is jelenti. Ebben a megk\u00f6zel\u00edt\u00e9s\u00e9ben a tudom\u00e1nynak mint kateg\u00f3ri\u00e1nak \u00e9s mint id\u0151beli l\u00e9tez\u0151nek sincs egys\u00e9ges strukt\u00far\u00e1ja. A t\u00f6rt\u00e9netfiloz\u00f3fiai szkepszis a j\u00f6v\u0151 \u00e9s a sz\u00e1rmaz\u00e1s meghasonl\u00e1s\u00e1n t\u00faljutva megpr\u00f3b\u00e1lja megrajzolni a halad\u00e1s \u00e9s meg\u0151rz\u00e9s \u00f6sszetartoz\u00e1s\u00e1nak filoz\u00f3fi\u00e1j\u00e1t. A <em>gyenge gondolkod\u00e1s programja<\/em> r\u00e9v\u00e9n a metafizikai fundamentumok megrend\u00fcl\u00e9se ut\u00e1ni gondolkod\u00f3i lehet\u0151s\u00e9geket pr\u00f3b\u00e1lhatjuk megtal\u00e1lni \u00e9s meg\u00e9rteni. Mindezek nyom\u00e1n napjainkra egyre ink\u00e1bb meger\u0151s\u00edt\u00e9st nyerhet az a felismer\u00e9s, hogy az igazs\u00e1got a v\u00e9gess\u00e9g \u00e9s a meg\u00e9rt\u00e9s \u00f6sszef\u00fcgg\u00e9seiben lehet elgondolni.<\/strong><\/p>\n\n\n\n<div style=\"height:100px\" aria-hidden=\"true\" class=\"wp-block-spacer\"><\/div>\n\n\n\n<div data-wp-interactive=\"core\/file\" class=\"wp-block-file\"><object data-wp-bind--hidden=\"!state.hasPdfPreview\"  class=\"wp-block-file__embed\" data=\"https:\/\/www.femmeharmone.com\/wp-content\/uploads\/2024\/03\/AND7_2023_Tavasz_v2_0_Marfai_M_L.pdf\" type=\"application\/pdf\" style=\"width:100%;height:1500px\" aria-label=\"Embed of AND7_2023_Tavasz_v2_0_Marfai_M_L.\"><\/object><a id=\"wp-block-file--media-cbda04ad-7e28-4e5e-a142-028aa9fdc2d6\" href=\"https:\/\/www.femmeharmone.com\/wp-content\/uploads\/2024\/03\/AND7_2023_Tavasz_v2_0_Marfai_M_L.pdf\">AND7_2023_Tavasz_v2_0_Marfai_M_L<\/a><a href=\"https:\/\/www.femmeharmone.com\/wp-content\/uploads\/2024\/03\/AND7_2023_Tavasz_v2_0_Marfai_M_L.pdf\" class=\"wp-block-file__button wp-element-button\" download aria-describedby=\"wp-block-file--media-cbda04ad-7e28-4e5e-a142-028aa9fdc2d6\"><\/a><\/div>\n\n\n\n<div style=\"height:100px\" aria-hidden=\"true\" class=\"wp-block-spacer\"><\/div>","protected":false},"excerpt":{"rendered":"<p>DOI: 10.55344\/andfh.2301039 Absztrakt Ez az \u00edr\u00e1s az igazs\u00e1g \u00e1t\u00e9rtelmez\u0151d\u00e9s\u00e9nek n\u00e9h\u00e1ny fontosabb mozzanat\u00e1t tekinti \u00e1t az ezredfordul\u00f3ig \u2013 Feyerabend, Marquard \u00e9s Vattimo filoz\u00f3fi\u00e1ja alapj\u00e1n. A tudom\u00e1nyos igazs\u00e1g fogalm\u00e1nak megrend\u00fcl\u00e9se a m\u00f3dszertan \u00e9s az axi\u00f3m\u00e1k mint a modern tudom\u00e1ny legf\u0151bb t\u00e1maszainak megk\u00e9rd\u0151jelez\u00e9s\u00e9t is jelenti. Ebben a megk\u00f6zel\u00edt\u00e9s\u00e9ben a tudom\u00e1nynak mint kateg\u00f3ri\u00e1nak \u00e9s mint id\u0151beli l\u00e9tez\u0151nek sincs egys\u00e9ges&hellip;<\/p>","protected":false},"author":1,"featured_media":0,"parent":4076,"menu_order":4,"comment_status":"closed","ping_status":"closed","template":"page-article.php","meta":{"inline_featured_image":false,"footnotes":""},"categories":[],"tags":[],"_links":{"self":[{"href":"https:\/\/www.femmeharmone.com\/eng\/wp-json\/wp\/v2\/pages\/4136"}],"collection":[{"href":"https:\/\/www.femmeharmone.com\/eng\/wp-json\/wp\/v2\/pages"}],"about":[{"href":"https:\/\/www.femmeharmone.com\/eng\/wp-json\/wp\/v2\/types\/page"}],"author":[{"embeddable":true,"href":"https:\/\/www.femmeharmone.com\/eng\/wp-json\/wp\/v2\/users\/1"}],"replies":[{"embeddable":true,"href":"https:\/\/www.femmeharmone.com\/eng\/wp-json\/wp\/v2\/comments?post=4136"}],"version-history":[{"count":5,"href":"https:\/\/www.femmeharmone.com\/eng\/wp-json\/wp\/v2\/pages\/4136\/revisions"}],"predecessor-version":[{"id":4234,"href":"https:\/\/www.femmeharmone.com\/eng\/wp-json\/wp\/v2\/pages\/4136\/revisions\/4234"}],"up":[{"embeddable":true,"href":"https:\/\/www.femmeharmone.com\/eng\/wp-json\/wp\/v2\/pages\/4076"}],"wp:attachment":[{"href":"https:\/\/www.femmeharmone.com\/eng\/wp-json\/wp\/v2\/media?parent=4136"}],"wp:term":[{"taxonomy":"category","embeddable":true,"href":"https:\/\/www.femmeharmone.com\/eng\/wp-json\/wp\/v2\/categories?post=4136"},{"taxonomy":"post_tag","embeddable":true,"href":"https:\/\/www.femmeharmone.com\/eng\/wp-json\/wp\/v2\/tags?post=4136"}],"curies":[{"name":"wp","href":"https:\/\/api.w.org\/{rel}","templated":true}]}}