{"id":4147,"date":"2024-03-07T14:34:04","date_gmt":"2024-03-07T14:34:04","guid":{"rendered":"https:\/\/www.femmeharmone.com\/?page_id=4147"},"modified":"2024-03-07T14:35:05","modified_gmt":"2024-03-07T14:35:05","slug":"esti-beszelgetes-4-reszlet","status":"publish","type":"page","link":"https:\/\/www.femmeharmone.com\/eng\/a-noi-dimenzio\/iii-evfolyam-1-szam\/tudomany7\/esti-beszelgetes-4-reszlet\/","title":{"rendered":"Esti besz\u00e9lget\u00e9s (4. r\u00e9szlet)"},"content":{"rendered":"<p class=\"has-text-align-center\">1970. 06. 02.<br>Kossuth R\u00e1di\u00f3<\/p>\n\n\n\n<p class=\"has-text-align-center\">Szerkeszt\u0151\u2013m\u0171sorvezet\u0151: Eke K\u00e1roly <br>A besz\u00e9lget\u00e9s r\u00e9sztvev\u0151i: Detre L\u00e1szl\u00f3, Bal\u00e1zs J\u00falia, Ill M\u00e1rton, Szeidl B\u00e9la, Bal\u00e1zs Lajos, Ken\u00e9z Istv\u00e1n \u00e9s Torma Tibor<\/p>\n\n\n<div class=\"wp-block-image\">\n<figure class=\"aligncenter size-full\"><img loading=\"lazy\" decoding=\"async\" width=\"708\" height=\"1016\" src=\"https:\/\/www.femmeharmone.com\/wp-content\/uploads\/2024\/03\/EB4_kep.jpg\" alt=\"\" class=\"wp-image-4131\" srcset=\"https:\/\/www.femmeharmone.com\/wp-content\/uploads\/2024\/03\/EB4_kep.jpg 708w, https:\/\/www.femmeharmone.com\/wp-content\/uploads\/2024\/03\/EB4_kep-209x300.jpg 209w, https:\/\/www.femmeharmone.com\/wp-content\/uploads\/2024\/03\/EB4_kep-8x12.jpg 8w\" sizes=\"(max-width: 708px) 100vw, 708px\" \/><\/figure><\/div>\n\n\n<figure class=\"wp-block-audio aligncenter\"><audio controls src=\"https:\/\/www.femmeharmone.com\/wp-content\/uploads\/2024\/03\/EB4_track5.mp3\"><\/audio><\/figure>\n\n\n\n<div style=\"height:100px\" aria-hidden=\"true\" class=\"wp-block-spacer\"><\/div>","protected":false},"excerpt":{"rendered":"<p>1970. 06. 02.Kossuth R\u00e1di\u00f3 Szerkeszt\u0151\u2013m\u0171sorvezet\u0151: Eke K\u00e1roly A besz\u00e9lget\u00e9s r\u00e9sztvev\u0151i: Detre L\u00e1szl\u00f3, Bal\u00e1zs J\u00falia, Ill M\u00e1rton, Szeidl B\u00e9la, Bal\u00e1zs Lajos, Ken\u00e9z Istv\u00e1n \u00e9s Torma Tibor<\/p>","protected":false},"author":1,"featured_media":0,"parent":4076,"menu_order":7,"comment_status":"closed","ping_status":"closed","template":"page-article.php","meta":{"inline_featured_image":false,"footnotes":""},"categories":[],"tags":[],"_links":{"self":[{"href":"https:\/\/www.femmeharmone.com\/eng\/wp-json\/wp\/v2\/pages\/4147"}],"collection":[{"href":"https:\/\/www.femmeharmone.com\/eng\/wp-json\/wp\/v2\/pages"}],"about":[{"href":"https:\/\/www.femmeharmone.com\/eng\/wp-json\/wp\/v2\/types\/page"}],"author":[{"embeddable":true,"href":"https:\/\/www.femmeharmone.com\/eng\/wp-json\/wp\/v2\/users\/1"}],"replies":[{"embeddable":true,"href":"https:\/\/www.femmeharmone.com\/eng\/wp-json\/wp\/v2\/comments?post=4147"}],"version-history":[{"count":1,"href":"https:\/\/www.femmeharmone.com\/eng\/wp-json\/wp\/v2\/pages\/4147\/revisions"}],"predecessor-version":[{"id":4148,"href":"https:\/\/www.femmeharmone.com\/eng\/wp-json\/wp\/v2\/pages\/4147\/revisions\/4148"}],"up":[{"embeddable":true,"href":"https:\/\/www.femmeharmone.com\/eng\/wp-json\/wp\/v2\/pages\/4076"}],"wp:attachment":[{"href":"https:\/\/www.femmeharmone.com\/eng\/wp-json\/wp\/v2\/media?parent=4147"}],"wp:term":[{"taxonomy":"category","embeddable":true,"href":"https:\/\/www.femmeharmone.com\/eng\/wp-json\/wp\/v2\/categories?post=4147"},{"taxonomy":"post_tag","embeddable":true,"href":"https:\/\/www.femmeharmone.com\/eng\/wp-json\/wp\/v2\/tags?post=4147"}],"curies":[{"name":"wp","href":"https:\/\/api.w.org\/{rel}","templated":true}]}}