{"id":4156,"date":"2024-03-07T14:44:15","date_gmt":"2024-03-07T14:44:15","guid":{"rendered":"https:\/\/www.femmeharmone.com\/?page_id=4156"},"modified":"2024-03-07T17:16:26","modified_gmt":"2024-03-07T17:16:26","slug":"toth-i-janos-a-fenntarthato-fejlodes-es-a-klimavaltozas-ismeretelmeleti-kerdesei","status":"publish","type":"page","link":"https:\/\/www.femmeharmone.com\/eng\/a-noi-dimenzio\/iii-evfolyam-1-szam\/tudomany7\/toth-i-janos-a-fenntarthato-fejlodes-es-a-klimavaltozas-ismeretelmeleti-kerdesei\/","title":{"rendered":"<em>T\u00f3th I. J\u00e1nos:<\/em> A fenntarthat\u00f3 fejl\u0151d\u00e9s \u00e9s a kl\u00edmav\u00e1ltoz\u00e1s ismeretelm\u00e9leti k\u00e9rd\u00e9sei"},"content":{"rendered":"<p class=\"has-text-align-right\"><a href=\"https:\/\/doi.org\/10.55344\/andfh.2301061\"><em>DOI: 10.55344\/andfh.2301061<\/em><\/a><em><u><\/u><\/em><\/p>\n\n\n\n<div style=\"height:100px\" aria-hidden=\"true\" class=\"wp-block-spacer\"><\/div>\n\n\n\n<p><em><strong>Absztrakt<\/strong><\/em><\/p>\n\n\n\n<p><strong>A z\u00f6ld n\u00e9zetekkel \u00e9s eszm\u00e9kkel kapcsolatban sz\u00e1mtalan \u2013 klasszikus \u00e9s nem klasszikus \u2013 ismeretelm\u00e9leti probl\u00e9ma felmer\u00fcl. Gyakorlati szempontb\u00f3l fontos k\u00e9rd\u00e9st jelent, hogy mely t\u00e9mak\u00f6r\u00f6k vizsg\u00e1lhat\u00f3k a term\u00e9szettudom\u00e1nyok eszk\u00f6zeivel, \u00e9s melyek nem. Az ut\u00f3bbi esetben a term\u00e9szettudom\u00e1nyok hely\u00e9be gyakran bel\u00e9p az ideol\u00f3gia, politika vagy \u00e9ppen a propaganda. A tudom\u00e1ny \u00e9s a nem-tudom\u00e1ny k\u00f6z\u00f6tti v\u00e1laszt\u00f3vonal k\u00e9rd\u00e9se az\u00e9rt is fontos, mert az el\u0151bbi esetben az egyetlen term\u00e9szettudom\u00e1nyos v\u00e1lasz megtal\u00e1l\u00e1sa, m\u00edg a term\u00e9szettudom\u00e1nyokon k\u00edv\u00fcli t\u00e9mak\u00f6r\u00f6kben a sokf\u00e9le v\u00e9lem\u00e9nyek versenye jelenti az ide\u00e1lis \u00e1llapotot. Mivel a k\u00f6rnyezetv\u00e9delem ter\u00fclet\u00e9n a term\u00e9szettudom\u00e1nyos \u00e9s az ideologikus k\u00e9rd\u00e9sek szorosan \u00f6sszefon\u00f3dnak, ez\u00e9rt az ut\u00f3bbi ter\u00fcleten mozg\u00f3 v\u00e9lem\u00e9nyvez\u00e9rek igyekeznek n\u00e9zeteiket felruh\u00e1zni a tudom\u00e1nyoss\u00e1g nimbusz\u00e1val \u00e9s hegem\u00f3n st\u00e1tusz\u00e1val. Mindezeket a k\u00e9rd\u00e9seket a tanulm\u00e1ny a fenntarthat\u00f3 fejl\u0151d\u00e9s \u00e9s a kl\u00edmav\u00e1ltoz\u00e1s kapcs\u00e1n vizsg\u00e1lja<\/strong><\/p>\n\n\n\n<div style=\"height:100px\" aria-hidden=\"true\" class=\"wp-block-spacer\"><\/div>\n\n\n\n<div data-wp-interactive=\"core\/file\" class=\"wp-block-file\"><object data-wp-bind--hidden=\"!state.hasPdfPreview\"  class=\"wp-block-file__embed\" data=\"https:\/\/www.femmeharmone.com\/wp-content\/uploads\/2024\/03\/AND7_2023_Tavasz_v2_0_Toth_I_J.pdf\" type=\"application\/pdf\" style=\"width:100%;height:1500px\" aria-label=\"Embed of AND7_2023_Tavasz_v2_0_Toth_I_J.\"><\/object><a id=\"wp-block-file--media-4ba9ed10-70c3-41e6-9aaf-e575e68ff9d3\" href=\"https:\/\/www.femmeharmone.com\/wp-content\/uploads\/2024\/03\/AND7_2023_Tavasz_v2_0_Toth_I_J.pdf\">AND7_2023_Tavasz_v2_0_Toth_I_J<\/a><a href=\"https:\/\/www.femmeharmone.com\/wp-content\/uploads\/2024\/03\/AND7_2023_Tavasz_v2_0_Toth_I_J.pdf\" class=\"wp-block-file__button wp-element-button\" download aria-describedby=\"wp-block-file--media-4ba9ed10-70c3-41e6-9aaf-e575e68ff9d3\"><\/a><\/div>\n\n\n\n<div style=\"height:100px\" aria-hidden=\"true\" class=\"wp-block-spacer\"><\/div>","protected":false},"excerpt":{"rendered":"<p>DOI: 10.55344\/andfh.2301061 Absztrakt A z\u00f6ld n\u00e9zetekkel \u00e9s eszm\u00e9kkel kapcsolatban sz\u00e1mtalan \u2013 klasszikus \u00e9s nem klasszikus \u2013 ismeretelm\u00e9leti probl\u00e9ma felmer\u00fcl. Gyakorlati szempontb\u00f3l fontos k\u00e9rd\u00e9st jelent, hogy mely t\u00e9mak\u00f6r\u00f6k vizsg\u00e1lhat\u00f3k a term\u00e9szettudom\u00e1nyok eszk\u00f6zeivel, \u00e9s melyek nem. Az ut\u00f3bbi esetben a term\u00e9szettudom\u00e1nyok hely\u00e9be gyakran bel\u00e9p az ideol\u00f3gia, politika vagy \u00e9ppen a propaganda. A tudom\u00e1ny \u00e9s a nem-tudom\u00e1ny k\u00f6z\u00f6tti&hellip;<\/p>","protected":false},"author":1,"featured_media":0,"parent":4076,"menu_order":10,"comment_status":"closed","ping_status":"closed","template":"page-article.php","meta":{"inline_featured_image":false,"footnotes":""},"categories":[],"tags":[],"_links":{"self":[{"href":"https:\/\/www.femmeharmone.com\/eng\/wp-json\/wp\/v2\/pages\/4156"}],"collection":[{"href":"https:\/\/www.femmeharmone.com\/eng\/wp-json\/wp\/v2\/pages"}],"about":[{"href":"https:\/\/www.femmeharmone.com\/eng\/wp-json\/wp\/v2\/types\/page"}],"author":[{"embeddable":true,"href":"https:\/\/www.femmeharmone.com\/eng\/wp-json\/wp\/v2\/users\/1"}],"replies":[{"embeddable":true,"href":"https:\/\/www.femmeharmone.com\/eng\/wp-json\/wp\/v2\/comments?post=4156"}],"version-history":[{"count":3,"href":"https:\/\/www.femmeharmone.com\/eng\/wp-json\/wp\/v2\/pages\/4156\/revisions"}],"predecessor-version":[{"id":4236,"href":"https:\/\/www.femmeharmone.com\/eng\/wp-json\/wp\/v2\/pages\/4156\/revisions\/4236"}],"up":[{"embeddable":true,"href":"https:\/\/www.femmeharmone.com\/eng\/wp-json\/wp\/v2\/pages\/4076"}],"wp:attachment":[{"href":"https:\/\/www.femmeharmone.com\/eng\/wp-json\/wp\/v2\/media?parent=4156"}],"wp:term":[{"taxonomy":"category","embeddable":true,"href":"https:\/\/www.femmeharmone.com\/eng\/wp-json\/wp\/v2\/categories?post=4156"},{"taxonomy":"post_tag","embeddable":true,"href":"https:\/\/www.femmeharmone.com\/eng\/wp-json\/wp\/v2\/tags?post=4156"}],"curies":[{"name":"wp","href":"https:\/\/api.w.org\/{rel}","templated":true}]}}