{"id":4164,"date":"2024-03-07T14:54:05","date_gmt":"2024-03-07T14:54:05","guid":{"rendered":"https:\/\/www.femmeharmone.com\/?page_id=4164"},"modified":"2024-03-07T18:26:29","modified_gmt":"2024-03-07T18:26:29","slug":"rockenbauer-antal-a-gravitacio-ket-arca-az-elliptikus-es-hiperbolikus-geometriaban-az-univerzum-masodlagos-tagulasa","status":"publish","type":"page","link":"https:\/\/www.femmeharmone.com\/eng\/a-noi-dimenzio\/iii-evfolyam-1-szam\/tudomany7\/rockenbauer-antal-a-gravitacio-ket-arca-az-elliptikus-es-hiperbolikus-geometriaban-az-univerzum-masodlagos-tagulasa\/","title":{"rendered":"<em>Rockenbauer Antal:<\/em> A gravit\u00e1ci\u00f3 k\u00e9t arca az elliptikus \u00e9s hiperbolikus geometri\u00e1ban \u2013 Az univerzum m\u00e1sodlagos t\u00e1gul\u00e1sa"},"content":{"rendered":"<p class=\"has-text-align-right\"><a href=\"https:\/\/doi.org\/10.55344\/andfh.2301092\"><em>DOI: 10.55344\/andfh.2301092<\/em><\/a><em><u><\/u><\/em><\/p>\n\n\n\n<div style=\"height:100px\" aria-hidden=\"true\" class=\"wp-block-spacer\"><\/div>\n\n\n\n<p><em><strong>Absztrakt<\/strong><\/em><\/p>\n\n\n\n<p><strong>A kepleron-elm\u00e9let a MOND-koncepci\u00f3 (Modified Newtonian Dynamics) tov\u00e1bbfejleszt\u00e9se. Elvi alapja, hogy a hat\u00e1r\u00e9rt\u00e9kben nulla t\u00f6meg\u0171 t\u00e9r forg\u00e1st v\u00e9gez a t\u00f6meg k\u00f6r\u00fcl, ami g\u00f6rb\u00fcletet hoz l\u00e9tre a t\u00e9rid\u0151 szerkezet\u00e9ben. A modell reproduk\u00e1lja a klasszikus Newton er\u0151n k\u00edv\u00fcl a relativisztikus korrekci\u00f3t is, amivel a Merk\u00far perih\u00e9lium\u00e1nak eltol\u00f3d\u00e1s\u00e1t lehet magyar\u00e1zni.<br>A relativisztikus t\u00f6bbleter\u0151 az energiamegmarad\u00e1s elv\u00e9re vezethet\u0151 vissza. A kepleron-elm\u00e9letet \u00f6sszekapcsolhat\u00f3 a nem-euklideszi geometri\u00e1val. A t\u00e9r cirkul\u00e1ci\u00f3ja elliptikus (Riemann) geometri\u00e1t hoz l\u00e9tre, amely a t\u00f6megek k\u00f6z\u00f6tt vonz\u00e1st eredm\u00e9nyez a galaxisok belsej\u00e9ben. Viszont a galaxisok k\u00f6z\u00f6tti t\u00e9r geometri\u00e1ja hiperbolikus (Bolyai\u2013Lobacsevszkij), ami\u00e9rt a galaxisok tasz\u00edtj\u00e1k egym\u00e1st. Ez a tasz\u00edt\u00f3er\u0151 egyr\u00e9szt helyettes\u00edti a s\u00f6t\u00e9t anyagot, m\u00e1sfel\u0151l megadja a s\u00f6t\u00e9t energia eredet\u00e9t. A korai univerzum egycentrum\u00fa \u00e9s elliptikus geometriai strukt\u00far\u00e1j\u00fa, amely<\/strong> <strong>a kezdeti nagy sebess\u00e9g\u0171 t\u00e1gul\u00e1s miatt sz\u00e9tszakad szepar\u00e1lt galaxisok halmaz\u00e1ra. Az infl\u00e1ci\u00f3s szakaszt k\u00f6vet\u0151en a gravit\u00e1ci\u00f3s visszah\u00faz\u00f3 er\u0151 eleinte lass\u00edtja a t\u00e1gul\u00e1st, de a multicentrum\u00fa univerzum kialakul\u00e1sa m\u00e1sodlagos t\u00e1gul\u00e1shoz vezet a galaxisok k\u00f6z\u00f6tti tasz\u00edt\u00e1s dominanci\u00e1ja miatt. A jelenleg elfogadott kozmol\u00f3gia megengedi a f\u00e9nyn\u00e9l is gyorsabb t\u00e9rt\u00e1gul\u00e1st, ami\u00e9rt az univerzum k\u00fcls\u0151 tartom\u00e1nya nincs k\u00f6lcs\u00f6nhat\u00e1sban az \u00e1ltalunk megfigyelhet\u0151 r\u00e9gi\u00f3val. A megfigyelhet\u0151 univerzum hat\u00e1r\u00e1nak inverzi\u00f3s sug\u00e1rk\u00e9nt val\u00f3 \u00e9rtelmez\u00e9se becsl\u00e9st ad a k\u00f6lcs\u00f6nhat\u00e1si z\u00f3na teljes t\u00f6meg\u00e9re, j\u00f3 \u00f6sszhangban csillag\u00e1szati megfigyel\u00e9sekkel. A Hubble \u00e1lland\u00f3 ford\u00edtottan ar\u00e1nyos a megfigyelhet\u0151 univerzum cs\u00f6kken\u0151 t\u00f6meg\u00e9vel a gyorsul\u00f3 t\u00e1gul\u00e1s koncepci\u00f3j\u00e1val egyez\u00e9sben.<\/strong><\/p>\n\n\n\n<div style=\"height:100px\" aria-hidden=\"true\" class=\"wp-block-spacer\"><\/div>\n\n\n\n<div data-wp-interactive=\"core\/file\" class=\"wp-block-file\"><object data-wp-bind--hidden=\"!state.hasPdfPreview\"  class=\"wp-block-file__embed\" data=\"https:\/\/www.femmeharmone.com\/wp-content\/uploads\/2024\/03\/AND7_2023_Tavasz_v2_0_Rockenbauer_A.pdf\" type=\"application\/pdf\" style=\"width:100%;height:1500px\" aria-label=\"Embed of AND7_2023_Tavasz_v2_0_Rockenbauer_A.\"><\/object><a id=\"wp-block-file--media-cbae6660-a0b9-4d46-bca7-741e979a1942\" href=\"https:\/\/www.femmeharmone.com\/wp-content\/uploads\/2024\/03\/AND7_2023_Tavasz_v2_0_Rockenbauer_A.pdf\">AND7_2023_Tavasz_v2_0_Rockenbauer_A<\/a><a href=\"https:\/\/www.femmeharmone.com\/wp-content\/uploads\/2024\/03\/AND7_2023_Tavasz_v2_0_Rockenbauer_A.pdf\" class=\"wp-block-file__button wp-element-button\" download aria-describedby=\"wp-block-file--media-cbae6660-a0b9-4d46-bca7-741e979a1942\"><\/a><\/div>\n\n\n\n<div style=\"height:100px\" aria-hidden=\"true\" class=\"wp-block-spacer\"><\/div>","protected":false},"excerpt":{"rendered":"<p>DOI: 10.55344\/andfh.2301092 Absztrakt A kepleron-elm\u00e9let a MOND-koncepci\u00f3 (Modified Newtonian Dynamics) tov\u00e1bbfejleszt\u00e9se. Elvi alapja, hogy a hat\u00e1r\u00e9rt\u00e9kben nulla t\u00f6meg\u0171 t\u00e9r forg\u00e1st v\u00e9gez a t\u00f6meg k\u00f6r\u00fcl, ami g\u00f6rb\u00fcletet hoz l\u00e9tre a t\u00e9rid\u0151 szerkezet\u00e9ben. A modell reproduk\u00e1lja a klasszikus Newton er\u0151n k\u00edv\u00fcl a relativisztikus korrekci\u00f3t is, amivel a Merk\u00far perih\u00e9lium\u00e1nak eltol\u00f3d\u00e1s\u00e1t lehet magyar\u00e1zni.A relativisztikus t\u00f6bbleter\u0151 az energiamegmarad\u00e1s elv\u00e9re&hellip;<\/p>","protected":false},"author":1,"featured_media":0,"parent":4076,"menu_order":14,"comment_status":"closed","ping_status":"closed","template":"page-article.php","meta":{"inline_featured_image":false,"footnotes":""},"categories":[],"tags":[],"_links":{"self":[{"href":"https:\/\/www.femmeharmone.com\/eng\/wp-json\/wp\/v2\/pages\/4164"}],"collection":[{"href":"https:\/\/www.femmeharmone.com\/eng\/wp-json\/wp\/v2\/pages"}],"about":[{"href":"https:\/\/www.femmeharmone.com\/eng\/wp-json\/wp\/v2\/types\/page"}],"author":[{"embeddable":true,"href":"https:\/\/www.femmeharmone.com\/eng\/wp-json\/wp\/v2\/users\/1"}],"replies":[{"embeddable":true,"href":"https:\/\/www.femmeharmone.com\/eng\/wp-json\/wp\/v2\/comments?post=4164"}],"version-history":[{"count":5,"href":"https:\/\/www.femmeharmone.com\/eng\/wp-json\/wp\/v2\/pages\/4164\/revisions"}],"predecessor-version":[{"id":4263,"href":"https:\/\/www.femmeharmone.com\/eng\/wp-json\/wp\/v2\/pages\/4164\/revisions\/4263"}],"up":[{"embeddable":true,"href":"https:\/\/www.femmeharmone.com\/eng\/wp-json\/wp\/v2\/pages\/4076"}],"wp:attachment":[{"href":"https:\/\/www.femmeharmone.com\/eng\/wp-json\/wp\/v2\/media?parent=4164"}],"wp:term":[{"taxonomy":"category","embeddable":true,"href":"https:\/\/www.femmeharmone.com\/eng\/wp-json\/wp\/v2\/categories?post=4164"},{"taxonomy":"post_tag","embeddable":true,"href":"https:\/\/www.femmeharmone.com\/eng\/wp-json\/wp\/v2\/tags?post=4164"}],"curies":[{"name":"wp","href":"https:\/\/api.w.org\/{rel}","templated":true}]}}