{"id":4168,"date":"2024-03-07T15:00:13","date_gmt":"2024-03-07T15:00:13","guid":{"rendered":"https:\/\/www.femmeharmone.com\/?page_id=4168"},"modified":"2024-03-07T15:00:42","modified_gmt":"2024-03-07T15:00:42","slug":"radioegyetem-a-vilagmindenseg-torvenyei-2-reszlet","status":"publish","type":"page","link":"https:\/\/www.femmeharmone.com\/eng\/a-noi-dimenzio\/iii-evfolyam-1-szam\/tudomany7\/radioegyetem-a-vilagmindenseg-torvenyei-2-reszlet\/","title":{"rendered":"R\u00e1di\u00f3egyetem: A vil\u00e1gmindens\u00e9g t\u00f6rv\u00e9nyei (2. r\u00e9szlet)"},"content":{"rendered":"<p class=\"has-text-align-center\">1971. 02. 23.\u00a0<br>Pet\u0151fi R\u00e1di\u00f3<\/p>\n\n\n\n<p class=\"has-text-align-center\">Szerkeszt\u0151\u2013m\u0171sorvezet\u0151: Eke K\u00e1roly <br>A besz\u00e9lget\u00e9s r\u00e9sztvev\u0151i: Detre L\u00e1szl\u00f3, Ill M\u00e1rton, Bal\u00e1zs J\u00falia, Bal\u00e1zs Lajos, Marx Gy\u00f6rgy, Simonffy G\u00e9za<\/p>\n\n\n<div class=\"wp-block-image\">\n<figure class=\"aligncenter size-full\"><img loading=\"lazy\" decoding=\"async\" width=\"850\" height=\"637\" src=\"https:\/\/www.femmeharmone.com\/wp-content\/uploads\/2024\/03\/RE2_kep.jpg\" alt=\"\" class=\"wp-image-4142\" srcset=\"https:\/\/www.femmeharmone.com\/wp-content\/uploads\/2024\/03\/RE2_kep.jpg 850w, https:\/\/www.femmeharmone.com\/wp-content\/uploads\/2024\/03\/RE2_kep-300x225.jpg 300w, https:\/\/www.femmeharmone.com\/wp-content\/uploads\/2024\/03\/RE2_kep-768x576.jpg 768w, https:\/\/www.femmeharmone.com\/wp-content\/uploads\/2024\/03\/RE2_kep-16x12.jpg 16w\" sizes=\"(max-width: 850px) 100vw, 850px\" \/><\/figure><\/div>\n\n\n<figure class=\"wp-block-audio\"><audio controls src=\"https:\/\/www.femmeharmone.com\/wp-content\/uploads\/2024\/03\/RE2_track10.mp3\"><\/audio><\/figure>\n\n\n\n<div style=\"height:100px\" aria-hidden=\"true\" class=\"wp-block-spacer\"><\/div>","protected":false},"excerpt":{"rendered":"<p>1971. 02. 23.\u00a0Pet\u0151fi R\u00e1di\u00f3 Szerkeszt\u0151\u2013m\u0171sorvezet\u0151: Eke K\u00e1roly A besz\u00e9lget\u00e9s r\u00e9sztvev\u0151i: Detre L\u00e1szl\u00f3, Ill M\u00e1rton, Bal\u00e1zs J\u00falia, Bal\u00e1zs Lajos, Marx Gy\u00f6rgy, Simonffy G\u00e9za<\/p>","protected":false},"author":1,"featured_media":0,"parent":4076,"menu_order":15,"comment_status":"closed","ping_status":"closed","template":"page-article.php","meta":{"inline_featured_image":false,"footnotes":""},"categories":[],"tags":[],"_links":{"self":[{"href":"https:\/\/www.femmeharmone.com\/eng\/wp-json\/wp\/v2\/pages\/4168"}],"collection":[{"href":"https:\/\/www.femmeharmone.com\/eng\/wp-json\/wp\/v2\/pages"}],"about":[{"href":"https:\/\/www.femmeharmone.com\/eng\/wp-json\/wp\/v2\/types\/page"}],"author":[{"embeddable":true,"href":"https:\/\/www.femmeharmone.com\/eng\/wp-json\/wp\/v2\/users\/1"}],"replies":[{"embeddable":true,"href":"https:\/\/www.femmeharmone.com\/eng\/wp-json\/wp\/v2\/comments?post=4168"}],"version-history":[{"count":1,"href":"https:\/\/www.femmeharmone.com\/eng\/wp-json\/wp\/v2\/pages\/4168\/revisions"}],"predecessor-version":[{"id":4169,"href":"https:\/\/www.femmeharmone.com\/eng\/wp-json\/wp\/v2\/pages\/4168\/revisions\/4169"}],"up":[{"embeddable":true,"href":"https:\/\/www.femmeharmone.com\/eng\/wp-json\/wp\/v2\/pages\/4076"}],"wp:attachment":[{"href":"https:\/\/www.femmeharmone.com\/eng\/wp-json\/wp\/v2\/media?parent=4168"}],"wp:term":[{"taxonomy":"category","embeddable":true,"href":"https:\/\/www.femmeharmone.com\/eng\/wp-json\/wp\/v2\/categories?post=4168"},{"taxonomy":"post_tag","embeddable":true,"href":"https:\/\/www.femmeharmone.com\/eng\/wp-json\/wp\/v2\/tags?post=4168"}],"curies":[{"name":"wp","href":"https:\/\/api.w.org\/{rel}","templated":true}]}}