{"id":4172,"date":"2024-03-07T15:03:40","date_gmt":"2024-03-07T15:03:40","guid":{"rendered":"https:\/\/www.femmeharmone.com\/?page_id=4172"},"modified":"2024-03-07T17:36:11","modified_gmt":"2024-03-07T17:36:11","slug":"radioegyetem-a-vilagmindenseg-torvenyei-3-reszlet","status":"publish","type":"page","link":"https:\/\/www.femmeharmone.com\/eng\/a-noi-dimenzio\/iii-evfolyam-1-szam\/tudomany7\/radioegyetem-a-vilagmindenseg-torvenyei-3-reszlet\/","title":{"rendered":"R\u00e1di\u00f3egyetem: A vil\u00e1gmindens\u00e9g t\u00f6rv\u00e9nyei (3. r\u00e9szlet)"},"content":{"rendered":"<p class=\"has-text-align-center\">1971. 02. 23.&nbsp;<br>Pet\u0151fi R\u00e1di\u00f3<\/p>\n\n\n\n<p class=\"has-text-align-center\">Szerkeszt\u0151\u2013m\u0171sorvezet\u0151: Eke K\u00e1roly<br>A besz\u00e9lget\u00e9s r\u00e9sztvev\u0151i: Detre L\u00e1szl\u00f3, Ill M\u00e1rton, Bal\u00e1zs J\u00falia, Bal\u00e1zs Lajos, Marx Gy\u00f6rgy, Simonffy G\u00e9za<\/p>\n\n\n\n<figure class=\"wp-block-image size-large\"><img loading=\"lazy\" decoding=\"async\" width=\"883\" height=\"1024\" src=\"https:\/\/www.femmeharmone.com\/wp-content\/uploads\/2024\/03\/RE3_kep-883x1024.jpg\" alt=\"\" class=\"wp-image-4143\" srcset=\"https:\/\/www.femmeharmone.com\/wp-content\/uploads\/2024\/03\/RE3_kep-883x1024.jpg 883w, https:\/\/www.femmeharmone.com\/wp-content\/uploads\/2024\/03\/RE3_kep-259x300.jpg 259w, https:\/\/www.femmeharmone.com\/wp-content\/uploads\/2024\/03\/RE3_kep-768x891.jpg 768w, https:\/\/www.femmeharmone.com\/wp-content\/uploads\/2024\/03\/RE3_kep-1324x1536.jpg 1324w, https:\/\/www.femmeharmone.com\/wp-content\/uploads\/2024\/03\/RE3_kep-10x12.jpg 10w, https:\/\/www.femmeharmone.com\/wp-content\/uploads\/2024\/03\/RE3_kep-1568x1819.jpg 1568w, https:\/\/www.femmeharmone.com\/wp-content\/uploads\/2024\/03\/RE3_kep.jpg 1743w\" sizes=\"(max-width: 883px) 100vw, 883px\" \/><\/figure>\n\n\n\n<figure class=\"wp-block-audio\"><audio controls src=\"https:\/\/www.femmeharmone.com\/wp-content\/uploads\/2024\/03\/RE3_track11_12.mp3\"><\/audio><\/figure>\n\n\n\n<p class=\"has-text-align-center\">K\u00f6sz\u00f6nj\u00fck Bal\u00e1zs J\u00falia csal\u00e1dj\u00e1nak a rendelkez\u00e9s\u00fcnkre bocs\u00e1tott fot\u00f3kat.<\/p>\n\n\n\n<div style=\"height:100px\" aria-hidden=\"true\" class=\"wp-block-spacer\"><\/div>","protected":false},"excerpt":{"rendered":"<p>1971. 02. 23.&nbsp;Pet\u0151fi R\u00e1di\u00f3 Szerkeszt\u0151\u2013m\u0171sorvezet\u0151: Eke K\u00e1rolyA besz\u00e9lget\u00e9s r\u00e9sztvev\u0151i: Detre L\u00e1szl\u00f3, Ill M\u00e1rton, Bal\u00e1zs J\u00falia, Bal\u00e1zs Lajos, Marx Gy\u00f6rgy, Simonffy G\u00e9za K\u00f6sz\u00f6nj\u00fck Bal\u00e1zs J\u00falia csal\u00e1dj\u00e1nak a rendelkez\u00e9s\u00fcnkre bocs\u00e1tott fot\u00f3kat.<\/p>","protected":false},"author":1,"featured_media":0,"parent":4076,"menu_order":17,"comment_status":"closed","ping_status":"closed","template":"page-article.php","meta":{"inline_featured_image":false,"footnotes":""},"categories":[],"tags":[],"_links":{"self":[{"href":"https:\/\/www.femmeharmone.com\/eng\/wp-json\/wp\/v2\/pages\/4172"}],"collection":[{"href":"https:\/\/www.femmeharmone.com\/eng\/wp-json\/wp\/v2\/pages"}],"about":[{"href":"https:\/\/www.femmeharmone.com\/eng\/wp-json\/wp\/v2\/types\/page"}],"author":[{"embeddable":true,"href":"https:\/\/www.femmeharmone.com\/eng\/wp-json\/wp\/v2\/users\/1"}],"replies":[{"embeddable":true,"href":"https:\/\/www.femmeharmone.com\/eng\/wp-json\/wp\/v2\/comments?post=4172"}],"version-history":[{"count":2,"href":"https:\/\/www.femmeharmone.com\/eng\/wp-json\/wp\/v2\/pages\/4172\/revisions"}],"predecessor-version":[{"id":4253,"href":"https:\/\/www.femmeharmone.com\/eng\/wp-json\/wp\/v2\/pages\/4172\/revisions\/4253"}],"up":[{"embeddable":true,"href":"https:\/\/www.femmeharmone.com\/eng\/wp-json\/wp\/v2\/pages\/4076"}],"wp:attachment":[{"href":"https:\/\/www.femmeharmone.com\/eng\/wp-json\/wp\/v2\/media?parent=4172"}],"wp:term":[{"taxonomy":"category","embeddable":true,"href":"https:\/\/www.femmeharmone.com\/eng\/wp-json\/wp\/v2\/categories?post=4172"},{"taxonomy":"post_tag","embeddable":true,"href":"https:\/\/www.femmeharmone.com\/eng\/wp-json\/wp\/v2\/tags?post=4172"}],"curies":[{"name":"wp","href":"https:\/\/api.w.org\/{rel}","templated":true}]}}