{"id":4434,"date":"2024-06-09T10:53:12","date_gmt":"2024-06-09T10:53:12","guid":{"rendered":"https:\/\/www.femmeharmone.com\/?page_id=4434"},"modified":"2024-11-28T13:06:28","modified_gmt":"2024-11-28T13:06:28","slug":"magyarorszag-maria-orszaga-absztraktfuzet-2024","status":"publish","type":"page","link":"https:\/\/www.femmeharmone.com\/eng\/kiadvanyok\/magyarorszag-maria-orszaga-absztraktfuzet-2024\/","title":{"rendered":"Magyarorsz\u00e1g \u2013 M\u00e1ria orsz\u00e1ga absztraktf\u00fczet (2024)"},"content":{"rendered":"<div data-wp-interactive=\"core\/file\" class=\"wp-block-file\"><object data-wp-bind--hidden=\"!state.hasPdfPreview\"  class=\"wp-block-file__embed\" data=\"https:\/\/www.femmeharmone.com\/wp-content\/uploads\/2024\/06\/MMO_absztraktfuzet.pdf\" type=\"application\/pdf\" style=\"width:100%;height:1200px\" aria-label=\"Embed of MMO_absztraktfuzet.\"><\/object><a id=\"wp-block-file--media-46c746f8-fb59-4412-9561-8508037365bc\" href=\"https:\/\/www.femmeharmone.com\/wp-content\/uploads\/2024\/06\/MMO_absztraktfuzet.pdf\">MMO_absztraktfuzet<\/a><a href=\"https:\/\/www.femmeharmone.com\/wp-content\/uploads\/2024\/06\/MMO_absztraktfuzet.pdf\" class=\"wp-block-file__button wp-element-button\" download aria-describedby=\"wp-block-file--media-46c746f8-fb59-4412-9561-8508037365bc\">Let\u00f6lt\u00e9s<\/a><\/div>","protected":false},"excerpt":{"rendered":"","protected":false},"author":1,"featured_media":0,"parent":3747,"menu_order":7,"comment_status":"closed","ping_status":"closed","template":"","meta":{"inline_featured_image":false,"footnotes":""},"categories":[],"tags":[],"_links":{"self":[{"href":"https:\/\/www.femmeharmone.com\/eng\/wp-json\/wp\/v2\/pages\/4434"}],"collection":[{"href":"https:\/\/www.femmeharmone.com\/eng\/wp-json\/wp\/v2\/pages"}],"about":[{"href":"https:\/\/www.femmeharmone.com\/eng\/wp-json\/wp\/v2\/types\/page"}],"author":[{"embeddable":true,"href":"https:\/\/www.femmeharmone.com\/eng\/wp-json\/wp\/v2\/users\/1"}],"replies":[{"embeddable":true,"href":"https:\/\/www.femmeharmone.com\/eng\/wp-json\/wp\/v2\/comments?post=4434"}],"version-history":[{"count":3,"href":"https:\/\/www.femmeharmone.com\/eng\/wp-json\/wp\/v2\/pages\/4434\/revisions"}],"predecessor-version":[{"id":4975,"href":"https:\/\/www.femmeharmone.com\/eng\/wp-json\/wp\/v2\/pages\/4434\/revisions\/4975"}],"up":[{"embeddable":true,"href":"https:\/\/www.femmeharmone.com\/eng\/wp-json\/wp\/v2\/pages\/3747"}],"wp:attachment":[{"href":"https:\/\/www.femmeharmone.com\/eng\/wp-json\/wp\/v2\/media?parent=4434"}],"wp:term":[{"taxonomy":"category","embeddable":true,"href":"https:\/\/www.femmeharmone.com\/eng\/wp-json\/wp\/v2\/categories?post=4434"},{"taxonomy":"post_tag","embeddable":true,"href":"https:\/\/www.femmeharmone.com\/eng\/wp-json\/wp\/v2\/tags?post=4434"}],"curies":[{"name":"wp","href":"https:\/\/api.w.org\/{rel}","templated":true}]}}