{"id":4485,"date":"2024-06-26T22:18:02","date_gmt":"2024-06-26T22:18:02","guid":{"rendered":"https:\/\/www.femmeharmone.com\/?page_id=4485"},"modified":"2024-10-11T15:26:09","modified_gmt":"2024-10-11T15:26:09","slug":"atmeneti-kor","status":"publish","type":"page","link":"https:\/\/www.femmeharmone.com\/eng\/a-noi-dimenzio\/iii-evfolyam-2-szam\/koszonto8\/atmeneti-kor\/","title":{"rendered":"\u00c1tmeneti kor"},"content":{"rendered":"<p>Vannak korfordul\u00f3k, amelyek alapvet\u0151 hatalmi \u00e9s\/vagy gazdas\u00e1gi, \u00e1tstruktur\u00e1l\u00f3d\u00e1si folyamatokat jelentenek, k\u00e9t hosszabb, stabil hatalmi \u00e9s gazdas\u00e1gi strukt\u00far\u00e1t jelent\u0151 korszak k\u00f6z\u00f6tt. A korszakv\u00e1lt\u00e1sok jellemz\u0151i merev szab\u00e1lyokkal nemigen \u00edrhat\u00f3k le, mindenesetre a stabilnak tekinthet\u0151 id\u0151szakok \u00e1ltal\u00e1ban t\u00f6bb vagy ak\u00e1r sok \u00e9vsz\u00e1zad id\u0151tartamot jelenthetnek, \u00e9s az \u00e1tmeneti korok, amelyek \u00e1ltal\u00e1ban a t\u00e1rsadalmak sz\u00e1m\u00e1ra nehezen viselhet\u0151, viszontags\u00e1gos id\u0151szakot jelentenek, szint\u00e9n eltarthatnak ak\u00e1r t\u00f6bb \u00e9vsz\u00e1zadon \u00e1t is. Ezenfel\u00fcl m\u00e9g azt lehet elmondani, hogy k\u00e9t stabiliz\u00e1l\u00f3dott korszakot \u00f6sszevetve, \u00e1ltal\u00e1ban a kult\u00fara is l\u00e9nyegi \u00e1tstruktur\u00e1l\u00f3d\u00e1si jegyeket mutat, olyannyira, hogy az egyik korb\u00f3l a m\u00e1sikat n\u00e9zve az emberek t\u00f6rekv\u00e9sei, \u00e9rt\u00e9kszeml\u00e9lete nem is felt\u00e9tlen \u00f6sszevethet\u0151. A haszn\u00e1latban l\u00e9v\u0151 fogalmak, vagy a fogalmaknak tulajdon\u00edtott \u00e9rtelem k\u00f6z\u00f6tt is jelent\u0151s elt\u00e9r\u00e9s lehet. Ez\u00e9rt nem \u00e9rtj\u00fck a m\u00e1b\u00f3l n\u00e9zve p\u00e9ld\u00e1ul az egyiptomi vagy az azt\u00e9k kult\u00far\u00e1t.<\/p>\n\n\n\n<p>Mindezzel term\u00e9szetesen az is j\u00e1r, hogy az \u00e1tmeneti kor kult\u00fara\u00e1talakul\u00e1s\u00e1ban megv\u00e1ltozhat az, amit az emberek \u00e1ltal\u00e1ban \u00e9letfeladatuknak tudnak tekinteni. Mivel pedig az ember \u00f6nmag\u00e1t a lehets\u00e9ges \u00e9letfeladat\u00e1hoz k\u00e9pest azonos\u00edtja, megv\u00e1ltozik annak a rendk\u00edv\u00fcl \u00e1rnyalt \u00f6sszetev\u0151knek az egy\u00fcttese, amit az ember identit\u00e1s\u00e1nak nevez\u00fcnk.<\/p>\n\n\n\n<p>Az\u00e9rt fontos ezt v\u00e9giggondolnunk, mert jelenleg \u00e9ppen \u00e1tmeneti korban \u00e9l\u00fcnk. A v\u00e1ltoz\u00e1sok \u00fcteme nem felt\u00e9tlen olyan, ami el\u00e9ri az ingerk\u00fcsz\u00f6b\u00fcnket, de a korra jellemz\u0151 labilit\u00e1s m\u00e1r hosszabb ideje r\u00e9sze az \u00e9let\u00fcnknek, \u00e9s \u00fagy a tudom\u00e1ny, vagy a filoz\u00f3fi\u00e1k \u00e9s vall\u00e1sok, \u00fagy a hatalmi strukt\u00fara ter\u00fclet\u00e9n l\u00e1that\u00f3k azok a jelek, amelyek a radik\u00e1lis \u00e1talakul\u00e1s ir\u00e1nti v\u00e1rakoz\u00e1st mindenk\u00e9ppen indokolj\u00e1k.<\/p>\n\n\n\n<p>Ebben a sz\u00e1munkban is k\u00f6zl\u00fcnk olyan \u00faj fizikai elm\u00e9letet, amelynek j\u00f6v\u0151j\u00e9t ugyan m\u00e9g nem ismerj\u00fck, de arra mindenk\u00e9ppen bizony\u00edt\u00e9k, hogy a m\u00e1r v\u00e9glegesnek tekintett elm\u00e9letek sem felt\u00e9tlen \u00f6r\u00f6k \u00e9let\u0171ek, ha egyszer csak j\u00f6n egy ember, aki ugyanazokra a dolgokra egy eg\u00e9szen m\u00e1s szemsz\u00f6gb\u0151l tud r\u00e1n\u00e9zni.<\/p>\n\n\n\n<p>A fizika persze nem felt\u00e9tlen k\u00e9nyszer\u00edti ki az \u00faj elm\u00e9leteket, hanem azok vagy inspir\u00e1l\u00f3dnak, vagy nem. Ezzel szemben a k\u00f6rbelakott \u00e9s agyonszennyezett f\u00f6ldgoly\u00f3nk lassan kik\u00e9nyszer\u00edt bel\u0151l\u00fcnk valami gy\u00f6keresen m\u00e1s \u00e9letszeml\u00e9letet, ha nem akarunk kipusztulni. Mindenesetre egy sz\u00e1z\u00e9ves t\u00e1vlatban semmik\u00e9ppen sem lehets\u00e9ges a maival k\u00f6zel azonos \u00e9rt\u00e9krend, \u00e9letfeladat \u00e9s identit\u00e1s m\u0171k\u00f6dtet\u00e9se. Ugyanakkor ma m\u00e9g neh\u00e9z lenne megj\u00f3solni a sz\u00e1z \u00e9v m\u00falva aktu\u00e1lis t\u00e1rsadalomszervez\u0151 \u00e9rt\u00e9kelveket. Egy dolog azonban bizonyosnak t\u0171nik. A m\u00fal\u00f3f\u00e9lben l\u00e9v\u0151 korszak kult\u00far\u00e1j\u00e1nak maszkulin fel\u00fclreprezent\u00e1lts\u00e1ga \u00f6sszef\u00fcgg a f\u00f6ldi l\u00e9tez\u00e9s nagyon finoman hangolt egyens\u00falyi rendszereinek megboml\u00e1s\u00e1val.<\/p>\n\n\n\n<p>Nem valamif\u00e9le f\u00e9rfiakkal szembeni hadj\u00e1ratr\u00f3l van itt sz\u00f3. Azonban tudom\u00e1sul kell venni, hogy vissza kell ny\u00falnunk az alapokig, mert jelenleg a n\u0151k gondolkod\u00e1s\u00e1ra is r\u00e1nyomja a b\u00e9lyeg\u00e9t a maszkulin \u00e9rt\u00e9krend, \u00e9s a n\u0151k is a f\u00e9rfi \u00e9rt\u00e9krend szerint m\u00e9rik magukat. K\u00f6vetkez\u00e9sk\u00e9ppen most, amikor a t\u00e1rsadalmi viszonyok ezt m\u00e1r megengedik, a n\u0151knek egy nagy munk\u00e1t kell elv\u00e9gezni \u00f6nmagukon: le kell fejteni\u00fck tudatukr\u00f3l a maszkulin szocializ\u00e1ci\u00f3s r\u00e9teget, \u00e9s fel kell t\u00e1rniuk eredeti \u00f6nmaguk. Ezt k\u00f6vet\u0151en v\u00e1lik lehet\u0151v\u00e9 eredeti val\u00f3juk t\u00e9nyleges reprezent\u00e1ci\u00f3ja a kult\u00far\u00e1ban. Amikor pedig ennek a folyamatnak az eredm\u00e9nyek\u00e9ppen be\u00e1ll a maszkulin \u00e9s feminin reprezent\u00e1ci\u00f3 egyens\u00falya, az egy eg\u00e9szen m\u00e1s vil\u00e1g lesz. Ez mindannyiunk \u00e9rdeke. A f\u00e9rfiak\u00e9 is.<\/p>\n\n\n\n<p class=\"has-text-align-right\"><em>Major Gy\u00f6ngyi<\/em><\/p>","protected":false},"excerpt":{"rendered":"<p>Vannak korfordul\u00f3k, amelyek alapvet\u0151 hatalmi \u00e9s\/vagy gazdas\u00e1gi, \u00e1tstruktur\u00e1l\u00f3d\u00e1si folyamatokat jelentenek, k\u00e9t hosszabb, stabil hatalmi \u00e9s gazdas\u00e1gi strukt\u00far\u00e1t jelent\u0151 korszak k\u00f6z\u00f6tt. A korszakv\u00e1lt\u00e1sok jellemz\u0151i merev szab\u00e1lyokkal nemigen \u00edrhat\u00f3k le, mindenesetre a stabilnak tekinthet\u0151 id\u0151szakok \u00e1ltal\u00e1ban t\u00f6bb vagy ak\u00e1r sok \u00e9vsz\u00e1zad id\u0151tartamot jelenthetnek, \u00e9s az \u00e1tmeneti korok, amelyek \u00e1ltal\u00e1ban a t\u00e1rsadalmak sz\u00e1m\u00e1ra nehezen viselhet\u0151, viszontags\u00e1gos id\u0151szakot jelentenek,&hellip;<\/p>","protected":false},"author":1,"featured_media":0,"parent":4465,"menu_order":1,"comment_status":"closed","ping_status":"closed","template":"page-article.php","meta":{"inline_featured_image":false,"footnotes":""},"categories":[],"tags":[],"_links":{"self":[{"href":"https:\/\/www.femmeharmone.com\/eng\/wp-json\/wp\/v2\/pages\/4485"}],"collection":[{"href":"https:\/\/www.femmeharmone.com\/eng\/wp-json\/wp\/v2\/pages"}],"about":[{"href":"https:\/\/www.femmeharmone.com\/eng\/wp-json\/wp\/v2\/types\/page"}],"author":[{"embeddable":true,"href":"https:\/\/www.femmeharmone.com\/eng\/wp-json\/wp\/v2\/users\/1"}],"replies":[{"embeddable":true,"href":"https:\/\/www.femmeharmone.com\/eng\/wp-json\/wp\/v2\/comments?post=4485"}],"version-history":[{"count":2,"href":"https:\/\/www.femmeharmone.com\/eng\/wp-json\/wp\/v2\/pages\/4485\/revisions"}],"predecessor-version":[{"id":4839,"href":"https:\/\/www.femmeharmone.com\/eng\/wp-json\/wp\/v2\/pages\/4485\/revisions\/4839"}],"up":[{"embeddable":true,"href":"https:\/\/www.femmeharmone.com\/eng\/wp-json\/wp\/v2\/pages\/4465"}],"wp:attachment":[{"href":"https:\/\/www.femmeharmone.com\/eng\/wp-json\/wp\/v2\/media?parent=4485"}],"wp:term":[{"taxonomy":"category","embeddable":true,"href":"https:\/\/www.femmeharmone.com\/eng\/wp-json\/wp\/v2\/categories?post=4485"},{"taxonomy":"post_tag","embeddable":true,"href":"https:\/\/www.femmeharmone.com\/eng\/wp-json\/wp\/v2\/tags?post=4485"}],"curies":[{"name":"wp","href":"https:\/\/api.w.org\/{rel}","templated":true}]}}