{"id":4493,"date":"2024-06-26T22:44:10","date_gmt":"2024-06-26T22:44:10","guid":{"rendered":"https:\/\/www.femmeharmone.com\/?page_id=4493"},"modified":"2024-06-27T01:06:21","modified_gmt":"2024-06-27T01:06:21","slug":"zene-es-csend-beszelgetes-boganyi-gergely-kossuth-es-liszt-ferenc-dijas-zongoramuvesszel","status":"publish","type":"page","link":"https:\/\/www.femmeharmone.com\/eng\/a-noi-dimenzio\/iii-evfolyam-2-szam\/zene8\/zene-es-csend-beszelgetes-boganyi-gergely-kossuth-es-liszt-ferenc-dijas-zongoramuvesszel\/","title":{"rendered":"Zene \u00e9s csend \u2013 Besz\u00e9lget\u00e9s <em>Bog\u00e1nyi Gergely<\/em> Kossuth- \u00e9s Liszt Ferenc-d\u00edjas zongoram\u0171v\u00e9sszel"},"content":{"rendered":"<div style=\"height:100px\" aria-hidden=\"true\" class=\"wp-block-spacer\"><\/div>\n\n\n\n<figure class=\"wp-block-embed is-type-video is-provider-youtube wp-block-embed-youtube wp-embed-aspect-16-9 wp-has-aspect-ratio\"><div class=\"wp-block-embed__wrapper\">\n<iframe loading=\"lazy\" title=\"Zene \u00e9s csend \u2013 Besz\u00e9lget\u00e9s Bog\u00e1nyi Gergely Kossuth- \u00e9s Liszt Ferenc-d\u00edjas zongoram\u0171v\u00e9sszel\" width=\"750\" height=\"422\" src=\"https:\/\/www.youtube.com\/embed\/dbqOF2Q1Er8?feature=oembed\" frameborder=\"0\" allow=\"accelerometer; autoplay; clipboard-write; encrypted-media; gyroscope; picture-in-picture; web-share\" referrerpolicy=\"strict-origin-when-cross-origin\" allowfullscreen><\/iframe>\n<\/div><\/figure>\n\n\n\n<div style=\"height:50px\" aria-hidden=\"true\" class=\"wp-block-spacer\"><\/div>\n\n\n\n<p>Bog\u00e1nyi Gergely Kossuth- \u00e9s Liszt Ferenc-d\u00edjas zongoram\u0171v\u00e9sz \u00e9lete a k\u00fcls\u0151 szeml\u00e9l\u0151 sz\u00e1m\u00e1ra egyetlen magasra fut\u00f3 p\u00e1lya\u00edv. Zen\u00e9szcsal\u00e1dba sz\u00fcletett, s tehets\u00e9ge m\u00e1r kisgyermek kor\u00e1ban nyilv\u00e1nval\u00f3v\u00e1 v\u00e1lt. Els\u0151 el\u0151ad\u00f3i d\u00edj\u00e1t hat\u00e9vesen nyerte, s onnan megkapott minden t\u00e1mogat\u00e1st a korban hozz\u00e1ill\u0151, \u00e9s egyre magasabb k\u00e9pz\u00e9si fokozatokhoz. Elnyerte a Finn Zeneakad\u00e9mia \u00f6szt\u00f6nd\u00edj\u00e1t, \u00e9s egyid\u0151ben p\u00e1rhuzamosan tanult egy amerikai zenem\u0171v\u00e9szeti egyetemen \u00e9s a budapesti Zeneakad\u00e9mi\u00e1n.<\/p>\n\n\n\n<p>M\u00e1ra Chopin egyik legavatottabb el\u0151ad\u00f3jak\u00e9nt koncertjeivel bej\u00e1rta a vil\u00e1got. Kitart\u00e1s\u00e1val, \u00e1ldozatos munk\u00e1val, zene ir\u00e1nti al\u00e1zat\u00e1val hatalmasra n\u00f6velt reperto\u00e1rja mellett jutott ideje a zongor\u00e1val mint technikailag \u00e9rtelmezett hangszerrel behat\u00f3an foglalkozni. N\u00e9h\u00e1ny saj\u00e1t szakm\u00e1j\u00e1ban tehets\u00e9ges t\u00e1rssal megalkotta a nev\u00e9vel f\u00e9mjelzett zongor\u00e1t, mely egyed\u00fcl\u00e1ll\u00f3 hangz\u00e1sk\u00e9pet jelen\u00edt meg.<\/p>\n\n\n\n<p>Mindezen t\u00fal magas szinten m\u0171veli mag\u00e1t, megalapozott v\u00e9lem\u00e9nye van a vil\u00e1gr\u00f3l, az \u00e9letr\u0151l, a metafizikailag \u00e9rtelmezhet\u0151 val\u00f3s\u00e1gr\u00f3l. Sz\u00ednes \u00e9s sokoldal\u00fa szem\u00e9lyis\u00e9ge \u00e9rdekes besz\u00e9lget\u00e9s lehet\u0151s\u00e9g\u00e9t k\u00edn\u00e1lta Major Gy\u00f6ngyivel, a Kort\u00e1rs N\u0151i Reflexi\u00f3k F\u00f3rum\u00e1nak eln\u00f6k\u00e9vel, aki n\u00e9h\u00e1ny k\u00e9rd\u00e9s erej\u00e9ig k\u00eds\u00e9rletet tett bepillant\u00e1st nyerni a m\u0171v\u00e9sz m\u00e9lyl\u00e9lektan\u00e1ba.<\/p>\n\n\n\n<div style=\"height:100px\" aria-hidden=\"true\" class=\"wp-block-spacer\"><\/div>","protected":false},"excerpt":{"rendered":"<p>Bog\u00e1nyi Gergely Kossuth- \u00e9s Liszt Ferenc-d\u00edjas zongoram\u0171v\u00e9sz \u00e9lete a k\u00fcls\u0151 szeml\u00e9l\u0151 sz\u00e1m\u00e1ra egyetlen magasra fut\u00f3 p\u00e1lya\u00edv. Zen\u00e9szcsal\u00e1dba sz\u00fcletett, s tehets\u00e9ge m\u00e1r kisgyermek kor\u00e1ban nyilv\u00e1nval\u00f3v\u00e1 v\u00e1lt. Els\u0151 el\u0151ad\u00f3i d\u00edj\u00e1t hat\u00e9vesen nyerte, s onnan megkapott minden t\u00e1mogat\u00e1st a korban hozz\u00e1ill\u0151, \u00e9s egyre magasabb k\u00e9pz\u00e9si fokozatokhoz. Elnyerte a Finn Zeneakad\u00e9mia \u00f6szt\u00f6nd\u00edj\u00e1t, \u00e9s egyid\u0151ben p\u00e1rhuzamosan tanult egy amerikai zenem\u0171v\u00e9szeti&hellip;<\/p>","protected":false},"author":1,"featured_media":0,"parent":4470,"menu_order":2,"comment_status":"closed","ping_status":"closed","template":"page-article.php","meta":{"inline_featured_image":false,"footnotes":""},"categories":[],"tags":[],"_links":{"self":[{"href":"https:\/\/www.femmeharmone.com\/eng\/wp-json\/wp\/v2\/pages\/4493"}],"collection":[{"href":"https:\/\/www.femmeharmone.com\/eng\/wp-json\/wp\/v2\/pages"}],"about":[{"href":"https:\/\/www.femmeharmone.com\/eng\/wp-json\/wp\/v2\/types\/page"}],"author":[{"embeddable":true,"href":"https:\/\/www.femmeharmone.com\/eng\/wp-json\/wp\/v2\/users\/1"}],"replies":[{"embeddable":true,"href":"https:\/\/www.femmeharmone.com\/eng\/wp-json\/wp\/v2\/comments?post=4493"}],"version-history":[{"count":6,"href":"https:\/\/www.femmeharmone.com\/eng\/wp-json\/wp\/v2\/pages\/4493\/revisions"}],"predecessor-version":[{"id":4583,"href":"https:\/\/www.femmeharmone.com\/eng\/wp-json\/wp\/v2\/pages\/4493\/revisions\/4583"}],"up":[{"embeddable":true,"href":"https:\/\/www.femmeharmone.com\/eng\/wp-json\/wp\/v2\/pages\/4470"}],"wp:attachment":[{"href":"https:\/\/www.femmeharmone.com\/eng\/wp-json\/wp\/v2\/media?parent=4493"}],"wp:term":[{"taxonomy":"category","embeddable":true,"href":"https:\/\/www.femmeharmone.com\/eng\/wp-json\/wp\/v2\/categories?post=4493"},{"taxonomy":"post_tag","embeddable":true,"href":"https:\/\/www.femmeharmone.com\/eng\/wp-json\/wp\/v2\/tags?post=4493"}],"curies":[{"name":"wp","href":"https:\/\/api.w.org\/{rel}","templated":true}]}}