{"id":4495,"date":"2024-06-26T22:47:41","date_gmt":"2024-06-26T22:47:41","guid":{"rendered":"https:\/\/www.femmeharmone.com\/?page_id=4495"},"modified":"2024-10-11T15:28:22","modified_gmt":"2024-10-11T15:28:22","slug":"suto-zoltan-csontvary-a-kultura-szingularis-pontja","status":"publish","type":"page","link":"https:\/\/www.femmeharmone.com\/eng\/a-noi-dimenzio\/iii-evfolyam-2-szam\/kepzo-es-iparmuveszet8\/suto-zoltan-csontvary-a-kultura-szingularis-pontja\/","title":{"rendered":"<em>S\u00fct\u0151 Zolt\u00e1n:<\/em> Csontv\u00e1ry a kult\u00fara szingul\u00e1ris pontja"},"content":{"rendered":"<p class=\"has-text-align-right\"><em><a href=\"https:\/\/doi.org\/10.55344\/andfh.2302010\">DOI: 10.55344\/andfh.2302010<\/a><\/em><\/p>\n\n\n\n<div style=\"height:100px\" aria-hidden=\"true\" class=\"wp-block-spacer\"><\/div>\n\n\n\n<div data-wp-interactive=\"core\/file\" class=\"wp-block-file\"><object data-wp-bind--hidden=\"!state.hasPdfPreview\"  class=\"wp-block-file__embed\" data=\"https:\/\/www.femmeharmone.com\/wp-content\/uploads\/2024\/10\/AND8_2023_Nyar_v1_1_Suto_Zoltan.pdf\" type=\"application\/pdf\" style=\"width:100%;height:1500px\" aria-label=\"Embed of AND8_2023_Nyar_v1_1_Suto_Zoltan.\"><\/object><a id=\"wp-block-file--media-53719ec7-f650-45bb-827f-c895d9714624\" href=\"https:\/\/www.femmeharmone.com\/wp-content\/uploads\/2024\/10\/AND8_2023_Nyar_v1_1_Suto_Zoltan.pdf\">AND8_2023_Nyar_v1_1_Suto_Zoltan<\/a><a href=\"https:\/\/www.femmeharmone.com\/wp-content\/uploads\/2024\/10\/AND8_2023_Nyar_v1_1_Suto_Zoltan.pdf\" class=\"wp-block-file__button wp-element-button\" download aria-describedby=\"wp-block-file--media-53719ec7-f650-45bb-827f-c895d9714624\">Let\u00f6lt\u00e9s<\/a><\/div>","protected":false},"excerpt":{"rendered":"<p>DOI: 10.55344\/andfh.2302010<\/p>","protected":false},"author":1,"featured_media":0,"parent":4472,"menu_order":1,"comment_status":"closed","ping_status":"closed","template":"page-article.php","meta":{"inline_featured_image":false,"footnotes":""},"categories":[],"tags":[],"_links":{"self":[{"href":"https:\/\/www.femmeharmone.com\/eng\/wp-json\/wp\/v2\/pages\/4495"}],"collection":[{"href":"https:\/\/www.femmeharmone.com\/eng\/wp-json\/wp\/v2\/pages"}],"about":[{"href":"https:\/\/www.femmeharmone.com\/eng\/wp-json\/wp\/v2\/types\/page"}],"author":[{"embeddable":true,"href":"https:\/\/www.femmeharmone.com\/eng\/wp-json\/wp\/v2\/users\/1"}],"replies":[{"embeddable":true,"href":"https:\/\/www.femmeharmone.com\/eng\/wp-json\/wp\/v2\/comments?post=4495"}],"version-history":[{"count":5,"href":"https:\/\/www.femmeharmone.com\/eng\/wp-json\/wp\/v2\/pages\/4495\/revisions"}],"predecessor-version":[{"id":4841,"href":"https:\/\/www.femmeharmone.com\/eng\/wp-json\/wp\/v2\/pages\/4495\/revisions\/4841"}],"up":[{"embeddable":true,"href":"https:\/\/www.femmeharmone.com\/eng\/wp-json\/wp\/v2\/pages\/4472"}],"wp:attachment":[{"href":"https:\/\/www.femmeharmone.com\/eng\/wp-json\/wp\/v2\/media?parent=4495"}],"wp:term":[{"taxonomy":"category","embeddable":true,"href":"https:\/\/www.femmeharmone.com\/eng\/wp-json\/wp\/v2\/categories?post=4495"},{"taxonomy":"post_tag","embeddable":true,"href":"https:\/\/www.femmeharmone.com\/eng\/wp-json\/wp\/v2\/tags?post=4495"}],"curies":[{"name":"wp","href":"https:\/\/api.w.org\/{rel}","templated":true}]}}