{"id":4497,"date":"2024-06-26T22:49:54","date_gmt":"2024-06-26T22:49:54","guid":{"rendered":"https:\/\/www.femmeharmone.com\/?page_id=4497"},"modified":"2024-10-11T15:31:33","modified_gmt":"2024-10-11T15:31:33","slug":"h-kakucska-maria-orczy-lorinc-hitvallasa-es-kuldetese","status":"publish","type":"page","link":"https:\/\/www.femmeharmone.com\/eng\/a-noi-dimenzio\/iii-evfolyam-2-szam\/irodalom8\/h-kakucska-maria-orczy-lorinc-hitvallasa-es-kuldetese\/","title":{"rendered":"<em>H. Kakucska M\u00e1ria:<\/em> Orczy L\u0151rinc hitvall\u00e1sa \u00e9s k\u00fcldet\u00e9se"},"content":{"rendered":"<p class=\"has-text-align-right\"><em><a href=\"https:\/\/doi.org\/10.55344\/andfh.2302040\">DOI: 10.55344\/andfh.2302040<\/a><\/em><\/p>\n\n\n\n<div style=\"height:100px\" aria-hidden=\"true\" class=\"wp-block-spacer\"><\/div>\n\n\n\n<div data-wp-interactive=\"core\/file\" class=\"wp-block-file\"><object data-wp-bind--hidden=\"!state.hasPdfPreview\"  class=\"wp-block-file__embed\" data=\"https:\/\/www.femmeharmone.com\/wp-content\/uploads\/2024\/10\/AND8_2023_Nyar_v1_1_H_Kakucska_Orczy.pdf\" type=\"application\/pdf\" style=\"width:100%;height:1500px\" aria-label=\"Embed of AND8_2023_Nyar_v1_1_H_Kakucska_Orczy.\"><\/object><a id=\"wp-block-file--media-b082c1e9-b034-4fcb-9b0a-41e18b41e679\" href=\"https:\/\/www.femmeharmone.com\/wp-content\/uploads\/2024\/10\/AND8_2023_Nyar_v1_1_H_Kakucska_Orczy.pdf\">AND8_2023_Nyar_v1_1_H_Kakucska_Orczy<\/a><a href=\"https:\/\/www.femmeharmone.com\/wp-content\/uploads\/2024\/10\/AND8_2023_Nyar_v1_1_H_Kakucska_Orczy.pdf\" class=\"wp-block-file__button wp-element-button\" download aria-describedby=\"wp-block-file--media-b082c1e9-b034-4fcb-9b0a-41e18b41e679\">Let\u00f6lt\u00e9s<\/a><\/div>","protected":false},"excerpt":{"rendered":"<p>DOI: 10.55344\/andfh.2302040<\/p>","protected":false},"author":1,"featured_media":0,"parent":4474,"menu_order":1,"comment_status":"closed","ping_status":"closed","template":"page-article.php","meta":{"inline_featured_image":false,"footnotes":""},"categories":[],"tags":[],"_links":{"self":[{"href":"https:\/\/www.femmeharmone.com\/eng\/wp-json\/wp\/v2\/pages\/4497"}],"collection":[{"href":"https:\/\/www.femmeharmone.com\/eng\/wp-json\/wp\/v2\/pages"}],"about":[{"href":"https:\/\/www.femmeharmone.com\/eng\/wp-json\/wp\/v2\/types\/page"}],"author":[{"embeddable":true,"href":"https:\/\/www.femmeharmone.com\/eng\/wp-json\/wp\/v2\/users\/1"}],"replies":[{"embeddable":true,"href":"https:\/\/www.femmeharmone.com\/eng\/wp-json\/wp\/v2\/comments?post=4497"}],"version-history":[{"count":5,"href":"https:\/\/www.femmeharmone.com\/eng\/wp-json\/wp\/v2\/pages\/4497\/revisions"}],"predecessor-version":[{"id":4843,"href":"https:\/\/www.femmeharmone.com\/eng\/wp-json\/wp\/v2\/pages\/4497\/revisions\/4843"}],"up":[{"embeddable":true,"href":"https:\/\/www.femmeharmone.com\/eng\/wp-json\/wp\/v2\/pages\/4474"}],"wp:attachment":[{"href":"https:\/\/www.femmeharmone.com\/eng\/wp-json\/wp\/v2\/media?parent=4497"}],"wp:term":[{"taxonomy":"category","embeddable":true,"href":"https:\/\/www.femmeharmone.com\/eng\/wp-json\/wp\/v2\/categories?post=4497"},{"taxonomy":"post_tag","embeddable":true,"href":"https:\/\/www.femmeharmone.com\/eng\/wp-json\/wp\/v2\/tags?post=4497"}],"curies":[{"name":"wp","href":"https:\/\/api.w.org\/{rel}","templated":true}]}}