{"id":4499,"date":"2024-06-26T22:51:28","date_gmt":"2024-06-26T22:51:28","guid":{"rendered":"https:\/\/www.femmeharmone.com\/?page_id=4499"},"modified":"2024-10-11T15:32:13","modified_gmt":"2024-10-11T15:32:13","slug":"h-kakucska-maria-joanes-ludovicus-vives-a-noneveles-apostola-a-noneveles-atyja-es-magyar-vonatkozasai","status":"publish","type":"page","link":"https:\/\/www.femmeharmone.com\/eng\/a-noi-dimenzio\/iii-evfolyam-2-szam\/tudomany8\/h-kakucska-maria-joanes-ludovicus-vives-a-noneveles-apostola-a-noneveles-atyja-es-magyar-vonatkozasai\/","title":{"rendered":"<em>H. Kakucska M\u00e1ria:<\/em> Joanes Ludovicus Vives a n\u0151nevel\u00e9s apostola, a n\u0151nevel\u00e9s atyja \u00e9s magyar vonatkoz\u00e1sai"},"content":{"rendered":"\n<p class=\"has-text-align-right\"><em><a href=\"https:\/\/doi.org\/10.55344\/andfh.2302051\">DOI: 10.55344\/andfh.2302051<\/a><\/em><\/p>\n\n\n\n<div style=\"height:100px\" aria-hidden=\"true\" class=\"wp-block-spacer\"><\/div>\n\n\n\n<p><em><strong>Absztrakt<\/strong><\/em><\/p>\n\n\n\n<p><strong>A tanulm\u00e1ny c\u00e9lja nemcsak megeml\u00e9kez\u00e9s Vives sz\u00fclet\u00e9s\u00e9nek 530. \u00e9vfordul\u00f3j\u00e1r\u00f3l, hanem annak a felid\u00e9z\u00e9se is, hogy a 16. sz\u00e1zadi \u201etud\u00f3s h\u00e1rmast\u201d alkot\u00f3 f\u00e9rfi\u00fak \u2013 Rotterdami Erasmus, Thomas More \u00e9s Joannes Ludovicus Vives \u2013 k\u00f6z\u00fcl \u0151, a legfiatalabb napjainkban a \u201elegismeretlenebb\u00fcl a legismertebb\u201d az\u00e1ltal, hogy elk\u00e9pzel\u00e9seib\u0151l a \u201emodern nevel\u00e9studom\u00e1ny\u201d nev\u00e9nek eml\u00edt\u00e9se n\u00e9lk\u00fcl val\u00f3s\u00edtott meg j\u00f3 n\u00e9h\u00e1nyat. Jelent\u0151s hivatal, befoly\u00e1s n\u00e9lk\u00fcl a kort\u00e1rs eur\u00f3pai \u00e9s magyar t\u00f6rt\u00e9n\u00e9sek j\u00f3 ismer\u0151je volt. A 16\u201317. sz\u00e1zad tud\u00f3s elm\u00e9i egy\u00fctt emlegett\u00e9k \u0151ket. A korban Vives kiv\u00e9tel\u00e9vel mindenki boldog lehetett, aki Erasmus legal\u00e1bb egy lev\u00e9ldarabk\u00e1j\u00e1t birtokolhatta. Vivesnek t\u00f6bb is volt; \u0151t azonban b\u00e1ntotta a p\u00e1rtfog\u00f3nak, bar\u00e1tnak hitt szem\u00e9ly leveleinek egyre elhideg\u00fcl\u0151, v\u00e1daskod\u00f3 hangv\u00e9tele. Erasmus Vives ir\u00e1nti szimp\u00e1ti\u00e1j\u00e1nak cs\u00f6kken\u00e9s\u00e9r\u0151l, s\u0151t a Vivesszel val\u00f3 bar\u00e1tkoz\u00e1s eltan\u00e1csol\u00e1s\u00e1r\u00f3l olvashatunk leveleiben.<a id=\"_ftnref1\" href=\"#_ftn1\"><sup>[1]<\/sup><\/a> Ennek ellen\u00e9re a reform\u00e1ci\u00f3 k\u00f6zrem\u0171k\u00f6d\u0151i kerest\u00e9k t\u00e1rsas\u00e1g\u00e1t, id\u00e9zt\u00e9k, ford\u00edtott\u00e1k, kiadt\u00e1k m\u0171veit.<\/strong><\/p>\n\n\n\n<hr class=\"wp-block-separator has-alpha-channel-opacity\"\/>\n\n\n\n<p><a href=\"#_ftnref1\" id=\"_ftn1\">[1]<\/a><em> <\/em>Desiderii Erasmus,<em> Opus Epistolarum, <\/em>ed<em>.<\/em> Percy Stafford Allen, 1\u201312. t. (London: 1908\u20131952). Antip\u00e1ti\u00e1j\u00e1r\u00f3l p\u00e9ld\u00e1ul a VII. t. 2026. lev\u00e9l 5\u20136. sor: \u201eEgoque tuum consilium secutus cum Viue praeter civilem amicitiam nihil habui commune.\u201d \u00e9s Vives Erasmus elhideg\u00fcl\u00e9s\u00e9r\u0151l in Henry de Vocht, <em>Literae<\/em> <em>virorum eruditorum ad Franciscum Craneveldium<\/em> <em>1485<\/em><em>\u20131<\/em><em>564 <\/em>(Louvain: 1928). 8. lev\u00e9l 10\u201312. sor: \u201e[&#8230;] Si videres quas epistolas a[cci]pio ab Erasmo: uel hodie unam quam acrem! quam expostulatoriam! quam fulminem!\u201d<\/p>\n\n\n\n<div style=\"height:100px\" aria-hidden=\"true\" class=\"wp-block-spacer\"><\/div>\n\n\n\n<div data-wp-interactive=\"core\/file\" class=\"wp-block-file\"><object data-wp-bind--hidden=\"!state.hasPdfPreview\"  class=\"wp-block-file__embed\" data=\"https:\/\/www.femmeharmone.com\/wp-content\/uploads\/2024\/10\/AND8_2023_Nyar_v1_1_H_Kakucska_Vives.pdf\" type=\"application\/pdf\" style=\"width:100%;height:1500px\" aria-label=\"Embed of AND8_2023_Nyar_v1_1_H_Kakucska_Vives.\"><\/object><a id=\"wp-block-file--media-9fc0f199-87e6-4ce9-8b53-4793b0f044fc\" href=\"https:\/\/www.femmeharmone.com\/wp-content\/uploads\/2024\/10\/AND8_2023_Nyar_v1_1_H_Kakucska_Vives.pdf\">AND8_2023_Nyar_v1_1_H_Kakucska_Vives<\/a><a href=\"https:\/\/www.femmeharmone.com\/wp-content\/uploads\/2024\/10\/AND8_2023_Nyar_v1_1_H_Kakucska_Vives.pdf\" class=\"wp-block-file__button wp-element-button\" download aria-describedby=\"wp-block-file--media-9fc0f199-87e6-4ce9-8b53-4793b0f044fc\">Let\u00f6lt\u00e9s<\/a><\/div>\n","protected":false},"excerpt":{"rendered":"<p>DOI: 10.55344\/andfh.2302051 Absztrakt A tanulm\u00e1ny c\u00e9lja nemcsak megeml\u00e9kez\u00e9s Vives sz\u00fclet\u00e9s\u00e9nek 530. \u00e9vfordul\u00f3j\u00e1r\u00f3l, hanem annak a felid\u00e9z\u00e9se is, hogy a 16. sz\u00e1zadi \u201etud\u00f3s h\u00e1rmast\u201d alkot\u00f3 f\u00e9rfi\u00fak \u2013 Rotterdami Erasmus, Thomas More \u00e9s Joannes Ludovicus Vives \u2013 k\u00f6z\u00fcl \u0151, a legfiatalabb napjainkban a \u201elegismeretlenebb\u00fcl a legismertebb\u201d az\u00e1ltal, hogy elk\u00e9pzel\u00e9seib\u0151l a \u201emodern nevel\u00e9studom\u00e1ny\u201d nev\u00e9nek eml\u00edt\u00e9se n\u00e9lk\u00fcl val\u00f3s\u00edtott meg&hellip;<\/p>","protected":false},"author":1,"featured_media":0,"parent":4476,"menu_order":1,"comment_status":"closed","ping_status":"closed","template":"page-article.php","meta":{"inline_featured_image":false,"footnotes":""},"categories":[],"tags":[],"_links":{"self":[{"href":"https:\/\/www.femmeharmone.com\/eng\/wp-json\/wp\/v2\/pages\/4499"}],"collection":[{"href":"https:\/\/www.femmeharmone.com\/eng\/wp-json\/wp\/v2\/pages"}],"about":[{"href":"https:\/\/www.femmeharmone.com\/eng\/wp-json\/wp\/v2\/types\/page"}],"author":[{"embeddable":true,"href":"https:\/\/www.femmeharmone.com\/eng\/wp-json\/wp\/v2\/users\/1"}],"replies":[{"embeddable":true,"href":"https:\/\/www.femmeharmone.com\/eng\/wp-json\/wp\/v2\/comments?post=4499"}],"version-history":[{"count":6,"href":"https:\/\/www.femmeharmone.com\/eng\/wp-json\/wp\/v2\/pages\/4499\/revisions"}],"predecessor-version":[{"id":4844,"href":"https:\/\/www.femmeharmone.com\/eng\/wp-json\/wp\/v2\/pages\/4499\/revisions\/4844"}],"up":[{"embeddable":true,"href":"https:\/\/www.femmeharmone.com\/eng\/wp-json\/wp\/v2\/pages\/4476"}],"wp:attachment":[{"href":"https:\/\/www.femmeharmone.com\/eng\/wp-json\/wp\/v2\/media?parent=4499"}],"wp:term":[{"taxonomy":"category","embeddable":true,"href":"https:\/\/www.femmeharmone.com\/eng\/wp-json\/wp\/v2\/categories?post=4499"},{"taxonomy":"post_tag","embeddable":true,"href":"https:\/\/www.femmeharmone.com\/eng\/wp-json\/wp\/v2\/tags?post=4499"}],"curies":[{"name":"wp","href":"https:\/\/api.w.org\/{rel}","templated":true}]}}