{"id":4505,"date":"2024-06-26T22:59:08","date_gmt":"2024-06-26T22:59:08","guid":{"rendered":"https:\/\/www.femmeharmone.com\/?page_id=4505"},"modified":"2024-10-11T15:33:06","modified_gmt":"2024-10-11T15:33:06","slug":"braun-laszlo-emberek-es-a-haboruk","status":"publish","type":"page","link":"https:\/\/www.femmeharmone.com\/eng\/a-noi-dimenzio\/iii-evfolyam-2-szam\/tudomany8\/braun-laszlo-emberek-es-a-haboruk\/","title":{"rendered":"<em>Braun L\u00e1szl\u00f3:<\/em> Emberek \u00e9s a h\u00e1bor\u00fak"},"content":{"rendered":"\n<p class=\"has-text-align-right\"><em><a href=\"https:\/\/doi.org\/10.55344\/andfh.2302080\">DOI: 10.55344\/andfh.2302080<\/a><\/em><\/p>\n\n\n\n<p class=\"has-text-align-right\"><em>\u201eA h\u00e1bor\u00fa abban rossz, hogy t\u00f6bb rossz embert csin\u00e1l,<\/em><br><em>mint amennyit elpuszt\u00edt.\u201d<\/em> <br>G\u00f6r\u00f6g mond\u00e1s<a id=\"_ftnref1\" href=\"#_ftn1\"><sup>[1]<\/sup><\/a><\/p>\n\n\n\n<hr class=\"wp-block-separator has-alpha-channel-opacity\"\/>\n\n\n\n<p><a href=\"#_ftnref1\" id=\"_ftn1\">[1]<\/a> Kant, Immanuel 2019: 41.<\/p>\n\n\n\n<div style=\"height:100px\" aria-hidden=\"true\" class=\"wp-block-spacer\"><\/div>\n\n\n\n<p><em><strong>Abszrakt<\/strong><\/em><\/p>\n\n\n\n<p><strong>A h\u00e1bor\u00fak v\u00e9gigk\u00eds\u00e9rik az emberi t\u00f6rt\u00e9nelmet, s olyannyira r\u00e9szei a m\u00faltnak, hogy azok a t\u00f6rt\u00e9neti gondolkod\u00e1s szerves, kihagyhatatlan elemei. A nagy h\u00e1bor\u00fak esetenk\u00e9nt t\u00f6rt\u00e9nelmi korszakhat\u00e1rokat jelentenek. Az bizonyos, hogy a h\u00e1bor\u00fak ut\u00e1n az \u00e9let m\u00e1r sohasem t\u00e9r vissza ugyanabba a mederbe, \u00e9s el\u0151re nem l\u00e1that\u00f3 m\u00f3don, kisz\u00e1m\u00edthatatlanul v\u00e1ltoztatj\u00e1k meg a j\u00f6v\u0151t. Egyes filoz\u00f3fusok \u2013 mint Kant vagy Hobbes \u2013 az emberi term\u00e9szet r\u00e9sz\u00e9nek tartott\u00e1k a h\u00e1bor\u00fakat, s ink\u00e1bb a h\u00e1bor\u00fakt\u00f3l mentes \u00e1llapotot gondolt\u00e1k term\u00e9szetellenesnek.<\/strong><\/p>\n\n\n\n<p><strong>A h\u00e1bor\u00fa az ember m\u0171ve. Nem mag\u00e1t\u00f3l, el\u0151re nem l\u00e1that\u00f3 m\u00f3don robban ki, hanem akkor lesz, amikor akarj\u00e1k annak kit\u00f6r\u00e9s\u00e9t. A tanulm\u00e1ny a m\u00falt mint\u00e1in kereszt\u00fcl kutatja, hogyan lehet az ellens\u00e9ges \u00e9rzelmekb\u0151l h\u00e1bor\u00fa; mik\u00e9ppen viszonyul a h\u00e1bor\u00fahoz a kereszt\u00e9nys\u00e9g; milyen a benne keresett igazs\u00e1g; szab\u00e1lyozhat\u00f3k-e a h\u00e1bor\u00fak, vagy \u00e9ppen a benne alkalmazott er\u0151szak; k\u00f6teless\u00e9g lehet-e a r\u00e9szv\u00e9tel a h\u00e1bor\u00faban.<\/strong><\/p>\n\n\n\n<div style=\"height:100px\" aria-hidden=\"true\" class=\"wp-block-spacer\"><\/div>\n\n\n\n<div data-wp-interactive=\"core\/file\" class=\"wp-block-file\"><object data-wp-bind--hidden=\"!state.hasPdfPreview\"  class=\"wp-block-file__embed\" data=\"https:\/\/www.femmeharmone.com\/wp-content\/uploads\/2024\/10\/AND8_2023_Nyar_v1_1_Braun_Laszlo_Haboru.pdf\" type=\"application\/pdf\" style=\"width:100%;height:2000px\" aria-label=\"Embed of AND8_2023_Nyar_v1_1_Braun_Laszlo_Haboru.\"><\/object><a id=\"wp-block-file--media-7f719bce-f866-4269-a713-cf4e2b988f69\" href=\"https:\/\/www.femmeharmone.com\/wp-content\/uploads\/2024\/10\/AND8_2023_Nyar_v1_1_Braun_Laszlo_Haboru.pdf\">AND8_2023_Nyar_v1_1_Braun_Laszlo_Haboru<\/a><a href=\"https:\/\/www.femmeharmone.com\/wp-content\/uploads\/2024\/10\/AND8_2023_Nyar_v1_1_Braun_Laszlo_Haboru.pdf\" class=\"wp-block-file__button wp-element-button\" download aria-describedby=\"wp-block-file--media-7f719bce-f866-4269-a713-cf4e2b988f69\">Let\u00f6lt\u00e9s<\/a><\/div>\n","protected":false},"excerpt":{"rendered":"<p>DOI: 10.55344\/andfh.2302080 \u201eA h\u00e1bor\u00fa abban rossz, hogy t\u00f6bb rossz embert csin\u00e1l,mint amennyit elpuszt\u00edt.\u201d G\u00f6r\u00f6g mond\u00e1s[1] [1] Kant, Immanuel 2019: 41. Abszrakt A h\u00e1bor\u00fak v\u00e9gigk\u00eds\u00e9rik az emberi t\u00f6rt\u00e9nelmet, s olyannyira r\u00e9szei a m\u00faltnak, hogy azok a t\u00f6rt\u00e9neti gondolkod\u00e1s szerves, kihagyhatatlan elemei. A nagy h\u00e1bor\u00fak esetenk\u00e9nt t\u00f6rt\u00e9nelmi korszakhat\u00e1rokat jelentenek. Az bizonyos, hogy a h\u00e1bor\u00fak ut\u00e1n az \u00e9let&hellip;<\/p>\n","protected":false},"author":1,"featured_media":0,"parent":4476,"menu_order":3,"comment_status":"closed","ping_status":"closed","template":"page-article.php","meta":{"inline_featured_image":false,"footnotes":""},"categories":[],"tags":[],"_links":{"self":[{"href":"https:\/\/www.femmeharmone.com\/eng\/wp-json\/wp\/v2\/pages\/4505"}],"collection":[{"href":"https:\/\/www.femmeharmone.com\/eng\/wp-json\/wp\/v2\/pages"}],"about":[{"href":"https:\/\/www.femmeharmone.com\/eng\/wp-json\/wp\/v2\/types\/page"}],"author":[{"embeddable":true,"href":"https:\/\/www.femmeharmone.com\/eng\/wp-json\/wp\/v2\/users\/1"}],"replies":[{"embeddable":true,"href":"https:\/\/www.femmeharmone.com\/eng\/wp-json\/wp\/v2\/comments?post=4505"}],"version-history":[{"count":5,"href":"https:\/\/www.femmeharmone.com\/eng\/wp-json\/wp\/v2\/pages\/4505\/revisions"}],"predecessor-version":[{"id":4846,"href":"https:\/\/www.femmeharmone.com\/eng\/wp-json\/wp\/v2\/pages\/4505\/revisions\/4846"}],"up":[{"embeddable":true,"href":"https:\/\/www.femmeharmone.com\/eng\/wp-json\/wp\/v2\/pages\/4476"}],"wp:attachment":[{"href":"https:\/\/www.femmeharmone.com\/eng\/wp-json\/wp\/v2\/media?parent=4505"}],"wp:term":[{"taxonomy":"category","embeddable":true,"href":"https:\/\/www.femmeharmone.com\/eng\/wp-json\/wp\/v2\/categories?post=4505"},{"taxonomy":"post_tag","embeddable":true,"href":"https:\/\/www.femmeharmone.com\/eng\/wp-json\/wp\/v2\/tags?post=4505"}],"curies":[{"name":"wp","href":"https:\/\/api.w.org\/{rel}","templated":true}]}}