{"id":4509,"date":"2024-06-26T23:03:06","date_gmt":"2024-06-26T23:03:06","guid":{"rendered":"https:\/\/www.femmeharmone.com\/?page_id=4509"},"modified":"2024-10-11T15:34:02","modified_gmt":"2024-10-11T15:34:02","slug":"rockenbauer-antal-rendhagyo-gondolatok-a-kozmologiai-idorol-a-nemlinearis-gondolkodas","status":"publish","type":"page","link":"https:\/\/www.femmeharmone.com\/eng\/a-noi-dimenzio\/iii-evfolyam-2-szam\/tudomany8\/rockenbauer-antal-rendhagyo-gondolatok-a-kozmologiai-idorol-a-nemlinearis-gondolkodas\/","title":{"rendered":"<em>Rockenbauer Antal:<\/em> Rendhagy\u00f3 gondolatok a kozmol\u00f3giai id\u0151r\u0151l. A nemline\u00e1ris gondolkod\u00e1s"},"content":{"rendered":"<p class=\"has-text-align-right\"><em><a href=\"https:\/\/doi.org\/10.55344\/andfh.2302123\">DOI: 10.55344\/andfh.2302123<\/a><\/em><\/p>\n\n\n\n<div style=\"height:100px\" aria-hidden=\"true\" class=\"wp-block-spacer\"><\/div>\n\n\n\n<p><strong>Absztrakt<\/strong><\/p>\n\n\n\n<p><strong>Gondolatk\u00eds\u00e9rlet az id\u0151 kozmol\u00f3giai fogalm\u00e1nak \u00e1t\u00e9rtelmez\u00e9s\u00e9re. Az \u0151srobban\u00e1s elm\u00e9lete szerint az els\u0151 m\u00e1sodpercben nagyobb \u00e1talakul\u00e1sban ment \u00e1t az Univerzum, mint az azt k\u00f6vet\u0151 sok milli\u00e1rd \u00e9v alatt. Az esem\u00e9nyek exponenci\u00e1lis s\u0171r\u0171s\u00e9ge helyettes\u00edthet\u0151 egy olyan id\u0151fogalommal, amelynek kezdeti exponenci\u00e1lis jellege egyenl\u00edti ki az esem\u00e9nyek s\u0171r\u0171s\u00e9g\u00e9t.&nbsp; Ez olyan k\u00e9rd\u00e9seket vet fel, hogyan t\u00e9rhet\u00fcnk \u00e1t a szok\u00e1sos line\u00e1ris id\u0151fogalomr\u00f3l az exponenci\u00e1lis lefut\u00e1sra, ez hogyan t\u00fckr\u00f6z\u0151dik a t\u00e9r szerkezet\u00e9ben, mi t\u00f6rt\u00e9nik a fizikai k\u00f6lcs\u00f6nhat\u00e1sok \u00e1lland\u00f3ival, melyek maradnak ugyanazok, \u00e9s melyek v\u00e1ltoznak meg? Megvizsg\u00e1l\u00e1sra ker\u00fcl az id\u0151transzform\u00e1ci\u00f3 \u00e9s a kvantummechanika kapcsolata is.<\/strong><\/p>\n\n\n\n<div style=\"height:100px\" aria-hidden=\"true\" class=\"wp-block-spacer\"><\/div>\n\n\n\n<div data-wp-interactive=\"core\/file\" class=\"wp-block-file\"><object data-wp-bind--hidden=\"!state.hasPdfPreview\"  class=\"wp-block-file__embed\" data=\"https:\/\/www.femmeharmone.com\/wp-content\/uploads\/2024\/10\/AND8_2023_Nyar_v1_1_Rockenbauer_Antal_.pdf\" type=\"application\/pdf\" style=\"width:100%;height:1500px\" aria-label=\"Embed of AND8_2023_Nyar_v1_1_Rockenbauer_Antal_.\"><\/object><a id=\"wp-block-file--media-ce20bb1f-8e89-475b-add1-14cda4d28ba2\" href=\"https:\/\/www.femmeharmone.com\/wp-content\/uploads\/2024\/10\/AND8_2023_Nyar_v1_1_Rockenbauer_Antal_.pdf\">AND8_2023_Nyar_v1_1_Rockenbauer_Antal_<\/a><a href=\"https:\/\/www.femmeharmone.com\/wp-content\/uploads\/2024\/10\/AND8_2023_Nyar_v1_1_Rockenbauer_Antal_.pdf\" class=\"wp-block-file__button wp-element-button\" download aria-describedby=\"wp-block-file--media-ce20bb1f-8e89-475b-add1-14cda4d28ba2\">Let\u00f6lt\u00e9s<\/a><\/div>","protected":false},"excerpt":{"rendered":"<p>DOI: 10.55344\/andfh.2302123 Absztrakt Gondolatk\u00eds\u00e9rlet az id\u0151 kozmol\u00f3giai fogalm\u00e1nak \u00e1t\u00e9rtelmez\u00e9s\u00e9re. Az \u0151srobban\u00e1s elm\u00e9lete szerint az els\u0151 m\u00e1sodpercben nagyobb \u00e1talakul\u00e1sban ment \u00e1t az Univerzum, mint az azt k\u00f6vet\u0151 sok milli\u00e1rd \u00e9v alatt. Az esem\u00e9nyek exponenci\u00e1lis s\u0171r\u0171s\u00e9ge helyettes\u00edthet\u0151 egy olyan id\u0151fogalommal, amelynek kezdeti exponenci\u00e1lis jellege egyenl\u00edti ki az esem\u00e9nyek s\u0171r\u0171s\u00e9g\u00e9t.&nbsp; Ez olyan k\u00e9rd\u00e9seket vet fel, hogyan t\u00e9rhet\u00fcnk \u00e1t&hellip;<\/p>","protected":false},"author":1,"featured_media":0,"parent":4476,"menu_order":5,"comment_status":"closed","ping_status":"closed","template":"page-article.php","meta":{"inline_featured_image":false,"footnotes":""},"categories":[],"tags":[],"_links":{"self":[{"href":"https:\/\/www.femmeharmone.com\/eng\/wp-json\/wp\/v2\/pages\/4509"}],"collection":[{"href":"https:\/\/www.femmeharmone.com\/eng\/wp-json\/wp\/v2\/pages"}],"about":[{"href":"https:\/\/www.femmeharmone.com\/eng\/wp-json\/wp\/v2\/types\/page"}],"author":[{"embeddable":true,"href":"https:\/\/www.femmeharmone.com\/eng\/wp-json\/wp\/v2\/users\/1"}],"replies":[{"embeddable":true,"href":"https:\/\/www.femmeharmone.com\/eng\/wp-json\/wp\/v2\/comments?post=4509"}],"version-history":[{"count":5,"href":"https:\/\/www.femmeharmone.com\/eng\/wp-json\/wp\/v2\/pages\/4509\/revisions"}],"predecessor-version":[{"id":4848,"href":"https:\/\/www.femmeharmone.com\/eng\/wp-json\/wp\/v2\/pages\/4509\/revisions\/4848"}],"up":[{"embeddable":true,"href":"https:\/\/www.femmeharmone.com\/eng\/wp-json\/wp\/v2\/pages\/4476"}],"wp:attachment":[{"href":"https:\/\/www.femmeharmone.com\/eng\/wp-json\/wp\/v2\/media?parent=4509"}],"wp:term":[{"taxonomy":"category","embeddable":true,"href":"https:\/\/www.femmeharmone.com\/eng\/wp-json\/wp\/v2\/categories?post=4509"},{"taxonomy":"post_tag","embeddable":true,"href":"https:\/\/www.femmeharmone.com\/eng\/wp-json\/wp\/v2\/tags?post=4509"}],"curies":[{"name":"wp","href":"https:\/\/api.w.org\/{rel}","templated":true}]}}