{"id":4515,"date":"2024-06-26T23:06:22","date_gmt":"2024-06-26T23:06:22","guid":{"rendered":"https:\/\/www.femmeharmone.com\/?page_id=4515"},"modified":"2024-10-11T15:35:38","modified_gmt":"2024-10-11T15:35:38","slug":"braun-laszlo-recenzio-botlik-jozsef-a-ruszin-nep-vertanuja-brody-andras-1895-1946-cimu-konyverol","status":"publish","type":"page","link":"https:\/\/www.femmeharmone.com\/eng\/a-noi-dimenzio\/iii-evfolyam-2-szam\/szemle8\/braun-laszlo-recenzio-botlik-jozsef-a-ruszin-nep-vertanuja-brody-andras-1895-1946-cimu-konyverol\/","title":{"rendered":"<em>Braun L\u00e1szl\u00f3:<\/em> Recenzi\u00f3 Botlik J\u00f3zsef <em>A ruszin n\u00e9p v\u00e9rtan\u00faja, Br\u00f3dy Andr\u00e1s (1895\u20131946)<\/em> c\u00edm\u0171 k\u00f6nyv\u00e9r\u0151l"},"content":{"rendered":"<p class=\"has-text-align-right\"><em><a href=\"https:\/\/doi.org\/10.55344\/andfh.2302151\">DOI: 10.55344\/andfh.2302151<\/a><\/em><\/p>\n\n\n\n<div style=\"height:100px\" aria-hidden=\"true\" class=\"wp-block-spacer\"><\/div>\n\n\n\n<div data-wp-interactive=\"core\/file\" class=\"wp-block-file\"><object data-wp-bind--hidden=\"!state.hasPdfPreview\"  class=\"wp-block-file__embed\" data=\"https:\/\/www.femmeharmone.com\/wp-content\/uploads\/2024\/10\/AND8_2023_Nyar_v1_1_Braun_Laszlo_Recenzio.pdf\" type=\"application\/pdf\" style=\"width:100%;height:1500px\" aria-label=\"Embed of AND8_2023_Nyar_v1_1_Braun_Laszlo_Recenzio.\"><\/object><a id=\"wp-block-file--media-5ae6d7c1-babb-4ebc-9ec5-5da05df002e7\" href=\"https:\/\/www.femmeharmone.com\/wp-content\/uploads\/2024\/10\/AND8_2023_Nyar_v1_1_Braun_Laszlo_Recenzio.pdf\">AND8_2023_Nyar_v1_1_Braun_Laszlo_Recenzio<\/a><a href=\"https:\/\/www.femmeharmone.com\/wp-content\/uploads\/2024\/10\/AND8_2023_Nyar_v1_1_Braun_Laszlo_Recenzio.pdf\" class=\"wp-block-file__button wp-element-button\" download aria-describedby=\"wp-block-file--media-5ae6d7c1-babb-4ebc-9ec5-5da05df002e7\">Let\u00f6lt\u00e9s<\/a><\/div>","protected":false},"excerpt":{"rendered":"<p>DOI: 10.55344\/andfh.2302151<\/p>","protected":false},"author":1,"featured_media":0,"parent":4480,"menu_order":2,"comment_status":"closed","ping_status":"closed","template":"page-article.php","meta":{"inline_featured_image":false,"footnotes":""},"categories":[],"tags":[],"_links":{"self":[{"href":"https:\/\/www.femmeharmone.com\/eng\/wp-json\/wp\/v2\/pages\/4515"}],"collection":[{"href":"https:\/\/www.femmeharmone.com\/eng\/wp-json\/wp\/v2\/pages"}],"about":[{"href":"https:\/\/www.femmeharmone.com\/eng\/wp-json\/wp\/v2\/types\/page"}],"author":[{"embeddable":true,"href":"https:\/\/www.femmeharmone.com\/eng\/wp-json\/wp\/v2\/users\/1"}],"replies":[{"embeddable":true,"href":"https:\/\/www.femmeharmone.com\/eng\/wp-json\/wp\/v2\/comments?post=4515"}],"version-history":[{"count":6,"href":"https:\/\/www.femmeharmone.com\/eng\/wp-json\/wp\/v2\/pages\/4515\/revisions"}],"predecessor-version":[{"id":4851,"href":"https:\/\/www.femmeharmone.com\/eng\/wp-json\/wp\/v2\/pages\/4515\/revisions\/4851"}],"up":[{"embeddable":true,"href":"https:\/\/www.femmeharmone.com\/eng\/wp-json\/wp\/v2\/pages\/4480"}],"wp:attachment":[{"href":"https:\/\/www.femmeharmone.com\/eng\/wp-json\/wp\/v2\/media?parent=4515"}],"wp:term":[{"taxonomy":"category","embeddable":true,"href":"https:\/\/www.femmeharmone.com\/eng\/wp-json\/wp\/v2\/categories?post=4515"},{"taxonomy":"post_tag","embeddable":true,"href":"https:\/\/www.femmeharmone.com\/eng\/wp-json\/wp\/v2\/tags?post=4515"}],"curies":[{"name":"wp","href":"https:\/\/api.w.org\/{rel}","templated":true}]}}