{"id":4517,"date":"2024-06-26T23:09:17","date_gmt":"2024-06-26T23:09:17","guid":{"rendered":"https:\/\/www.femmeharmone.com\/?page_id=4517"},"modified":"2024-06-26T23:17:30","modified_gmt":"2024-06-26T23:17:30","slug":"szent-istvan-napjan-gizellara-emlekezunk","status":"publish","type":"page","link":"https:\/\/www.femmeharmone.com\/eng\/a-noi-dimenzio\/iii-evfolyam-2-szam\/ismeret-szerzo8\/szent-istvan-napjan-gizellara-emlekezunk\/","title":{"rendered":"Szent Istv\u00e1n napj\u00e1n Gizell\u00e1ra eml\u00e9kez\u00fcnk"},"content":{"rendered":"<div style=\"height:100px\" aria-hidden=\"true\" class=\"wp-block-spacer\"><\/div>\n\n\n\n<p>T\u00f6bb okunk is van Szent Istv\u00e1n napj\u00e1n hitves\u00e9t, Gizella kir\u00e1lyn\u00e9t sz\u00f3ba hozni. Nemcsak<br>a t\u00f6rt\u00e9nelmi eml\u00e9kezet re\u00e1lisabb megrajzol\u00e1sa miatt, hanem az\u00e9rt is \u2012 \u00e9s f\u0151k\u00e9nt az\u00e9rt \u2012, mert az els\u0151 magyar kir\u00e1lyi p\u00e1r \u00e9let\u00e9t tekintve a f\u00e9rfi \u00e9s n\u0151i l\u00e9t olyan ar\u00e1nyos, harmonikus egy\u00fcttl\u00e9te \u00e9rz\u00e9kelhet\u0151, ami ett\u0151l az \u0151s\u00f6kt\u0151l \u00f6r\u00f6k\u00f6lt mint\u00e1t\u00f3l a k\u00e9s\u0151bbiek folyam\u00e1n fokozatosan eltol\u00f3dott az Eur\u00f3p\u00e1ban honos ar\u00e1nytalans\u00e1g fel\u00e9, s mind a mai napig ezen a nyomon tartja mag\u00e1t. M\u00e1rpedig mi \u00fagy l\u00e1tjuk, hogy minden olyan bajunknak, ami ak\u00e1r a k\u00fcls\u0151 vil\u00e1got, ak\u00e1r bels\u0151 vil\u00e1gunkat a moderns\u00e9gben terheli, ennek az ar\u00e1nyoss\u00e1gnak az eltorzul\u00e1sa az okoz\u00f3ja.<\/p>\n\n\n\n<p>A kir\u00e1lyi p\u00e1r harm\u00f3ni\u00e1j\u00e1nak alapja k\u00e9t pill\u00e9ren nyugodott.<\/p>\n\n\n\n<p>Az els\u0151 a magyar hagyom\u00e1nyban l\u00e9v\u0151 n\u0151tisztelet. Ez nem valamif\u00e9le elvtelen el\u0151nyh\u00f6z juttat\u00e1sa a n\u0151is\u00e9gnek, hanem \u00e9ppen a n\u0151nek mint term\u00e9szet\u00e9n\u00e9l fogva nem az er\u0151 poz\u00edci\u00f3j\u00e1ban l\u00e9v\u0151 l\u00e9tez\u0151nek az elvszer\u0171 helyzetbe hoz\u00e1sa az er\u0151 \u00e1ltal ahhoz, hogy teremt\u0151 miszt\u00e9rium\u00e1ban m\u00e9lt\u00f3s\u00e1ggal elj\u00e1rhasson. Ez a n\u0151tisztelet a magyar hagyom\u00e1nyban \u0151si id\u0151kig megy vissza, \u00e9s csak egyik lek\u00e9pez\u0151d\u00e9s\u00e9nek tekinthet\u0151 az Emese \u00e1lmak\u00e9nt meg\u00f6r\u00f6k\u00f6lt m\u00edtosz, melyben a magyars\u00e1g l\u00e9tez\u00e9s\u00e9nek eredeztet\u00e9se l\u00e1tv\u00e1nyosan nem egy f\u00e9rfihoz, hanem egy n\u0151h\u00f6z, az \u0150sany\u00e1hoz k\u00f6t\u0151dik. Tov\u00e1bbmenve pedig a hagyom\u00e1nyban, az \u00e9vk\u00f6rben a l\u00e9tez\u00e9st meger\u0151s\u00edt\u0151 fordul\u00f3pontok mindegyike n\u0151h\u00f6z, a megfelel\u0151 szimbolikus n\u00e9vvel rendelkez\u0151 Boldogasszonyhoz k\u00f6t\u0151d\u00f6tt. Tov\u00e1bb\u00e1 ugyanennek a hagyom\u00e1nynak egyenes folytat\u00e1sa az a t\u00f6rt\u00e9nelmi eml\u00e9kezet\u00fcnkben konkr\u00e9tan megmaradt aktus, melynek sor\u00e1n Szent Istv\u00e1n Magyarorsz\u00e1got nem az Atyaistennek, nem J\u00e9zus Krisztusnak, hanem Sz\u0171z M\u00e1ri\u00e1nak, az Istensz\u00fcl\u0151nek aj\u00e1nlja fel.<\/p>\n\n\n\n<p>Az a szellemi k\u00f6rnyezet, amelyben a f\u00e9rfi viszony\u00e1t a n\u0151h\u00f6z ilyen metafizikai szimb\u00f3lumok hat\u00e1rozz\u00e1k meg, nem f\u00e9lelemb\u0151l, nem tehetetlens\u00e9gb\u0151l, nem kompetenci\u00e1k hi\u00e1ny\u00e1b\u00f3l, hanem annak el\u0151z\u00e9keny bel\u00e1t\u00e1s\u00e1b\u00f3l, hogy az emberi min\u0151s\u00e9g ar\u00e1nyos megnyilv\u00e1nul\u00e1s\u00e1hoz a f\u00e9rfinak kell megnyitnia a n\u0151 manifeszt mozg\u00e1ster\u00e9t, Istv\u00e1n uralkod\u00f3i magatart\u00e1s\u00e1ban megfelel\u0151 k\u00f6zeg\u00e9t jelentette Gizella n\u0151i \u00e9s t\u00e1rsuralkod\u00f3i kiteljesed\u00e9s\u00e9nek.<\/p>\n\n\n\n<p>A harm\u00f3nia m\u00e1sik pill\u00e9re Gizella sz\u00e1rmaz\u00e1sa \u00e9s szem\u00e9lye.<\/p>\n\n\n\n<p>G\u00e9za fejedelem diplom\u00e1ciai siker\u00e9nek jelent\u0151s eredm\u00e9nyek\u00e9nt kell elk\u00f6nyveln\u00fcnk azt<br>a t\u00e9nyt, hogy \u0151t mag\u00e1t elfogadt\u00e1k II. Henrik, bajor herceg \u00e9s Gizella, burgundiai hercegn\u0151 l\u00e1nya, Gizella k\u00e9r\u0151jek\u00e9nt, a kereszts\u00e9gben az Istv\u00e1n nevet nyert fia sz\u00e1m\u00e1ra.<\/p>\n\n\n\n<p>Gizella, aki hajadonk\u00e9nt Regensburgban, kolostorban nevelkedett, ahol kor\u00e1nak klasszikus m\u0171velts\u00e9g\u00e9t a legmagasabb szinten tehette mag\u00e1\u00e9v\u00e1, csal\u00e1dja r\u00e9v\u00e9n a korabeli Eur\u00f3pa legmagasabb rang\u00fa k\u00f6reihez tartozott, akinek kez\u00e9t elnyerni minden sz\u00f3ba j\u00f6het\u0151 k\u00e9r\u0151nek megtiszteltet\u00e9s lett volna.<\/p>\n\n\n\n<p>Amint az l\u00e1that\u00f3, a 900-as \u00e9vek k\u00f6zep\u00e9t\u0151l n\u00e9met-r\u00f3mai cs\u00e1sz\u00e1rokat, m\u00e9ghozz\u00e1 I., II. \u00e9s III. Ott\u00f3t ad\u00f3 dinasztia felmen\u0151je I. (Madar\u00e1sz) Henrik, akinek I. Ott\u00f3n k\u00edv\u00fcl fia volt I. Henrik, bajor herceg. Ezen a hercegi \u00e1gon l\u00e1tta meg a napvil\u00e1got II. (Civakod\u00f3) Henrik, bajor herceg, akinek Gizella, burgundiai hercegn\u0151vel k\u00f6t\u00f6tt h\u00e1zass\u00e1g\u00e1b\u00f3l sz\u00fcletett Gizella, a k\u00e9s\u0151bbi magyar kir\u00e1lyn\u00e9. Tov\u00e1bb\u00e1, az Ott\u00f3k n\u00e9met-r\u00f3mai cs\u00e1sz\u00e1ri dinaszti\u00e1ja III. Ott\u00f3t k\u00f6vet\u0151en megszakad, \u00e9s 1002-t\u0151l az a II. (Szent) Henrik lesz a n\u00e9met-r\u00f3mai cs\u00e1sz\u00e1r, aki az I. (Madar\u00e1sz) Henrikt\u0151l indul\u00f3 dinasztia m\u00e1sik \u00e1g\u00e1n \u00e9ppen Gizella testv\u00e9re.<\/p>\n\n\n\n<p>Gizella teh\u00e1t \u00fagy sz\u00e1rmaz\u00e1sa, mint neveltet\u00e9se \u00e9s szellemi k\u00e9pess\u00e9gei ter\u00e9n a legmagasabb uralkod\u00f3i kompetenci\u00e1k birtokosa, aki mint hitvest\u00e1rs, nem csup\u00e1n reprezentat\u00edv, hanem egy orsz\u00e1g \u00e9let\u00e9t meghat\u00e1roz\u00f3, akt\u00edv szerepre rendeltetett.<\/p>\n\n\n\n<p>Istv\u00e1n \u00e9s Gizella egy\u00fcttese, egym\u00e1st kieg\u00e9sz\u00edtve, tudatosan munk\u00e1lkodott Magyarorsz\u00e1got Eur\u00f3p\u00e1n bel\u00fcli szil\u00e1rd hatalmi t\u00e9nyez\u0151v\u00e9, a kisebb \u00e9s nagyobb hatalmi centrumok \u00e1ltal elfogadott poz\u00edci\u00f3ba emelni. A K\u00e1rp\u00e1t-medenc\u00e9ben alig t\u00f6bb mint egy \u00e9vsz\u00e1zada (\u00fajra) megtelepedett magyars\u00e1got a t\u00f6rzsi \u00e9s vall\u00e1si sz\u00e9th\u00faz\u00e1sokkal szemben,<br>a nagy bej\u00e1rhat\u00f3 terekhez szokott nom\u00e1d \u00e9letm\u00f3dr\u00f3l egy alapjaiban elt\u00e9r\u0151, m\u00e1s szok\u00e1srendet, m\u00e1s kult\u00far\u00e1t ig\u00e9nyl\u0151 gazdas\u00e1gi strukt\u00far\u00e1ba kellett \u00e1tvezetni. Mi sem jellemz\u0151bb, mint egy ilyen helyzet vesz\u00e9lyes fesz\u00fclts\u00e9gekt\u0151l terhelts\u00e9ge. Bels\u0151 harcok, er\u0151szak, p\u00e1rtoskod\u00e1s, ahol csak egy tiszta j\u00f6v\u0151k\u00e9pb\u0151l sz\u00e1rmaz\u00f3, annak megval\u00f3s\u00edt\u00e1s\u00e1ra k\u00f6vetkezetesen ir\u00e1nyul\u00f3 akarat v\u00e1lhat eredm\u00e9nyess\u00e9.<\/p>\n\n\n\n<p>Gizella n\u0151i aktivit\u00e1sa f\u0151k\u00e9nt az egyh\u00e1z fejleszt\u00e9s\u00e9ben \u00e9rv\u00e9nyes\u00fclt. Veszpr\u00e9mbe helyezett k\u00f6zponttal templomok, rendh\u00e1zak alap\u00edt\u00e1sa, ezek felszerel\u00e9se az ell\u00e1t\u00e1sukat biztos\u00edt\u00f3 birtokokkal, illetve a szertart\u00e1sokhoz elengedhetetlen\u00fcl fontos kegyt\u00e1rgyakkal, papi \u00f6lt\u00f6z\u00e9kekkel, miseruh\u00e1kkal, amelyek a maguk idej\u00e9ben rendk\u00edv\u00fcli kult\u00far\u00e1t, rendk\u00edv\u00fcli gondoss\u00e1got, \u00e9s nem utols\u00f3sorban rendk\u00edv\u00fcli m\u00e9rt\u00e9k\u0171 er\u0151forr\u00e1st ig\u00e9nyeltek.<br><\/p>\n\n\n\n<p>Szinte minden Istv\u00e1n \u00e9s Gizella alakj\u00e1t meg\u00f6r\u00f6k\u00edt\u0151 alkot\u00e1son egym\u00e1st seg\u00edt\u0151, egyenrang\u00fa felekk\u00e9nt ker\u00fcltek \u00e1br\u00e1zol\u00e1sra, a Gizella kez\u00e9ben t\u00f6bbnyire templommakettel, jelezve egyh\u00e1z\u00e9p\u00edt\u0151 munk\u00e1j\u00e1t.<\/p>\n\n\n\n<p>V\u00e1llal\u00e1suk tudatoss\u00e1ga eredm\u00e9nyeikben nyert visszaigazol\u00e1st, aminek k\u00f6vetkezm\u00e9nyek\u00e9nt az eur\u00f3pai politikai t\u00e9rben, az ut\u00f3d n\u00e9lk\u00fcli II. Henrik hal\u00e1l\u00e1t k\u00f6vet\u0151en k\u00f6vetkezetes egy\u00e9rtelm\u0171s\u00e9ggel fogalmazhatt\u00e1k meg ig\u00e9ny\u00fcket a n\u00e9met tr\u00f3nra fiuk, Imre herceg sz\u00e1m\u00e1ra. Lett is ebb\u0151l olyan tr\u00f3nharc, amit ny\u00edlt er\u0151pr\u00f3b\u00e1ban nem, hanem csak a szok\u00e1sos vadkanhist\u00f3ria m\u00f6g\u00e9 rejtve volt k\u00e9pes az ellent\u00e1bor megoldani.<\/p>\n\n\n\n<p>Imre herceggel az \u00c1rp\u00e1d-h\u00e1z egy \u00e1ga elhagyta az e vil\u00e1gi tereket, azonban a m\u0171, melyet l\u00e9trehoztak, a mai napig l\u00e9t\u00fcnk alapj\u00e1t k\u00e9pezi. Elmaradt tisztess\u00e9g, hogy Istv\u00e1n ut\u00e1n Gizella kir\u00e1lyn\u00e9 szentt\u00e9 avat\u00e1sa is folyamatban van. Utunk m\u00faltb\u00f3l a j\u00f6v\u0151be, l\u00e9pt\u00fck nyom\u00e1ban j\u00e1rni adatott.<\/p>\n\n\n\n<p class=\"has-text-align-right\"><em>Major Gy\u00f6ngyi<\/em><\/p>","protected":false},"excerpt":{"rendered":"<p>T\u00f6bb okunk is van Szent Istv\u00e1n napj\u00e1n hitves\u00e9t, Gizella kir\u00e1lyn\u00e9t sz\u00f3ba hozni. Nemcsaka t\u00f6rt\u00e9nelmi eml\u00e9kezet re\u00e1lisabb megrajzol\u00e1sa miatt, hanem az\u00e9rt is \u2012 \u00e9s f\u0151k\u00e9nt az\u00e9rt \u2012, mert az els\u0151 magyar kir\u00e1lyi p\u00e1r \u00e9let\u00e9t tekintve a f\u00e9rfi \u00e9s n\u0151i l\u00e9t olyan ar\u00e1nyos, harmonikus egy\u00fcttl\u00e9te \u00e9rz\u00e9kelhet\u0151, ami ett\u0151l az \u0151s\u00f6kt\u0151l \u00f6r\u00f6k\u00f6lt mint\u00e1t\u00f3l a k\u00e9s\u0151bbiek folyam\u00e1n fokozatosan eltol\u00f3dott&hellip;<\/p>","protected":false},"author":1,"featured_media":0,"parent":4482,"menu_order":1,"comment_status":"closed","ping_status":"closed","template":"page-article.php","meta":{"inline_featured_image":false,"footnotes":""},"categories":[],"tags":[],"_links":{"self":[{"href":"https:\/\/www.femmeharmone.com\/eng\/wp-json\/wp\/v2\/pages\/4517"}],"collection":[{"href":"https:\/\/www.femmeharmone.com\/eng\/wp-json\/wp\/v2\/pages"}],"about":[{"href":"https:\/\/www.femmeharmone.com\/eng\/wp-json\/wp\/v2\/types\/page"}],"author":[{"embeddable":true,"href":"https:\/\/www.femmeharmone.com\/eng\/wp-json\/wp\/v2\/users\/1"}],"replies":[{"embeddable":true,"href":"https:\/\/www.femmeharmone.com\/eng\/wp-json\/wp\/v2\/comments?post=4517"}],"version-history":[{"count":2,"href":"https:\/\/www.femmeharmone.com\/eng\/wp-json\/wp\/v2\/pages\/4517\/revisions"}],"predecessor-version":[{"id":4520,"href":"https:\/\/www.femmeharmone.com\/eng\/wp-json\/wp\/v2\/pages\/4517\/revisions\/4520"}],"up":[{"embeddable":true,"href":"https:\/\/www.femmeharmone.com\/eng\/wp-json\/wp\/v2\/pages\/4482"}],"wp:attachment":[{"href":"https:\/\/www.femmeharmone.com\/eng\/wp-json\/wp\/v2\/media?parent=4517"}],"wp:term":[{"taxonomy":"category","embeddable":true,"href":"https:\/\/www.femmeharmone.com\/eng\/wp-json\/wp\/v2\/categories?post=4517"},{"taxonomy":"post_tag","embeddable":true,"href":"https:\/\/www.femmeharmone.com\/eng\/wp-json\/wp\/v2\/tags?post=4517"}],"curies":[{"name":"wp","href":"https:\/\/api.w.org\/{rel}","templated":true}]}}