{"id":4519,"date":"2024-06-26T23:26:12","date_gmt":"2024-06-26T23:26:12","guid":{"rendered":"https:\/\/www.femmeharmone.com\/?page_id=4519"},"modified":"2024-06-26T23:40:26","modified_gmt":"2024-06-26T23:40:26","slug":"prokopp-maria-gizella-kiralyne-hagyomany-es-megujulas","status":"publish","type":"page","link":"https:\/\/www.femmeharmone.com\/eng\/a-noi-dimenzio\/iii-evfolyam-2-szam\/ismeret-szerzo8\/prokopp-maria-gizella-kiralyne-hagyomany-es-megujulas\/","title":{"rendered":"Prokopp M\u00e1ria: Gizella Kir\u00e1lyn\u00e9 \u2013 hagyom\u00e1ny \u00e9s meg\u00fajul\u00e1s"},"content":{"rendered":"<div style=\"height:100px\" aria-hidden=\"true\" class=\"wp-block-spacer\"><\/div>\n\n\n\n<p class=\"has-text-align-center\">2022. febru\u00e1r 10.<\/p>\n\n\n\n<p class=\"has-text-align-center\">Prof. Dr. Prokopp M\u00e1ria online el\u0151ad\u00e1sa (Zoom)<\/p>\n\n\n\n<figure class=\"wp-block-embed is-type-video is-provider-youtube wp-block-embed-youtube wp-embed-aspect-16-9 wp-has-aspect-ratio\"><div class=\"wp-block-embed__wrapper\">\n<iframe loading=\"lazy\" title=\"Gizella kir\u00e1lyn\u00e9 \u2013 hagyom\u00e1ny \u00e9s meg\u00fajul\u00e1s\" width=\"750\" height=\"422\" src=\"https:\/\/www.youtube.com\/embed\/5lFXPp4vqyE?feature=oembed\" frameborder=\"0\" allow=\"accelerometer; autoplay; clipboard-write; encrypted-media; gyroscope; picture-in-picture; web-share\" referrerpolicy=\"strict-origin-when-cross-origin\" allowfullscreen><\/iframe>\n<\/div><\/figure>\n\n\n\n<div style=\"height:100px\" aria-hidden=\"true\" class=\"wp-block-spacer\"><\/div>","protected":false},"excerpt":{"rendered":"<p>2022. febru\u00e1r 10. Prof. Dr. Prokopp M\u00e1ria online el\u0151ad\u00e1sa (Zoom)<\/p>","protected":false},"author":1,"featured_media":0,"parent":4482,"menu_order":2,"comment_status":"closed","ping_status":"closed","template":"page-article.php","meta":{"inline_featured_image":false,"footnotes":""},"categories":[],"tags":[],"_links":{"self":[{"href":"https:\/\/www.femmeharmone.com\/eng\/wp-json\/wp\/v2\/pages\/4519"}],"collection":[{"href":"https:\/\/www.femmeharmone.com\/eng\/wp-json\/wp\/v2\/pages"}],"about":[{"href":"https:\/\/www.femmeharmone.com\/eng\/wp-json\/wp\/v2\/types\/page"}],"author":[{"embeddable":true,"href":"https:\/\/www.femmeharmone.com\/eng\/wp-json\/wp\/v2\/users\/1"}],"replies":[{"embeddable":true,"href":"https:\/\/www.femmeharmone.com\/eng\/wp-json\/wp\/v2\/comments?post=4519"}],"version-history":[{"count":2,"href":"https:\/\/www.femmeharmone.com\/eng\/wp-json\/wp\/v2\/pages\/4519\/revisions"}],"predecessor-version":[{"id":4522,"href":"https:\/\/www.femmeharmone.com\/eng\/wp-json\/wp\/v2\/pages\/4519\/revisions\/4522"}],"up":[{"embeddable":true,"href":"https:\/\/www.femmeharmone.com\/eng\/wp-json\/wp\/v2\/pages\/4482"}],"wp:attachment":[{"href":"https:\/\/www.femmeharmone.com\/eng\/wp-json\/wp\/v2\/media?parent=4519"}],"wp:term":[{"taxonomy":"category","embeddable":true,"href":"https:\/\/www.femmeharmone.com\/eng\/wp-json\/wp\/v2\/categories?post=4519"},{"taxonomy":"post_tag","embeddable":true,"href":"https:\/\/www.femmeharmone.com\/eng\/wp-json\/wp\/v2\/tags?post=4519"}],"curies":[{"name":"wp","href":"https:\/\/api.w.org\/{rel}","templated":true}]}}