{"id":4523,"date":"2024-06-26T23:28:30","date_gmt":"2024-06-26T23:28:30","guid":{"rendered":"https:\/\/www.femmeharmone.com\/?page_id=4523"},"modified":"2024-06-26T23:39:41","modified_gmt":"2024-06-26T23:39:41","slug":"gizella-kiralyne-a-harmadik-evezredben-interdiszciplinaris-konferencia-osszefoglalo","status":"publish","type":"page","link":"https:\/\/www.femmeharmone.com\/eng\/a-noi-dimenzio\/iii-evfolyam-2-szam\/ismeret-szerzo8\/gizella-kiralyne-a-harmadik-evezredben-interdiszciplinaris-konferencia-osszefoglalo\/","title":{"rendered":"Gizella kir\u00e1lyn\u00e9 a harmadik \u00e9vezredben \u2013 interdiszciplin\u00e1ris konferencia (\u00f6sszefoglal\u00f3)"},"content":{"rendered":"<div style=\"height:100px\" aria-hidden=\"true\" class=\"wp-block-spacer\"><\/div>\n\n\n\n<p class=\"has-text-align-center\">2022. j\u00fanius 29.<\/p>\n\n\n\n<p class=\"has-text-align-center\">Kert\u00e9sz Imre Int\u00e9zet, Budapest<\/p>\n\n\n\n<figure class=\"wp-block-embed is-type-video is-provider-youtube wp-block-embed-youtube wp-embed-aspect-16-9 wp-has-aspect-ratio\"><div class=\"wp-block-embed__wrapper\">\n<iframe loading=\"lazy\" title=\"Gizella kir\u00e1lyn\u00e9 a harmadik \u00e9vezredben \u2013 interdiszciplin\u00e1ris konferencia (\u00f6sszefoglal\u00f3)\" width=\"750\" height=\"422\" src=\"https:\/\/www.youtube.com\/embed\/wayQZiSnEfQ?feature=oembed\" frameborder=\"0\" allow=\"accelerometer; autoplay; clipboard-write; encrypted-media; gyroscope; picture-in-picture; web-share\" referrerpolicy=\"strict-origin-when-cross-origin\" allowfullscreen><\/iframe>\n<\/div><\/figure>\n\n\n\n<div style=\"height:100px\" aria-hidden=\"true\" class=\"wp-block-spacer\"><\/div>","protected":false},"excerpt":{"rendered":"<p>2022. j\u00fanius 29. Kert\u00e9sz Imre Int\u00e9zet, Budapest<\/p>","protected":false},"author":1,"featured_media":0,"parent":4482,"menu_order":3,"comment_status":"closed","ping_status":"closed","template":"page-article.php","meta":{"inline_featured_image":false,"footnotes":""},"categories":[],"tags":[],"_links":{"self":[{"href":"https:\/\/www.femmeharmone.com\/eng\/wp-json\/wp\/v2\/pages\/4523"}],"collection":[{"href":"https:\/\/www.femmeharmone.com\/eng\/wp-json\/wp\/v2\/pages"}],"about":[{"href":"https:\/\/www.femmeharmone.com\/eng\/wp-json\/wp\/v2\/types\/page"}],"author":[{"embeddable":true,"href":"https:\/\/www.femmeharmone.com\/eng\/wp-json\/wp\/v2\/users\/1"}],"replies":[{"embeddable":true,"href":"https:\/\/www.femmeharmone.com\/eng\/wp-json\/wp\/v2\/comments?post=4523"}],"version-history":[{"count":1,"href":"https:\/\/www.femmeharmone.com\/eng\/wp-json\/wp\/v2\/pages\/4523\/revisions"}],"predecessor-version":[{"id":4524,"href":"https:\/\/www.femmeharmone.com\/eng\/wp-json\/wp\/v2\/pages\/4523\/revisions\/4524"}],"up":[{"embeddable":true,"href":"https:\/\/www.femmeharmone.com\/eng\/wp-json\/wp\/v2\/pages\/4482"}],"wp:attachment":[{"href":"https:\/\/www.femmeharmone.com\/eng\/wp-json\/wp\/v2\/media?parent=4523"}],"wp:term":[{"taxonomy":"category","embeddable":true,"href":"https:\/\/www.femmeharmone.com\/eng\/wp-json\/wp\/v2\/categories?post=4523"},{"taxonomy":"post_tag","embeddable":true,"href":"https:\/\/www.femmeharmone.com\/eng\/wp-json\/wp\/v2\/tags?post=4523"}],"curies":[{"name":"wp","href":"https:\/\/api.w.org\/{rel}","templated":true}]}}