{"id":4603,"date":"2024-07-16T13:41:17","date_gmt":"2024-07-16T13:41:17","guid":{"rendered":"https:\/\/www.femmeharmone.com\/?page_id=4603"},"modified":"2025-03-05T22:06:29","modified_gmt":"2025-03-05T22:06:29","slug":"magyarorszag-maria-orszaga","status":"publish","type":"page","link":"https:\/\/www.femmeharmone.com\/eng\/kutatointezet\/projektek\/magyarorszag-maria-orszaga\/","title":{"rendered":"Magyarorsz\u00e1g \u2013 M\u00e1ria orsz\u00e1ga"},"content":{"rendered":"<div style=\"height:50px\" aria-hidden=\"true\" class=\"wp-block-spacer\"><\/div>\n\n\n\n<h3 class=\"wp-block-heading has-text-align-center\">Projektvezet\u0151k:<br><strong>Dr. Zsuzsanna J. \u00dajv\u00e1ry<\/strong> t\u00f6rt\u00e9n\u00e9sz &#8211; <strong>Dr. Gy\u00f6ngyi Major<\/strong> k\u00f6zgazd\u00e1sz<\/h3>\n\n\n\n<div style=\"height:50px\" aria-hidden=\"true\" class=\"wp-block-spacer\"><\/div>\n\n\n\n<p>A XX. sz\u00e1zadt\u00f3l gyorsul\u00f3 \u00fctemben globaliz\u00e1l\u00f3d\u00f3 kult\u00far\u00e1ban a n\u0151is\u00e9g val\u00f3s t\u00e1rsadalmi szerep\u00e9vel, illetve ennek a t\u00e1rsadalmi tudatban val\u00f3 lek\u00e9pz\u0151d\u00e9s\u00e9vel l\u00e9nyegbev\u00e1g\u00f3 bajok vannak. Mi a Kort\u00e1rs N\u0151i Reflexi\u00f3k F\u00f3rum\u00e1ban \u00fagy l\u00e1tjuk, hogy a gazdas\u00e1git\u00f3l az identit\u00e1sig vezet\u0151, \u00e9s egyre s\u00falyosabban ki\u00e9lez\u0151d\u0151, k\u00e1oszpont fel\u00e9 mozg\u00f3 egyens\u00falytalans\u00e1gi probl\u00e9m\u00e1k gy\u00f6kere a n\u0151is\u00e9ghez vezethet\u0151 vissza. A megold\u00e1st azonban semmif\u00e9lek\u00e9ppen sem a jogegyenl\u0151s\u00e9gben, \u00e9s nem a maszkulinit\u00e1ssal val\u00f3 szemben\u00e1ll\u00e1sban keress\u00fck. Az okok sokkal m\u00e9lyebbre vezetnek, mintsem a megold\u00e1s ilyen egyszer\u0171 felsz\u00edni kezel\u00e9ssel elint\u00e9zhet\u0151 lehetne. Mi a magyar kult\u00far\u00e1ban szocializ\u00e1l\u00f3dhattunk \u2013 \u00e9s mivel ezt a kult\u00far\u00e1t k\u00e9s\u00e9ssel kezdte el bomlasztani az az eszm\u00e9ny, amely a nyugatabbra telep\u00fclt kult\u00far\u00e1kat m\u00e1r a megsemmis\u00fcl\u00e9s sz\u00e9l\u00e9re juttatta \u2013, az uralkod\u00f3i hagyom\u00e1ny \u00e9s a n\u00e9phagyom\u00e1ny m\u00e1ig fennmaradt, sok esetben m\u00e9g mindig eleven nyomain, mi k\u00f6nnyebben tehet\u00fcnk megk\u00fcl\u00f6nb\u00f6ztet\u00e9seket a n\u0151is\u00e9g eredeti, funkcion\u00e1lis t\u00e1rsadalmi szervez\u0151d\u00e9se, \u00e9s a mai, egyens\u00faly\u00e1t vesztett t\u00e1rsadalmi szervez\u0151d\u00e9s k\u00f6z\u00f6tt.<\/p>\n\n\n\n<p>Nem valamif\u00e9le \u0151si, vagy \u0151sinek tartott \u00e1llapot restaur\u00e1ci\u00f3s sz\u00e1nd\u00e9k\u00e1r\u00f3l van itt sz\u00f3, hanem a j\u00f6v\u0151 v\u00edzi\u00f3j\u00e1nak re\u00e1lis fel\u00e9p\u00edt\u00e9s\u00e9hez elengedhetetlen kultur\u00e1lis \u00f6r\u00f6ks\u00e9g meg\u00e9rt\u00e9s\u00e9r\u0151l.<\/p>\n\n\n\n<p>\u00c9s mi egy kincsesb\u00e1ny\u00e1n \u00fcl\u00fcnk. A magyar kult\u00far\u00e1ban hagyom\u00e1nyos n\u0151tisztelet, a Regnum Marianum eszm\u00e9je, a k\u00f6z\u00e9pkori magyar jogrendben a n\u0151kre vonatkoz\u00f3 joggyakorlat, a Boldogasszony-kultusz, Szent Istv\u00e1n orsz\u00e1g-felaj\u00e1nl\u00e1sa, vissza eg\u00e9szen Emese \u00e1lm\u00e1ig olyan egyenes vonalat alkotnak a m\u00faltba, amely a t\u00e1rsadalmi tudatban a jelenlegihez k\u00e9pest eg\u00e9szen m\u00e1s n\u0151k\u00e9pr\u0151l \u00fczen a m\u00e1nak.<\/p>\n\n\n\n<p>Els\u0151 pillant\u00e1sra is egy\u00e9rtelm\u0171, hogy a n\u0151mozgalmak kiindul\u00e1si pontja \u2013 a jogs\u00e9relem \u2013 ebben a szeml\u00e9leti foglalatban nemcsak \u00e9rtelmezhetetlen, hanem kifejezetten f\u00e9lrevezet\u0151 is. Itt ugyanis nem a f\u00e9rfijogok, f\u00e9rfi \u00f6nmegval\u00f3s\u00edt\u00e1si lehet\u0151s\u00e9g kik\u00f6vetel\u00e9s\u00e9r\u0151l van sz\u00f3, sokkal ink\u00e1bb a term\u00e9szeti rendet \u00e9rt\u0151 funkci\u00f3sz\u00e9tv\u00e1laszt\u00e1s \u00e9rhet\u0151 tetten, ami a harmonikus egy\u00fcttm\u0171k\u00f6d\u00e9s alapja. Ez pedig er\u0151s minta az egyens\u00faly\u00e1t vesztett m\u00e1nak, \u00e9s \u00e9ppen ez\u00e9rt tartjuk felett\u00e9bb fontosnak kult\u00fart\u00f6rt\u00e9neti, vall\u00e1st\u00f6rt\u00e9neti, ak\u00e1r r\u00e9g\u00e9szeti-archeol\u00f3giai alapon tudom\u00e1nyos kutat\u00e1s t\u00e1rgy\u00e1v\u00e1 tenni M\u00e1ria orsz\u00e1g\u00e1t.<\/p>\n\n\n\n<div style=\"height:100px\" aria-hidden=\"true\" class=\"wp-block-spacer\"><\/div>\n\n\n\n<h2 class=\"wp-block-heading has-text-align-center\">Magyarorsz\u00e1g &#8211; M\u00e1ria orsz\u00e1ga<\/h2>\n\n\n\n<h3 class=\"wp-block-heading has-text-align-center\">tudom\u00e1nyos konferencia<\/h3>\n\n\n\n<p class=\"has-text-align-center\">2024. j\u00fanius 10-11.<\/p>\n\n\n\n<p class=\"has-text-align-center\">Magyar Nemzeti M\u00fazeum, Budapest<\/p>\n\n\n\n<div style=\"height:50px\" aria-hidden=\"true\" class=\"wp-block-spacer\"><\/div>\n\n\n\n<p class=\"has-text-align-center\">Megh\u00edv\u00f3<\/p>\n\n\n\n<div data-wp-interactive=\"core\/file\" class=\"wp-block-file alignfull\"><object data-wp-bind--hidden=\"!state.hasPdfPreview\"  class=\"wp-block-file__embed\" data=\"https:\/\/www.femmeharmone.com\/wp-content\/uploads\/2024\/06\/MMO_meghivo_2024-2v.pdf\" type=\"application\/pdf\" style=\"width:100%;height:800px\" aria-label=\"Embed of MMO_meghivo_2024-2v.\"><\/object><a id=\"wp-block-file--media-bf9c5cb1-d6b8-4c62-a53e-0ea7dd70e76d\" href=\"https:\/\/www.femmeharmone.com\/wp-content\/uploads\/2024\/06\/MMO_meghivo_2024-2v.pdf\">MMO_meghivo_2024-2v<\/a><a href=\"https:\/\/www.femmeharmone.com\/wp-content\/uploads\/2024\/06\/MMO_meghivo_2024-2v.pdf\" class=\"wp-block-file__button wp-element-button\" download aria-describedby=\"wp-block-file--media-bf9c5cb1-d6b8-4c62-a53e-0ea7dd70e76d\">Let\u00f6lt\u00e9s<\/a><\/div>\n\n\n\n<div style=\"height:100px\" aria-hidden=\"true\" class=\"wp-block-spacer\"><\/div>\n\n\n\n<p class=\"has-text-align-center\">Program<\/p>\n\n\n\n<figure class=\"wp-block-image size-large\"><img loading=\"lazy\" decoding=\"async\" width=\"725\" height=\"1024\" src=\"https:\/\/www.femmeharmone.com\/wp-content\/uploads\/2024\/06\/MMO_plakat_2024_junius_10-725x1024.jpg\" alt=\"\" class=\"wp-image-4424\" srcset=\"https:\/\/www.femmeharmone.com\/wp-content\/uploads\/2024\/06\/MMO_plakat_2024_junius_10-725x1024.jpg 725w, https:\/\/www.femmeharmone.com\/wp-content\/uploads\/2024\/06\/MMO_plakat_2024_junius_10-212x300.jpg 212w, https:\/\/www.femmeharmone.com\/wp-content\/uploads\/2024\/06\/MMO_plakat_2024_junius_10-768x1085.jpg 768w, https:\/\/www.femmeharmone.com\/wp-content\/uploads\/2024\/06\/MMO_plakat_2024_junius_10-1087x1536.jpg 1087w, https:\/\/www.femmeharmone.com\/wp-content\/uploads\/2024\/06\/MMO_plakat_2024_junius_10-8x12.jpg 8w, https:\/\/www.femmeharmone.com\/wp-content\/uploads\/2024\/06\/MMO_plakat_2024_junius_10.jpg 1123w\" sizes=\"(max-width: 725px) 100vw, 725px\" \/><\/figure>\n\n\n\n<div style=\"height:100px\" aria-hidden=\"true\" class=\"wp-block-spacer\"><\/div>\n\n\n\n<figure class=\"wp-block-image size-large\"><img loading=\"lazy\" decoding=\"async\" width=\"725\" height=\"1024\" src=\"https:\/\/www.femmeharmone.com\/wp-content\/uploads\/2024\/06\/MMO_plakat_2024__junius_11-725x1024.jpg\" alt=\"\" class=\"wp-image-4427\" srcset=\"https:\/\/www.femmeharmone.com\/wp-content\/uploads\/2024\/06\/MMO_plakat_2024__junius_11-725x1024.jpg 725w, https:\/\/www.femmeharmone.com\/wp-content\/uploads\/2024\/06\/MMO_plakat_2024__junius_11-212x300.jpg 212w, https:\/\/www.femmeharmone.com\/wp-content\/uploads\/2024\/06\/MMO_plakat_2024__junius_11-768x1085.jpg 768w, https:\/\/www.femmeharmone.com\/wp-content\/uploads\/2024\/06\/MMO_plakat_2024__junius_11-1087x1536.jpg 1087w, https:\/\/www.femmeharmone.com\/wp-content\/uploads\/2024\/06\/MMO_plakat_2024__junius_11-8x12.jpg 8w, https:\/\/www.femmeharmone.com\/wp-content\/uploads\/2024\/06\/MMO_plakat_2024__junius_11.jpg 1123w\" sizes=\"(max-width: 725px) 100vw, 725px\" \/><\/figure>\n\n\n\n<div style=\"height:100px\" aria-hidden=\"true\" class=\"wp-block-spacer\"><\/div>\n\n\n\n<p class=\"has-text-align-center\">Absztraktf\u00fczet<\/p>\n\n\n\n<div data-wp-interactive=\"core\/file\" class=\"wp-block-file\"><object data-wp-bind--hidden=\"!state.hasPdfPreview\"  class=\"wp-block-file__embed\" data=\"https:\/\/www.femmeharmone.com\/wp-content\/uploads\/2024\/06\/MMO_absztraktfuzet.pdf\" type=\"application\/pdf\" style=\"width:100%;height:1100px\" aria-label=\"Embed of MMO_absztraktfuzet.\"><\/object><a id=\"wp-block-file--media-b760fadd-1672-4eb8-ae5c-451cea4fee0b\" href=\"https:\/\/www.femmeharmone.com\/wp-content\/uploads\/2024\/06\/MMO_absztraktfuzet.pdf\">MMO_absztraktfuzet<\/a><a href=\"https:\/\/www.femmeharmone.com\/wp-content\/uploads\/2024\/06\/MMO_absztraktfuzet.pdf\" class=\"wp-block-file__button wp-element-button\" download aria-describedby=\"wp-block-file--media-b760fadd-1672-4eb8-ae5c-451cea4fee0b\">Let\u00f6lt\u00e9s<\/a><\/div>\n\n\n\n<div style=\"height:100px\" aria-hidden=\"true\" class=\"wp-block-spacer\"><\/div>\n\n\n\n<figure class=\"wp-block-image alignwide size-full\"><img loading=\"lazy\" decoding=\"async\" width=\"1080\" height=\"810\" src=\"https:\/\/www.femmeharmone.com\/wp-content\/uploads\/2024\/07\/MNM_terem.jpg\" alt=\"\" class=\"wp-image-4635\" srcset=\"https:\/\/www.femmeharmone.com\/wp-content\/uploads\/2024\/07\/MNM_terem.jpg 1080w, https:\/\/www.femmeharmone.com\/wp-content\/uploads\/2024\/07\/MNM_terem-300x225.jpg 300w, https:\/\/www.femmeharmone.com\/wp-content\/uploads\/2024\/07\/MNM_terem-1024x768.jpg 1024w, https:\/\/www.femmeharmone.com\/wp-content\/uploads\/2024\/07\/MNM_terem-768x576.jpg 768w, https:\/\/www.femmeharmone.com\/wp-content\/uploads\/2024\/07\/MNM_terem-16x12.jpg 16w\" sizes=\"(max-width: 1080px) 100vw, 1080px\" \/><\/figure>\n\n\n\n<figure class=\"wp-block-gallery has-nested-images columns-default is-cropped wp-block-gallery-1 is-layout-flex wp-block-gallery-is-layout-flex\">\n<figure class=\"wp-block-image size-large\"><img loading=\"lazy\" decoding=\"async\" width=\"727\" height=\"1024\" data-id=\"4653\" src=\"https:\/\/www.femmeharmone.com\/wp-content\/uploads\/2024\/07\/29.UjvaryZs.beszel_RS_cut-727x1024.jpg\" alt=\"\" class=\"wp-image-4653\" srcset=\"https:\/\/www.femmeharmone.com\/wp-content\/uploads\/2024\/07\/29.UjvaryZs.beszel_RS_cut-727x1024.jpg 727w, https:\/\/www.femmeharmone.com\/wp-content\/uploads\/2024\/07\/29.UjvaryZs.beszel_RS_cut-213x300.jpg 213w, https:\/\/www.femmeharmone.com\/wp-content\/uploads\/2024\/07\/29.UjvaryZs.beszel_RS_cut-768x1082.jpg 768w, https:\/\/www.femmeharmone.com\/wp-content\/uploads\/2024\/07\/29.UjvaryZs.beszel_RS_cut-1090x1536.jpg 1090w, https:\/\/www.femmeharmone.com\/wp-content\/uploads\/2024\/07\/29.UjvaryZs.beszel_RS_cut-9x12.jpg 9w, https:\/\/www.femmeharmone.com\/wp-content\/uploads\/2024\/07\/29.UjvaryZs.beszel_RS_cut.jpg 1258w\" sizes=\"(max-width: 727px) 100vw, 727px\" \/><\/figure>\n\n\n\n<figure class=\"wp-block-image size-large\"><img loading=\"lazy\" decoding=\"async\" width=\"771\" height=\"1024\" data-id=\"4641\" src=\"https:\/\/www.femmeharmone.com\/wp-content\/uploads\/2024\/07\/IMG_20240610_101425-771x1024.jpg\" alt=\"\" class=\"wp-image-4641\" srcset=\"https:\/\/www.femmeharmone.com\/wp-content\/uploads\/2024\/07\/IMG_20240610_101425-771x1024.jpg 771w, https:\/\/www.femmeharmone.com\/wp-content\/uploads\/2024\/07\/IMG_20240610_101425-226x300.jpg 226w, https:\/\/www.femmeharmone.com\/wp-content\/uploads\/2024\/07\/IMG_20240610_101425-768x1020.jpg 768w, https:\/\/www.femmeharmone.com\/wp-content\/uploads\/2024\/07\/IMG_20240610_101425-1157x1536.jpg 1157w, https:\/\/www.femmeharmone.com\/wp-content\/uploads\/2024\/07\/IMG_20240610_101425-1542x2048.jpg 1542w, https:\/\/www.femmeharmone.com\/wp-content\/uploads\/2024\/07\/IMG_20240610_101425-9x12.jpg 9w, https:\/\/www.femmeharmone.com\/wp-content\/uploads\/2024\/07\/IMG_20240610_101425-1568x2083.jpg 1568w, https:\/\/www.femmeharmone.com\/wp-content\/uploads\/2024\/07\/IMG_20240610_101425-scaled.jpg 1928w\" sizes=\"(max-width: 771px) 100vw, 771px\" \/><\/figure>\n<\/figure>\n\n\n\n<figure class=\"wp-block-gallery has-nested-images columns-2 is-cropped wp-block-gallery-2 is-layout-flex wp-block-gallery-is-layout-flex\">\n<figure class=\"wp-block-image size-large\"><img loading=\"lazy\" decoding=\"async\" width=\"1024\" height=\"706\" data-id=\"4645\" src=\"https:\/\/www.femmeharmone.com\/wp-content\/uploads\/2024\/07\/20240610_101048_cut-1024x706.jpg\" alt=\"\" class=\"wp-image-4645\" srcset=\"https:\/\/www.femmeharmone.com\/wp-content\/uploads\/2024\/07\/20240610_101048_cut-1024x706.jpg 1024w, https:\/\/www.femmeharmone.com\/wp-content\/uploads\/2024\/07\/20240610_101048_cut-300x207.jpg 300w, https:\/\/www.femmeharmone.com\/wp-content\/uploads\/2024\/07\/20240610_101048_cut-768x529.jpg 768w, https:\/\/www.femmeharmone.com\/wp-content\/uploads\/2024\/07\/20240610_101048_cut-1536x1059.jpg 1536w, https:\/\/www.femmeharmone.com\/wp-content\/uploads\/2024\/07\/20240610_101048_cut-2048x1412.jpg 2048w, https:\/\/www.femmeharmone.com\/wp-content\/uploads\/2024\/07\/20240610_101048_cut-18x12.jpg 18w, https:\/\/www.femmeharmone.com\/wp-content\/uploads\/2024\/07\/20240610_101048_cut-1568x1081.jpg 1568w\" sizes=\"(max-width: 1024px) 100vw, 1024px\" \/><\/figure>\n\n\n\n<figure class=\"wp-block-image size-large\"><img loading=\"lazy\" decoding=\"async\" width=\"1024\" height=\"632\" data-id=\"4642\" src=\"https:\/\/www.femmeharmone.com\/wp-content\/uploads\/2024\/07\/16.a.JJ_.ProkoppTuskesMolnarI.U.Zs_._cut-1024x632.jpg\" alt=\"\" class=\"wp-image-4642\" srcset=\"https:\/\/www.femmeharmone.com\/wp-content\/uploads\/2024\/07\/16.a.JJ_.ProkoppTuskesMolnarI.U.Zs_._cut-1024x632.jpg 1024w, https:\/\/www.femmeharmone.com\/wp-content\/uploads\/2024\/07\/16.a.JJ_.ProkoppTuskesMolnarI.U.Zs_._cut-300x185.jpg 300w, https:\/\/www.femmeharmone.com\/wp-content\/uploads\/2024\/07\/16.a.JJ_.ProkoppTuskesMolnarI.U.Zs_._cut-768x474.jpg 768w, https:\/\/www.femmeharmone.com\/wp-content\/uploads\/2024\/07\/16.a.JJ_.ProkoppTuskesMolnarI.U.Zs_._cut-1536x948.jpg 1536w, https:\/\/www.femmeharmone.com\/wp-content\/uploads\/2024\/07\/16.a.JJ_.ProkoppTuskesMolnarI.U.Zs_._cut-2048x1264.jpg 2048w, https:\/\/www.femmeharmone.com\/wp-content\/uploads\/2024\/07\/16.a.JJ_.ProkoppTuskesMolnarI.U.Zs_._cut-18x12.jpg 18w, https:\/\/www.femmeharmone.com\/wp-content\/uploads\/2024\/07\/16.a.JJ_.ProkoppTuskesMolnarI.U.Zs_._cut-1568x967.jpg 1568w\" sizes=\"(max-width: 1024px) 100vw, 1024px\" \/><\/figure>\n\n\n\n<figure class=\"wp-block-image size-large\"><img loading=\"lazy\" decoding=\"async\" width=\"1024\" height=\"768\" data-id=\"4644\" src=\"https:\/\/www.femmeharmone.com\/wp-content\/uploads\/2024\/07\/28.a.SzaboB.HegedusE.SzaboPSzakalosE.vita_-1024x768.jpg\" alt=\"\" class=\"wp-image-4644\" srcset=\"https:\/\/www.femmeharmone.com\/wp-content\/uploads\/2024\/07\/28.a.SzaboB.HegedusE.SzaboPSzakalosE.vita_-1024x768.jpg 1024w, https:\/\/www.femmeharmone.com\/wp-content\/uploads\/2024\/07\/28.a.SzaboB.HegedusE.SzaboPSzakalosE.vita_-300x225.jpg 300w, https:\/\/www.femmeharmone.com\/wp-content\/uploads\/2024\/07\/28.a.SzaboB.HegedusE.SzaboPSzakalosE.vita_-768x576.jpg 768w, https:\/\/www.femmeharmone.com\/wp-content\/uploads\/2024\/07\/28.a.SzaboB.HegedusE.SzaboPSzakalosE.vita_-1536x1152.jpg 1536w, https:\/\/www.femmeharmone.com\/wp-content\/uploads\/2024\/07\/28.a.SzaboB.HegedusE.SzaboPSzakalosE.vita_-2048x1536.jpg 2048w, https:\/\/www.femmeharmone.com\/wp-content\/uploads\/2024\/07\/28.a.SzaboB.HegedusE.SzaboPSzakalosE.vita_-16x12.jpg 16w, https:\/\/www.femmeharmone.com\/wp-content\/uploads\/2024\/07\/28.a.SzaboB.HegedusE.SzaboPSzakalosE.vita_-1568x1176.jpg 1568w\" sizes=\"(max-width: 1024px) 100vw, 1024px\" \/><\/figure>\n\n\n\n<figure class=\"wp-block-image size-large\"><img loading=\"lazy\" decoding=\"async\" width=\"1024\" height=\"661\" data-id=\"4640\" src=\"https:\/\/www.femmeharmone.com\/wp-content\/uploads\/2024\/07\/IMG_20240611_143415_cut-1024x661.jpg\" alt=\"\" class=\"wp-image-4640\" srcset=\"https:\/\/www.femmeharmone.com\/wp-content\/uploads\/2024\/07\/IMG_20240611_143415_cut-1024x661.jpg 1024w, https:\/\/www.femmeharmone.com\/wp-content\/uploads\/2024\/07\/IMG_20240611_143415_cut-300x194.jpg 300w, https:\/\/www.femmeharmone.com\/wp-content\/uploads\/2024\/07\/IMG_20240611_143415_cut-768x496.jpg 768w, https:\/\/www.femmeharmone.com\/wp-content\/uploads\/2024\/07\/IMG_20240611_143415_cut-1536x991.jpg 1536w, https:\/\/www.femmeharmone.com\/wp-content\/uploads\/2024\/07\/IMG_20240611_143415_cut-2048x1322.jpg 2048w, https:\/\/www.femmeharmone.com\/wp-content\/uploads\/2024\/07\/IMG_20240611_143415_cut-18x12.jpg 18w, https:\/\/www.femmeharmone.com\/wp-content\/uploads\/2024\/07\/IMG_20240611_143415_cut-1568x1012.jpg 1568w\" sizes=\"(max-width: 1024px) 100vw, 1024px\" \/><\/figure>\n\n\n\n<figure class=\"wp-block-image size-large\"><img loading=\"lazy\" decoding=\"async\" width=\"1024\" height=\"774\" data-id=\"4639\" src=\"https:\/\/www.femmeharmone.com\/wp-content\/uploads\/2024\/07\/DSC_1966_cut-1024x774.jpg\" alt=\"\" class=\"wp-image-4639\" srcset=\"https:\/\/www.femmeharmone.com\/wp-content\/uploads\/2024\/07\/DSC_1966_cut-1024x774.jpg 1024w, https:\/\/www.femmeharmone.com\/wp-content\/uploads\/2024\/07\/DSC_1966_cut-300x227.jpg 300w, https:\/\/www.femmeharmone.com\/wp-content\/uploads\/2024\/07\/DSC_1966_cut-768x580.jpg 768w, https:\/\/www.femmeharmone.com\/wp-content\/uploads\/2024\/07\/DSC_1966_cut-1536x1161.jpg 1536w, https:\/\/www.femmeharmone.com\/wp-content\/uploads\/2024\/07\/DSC_1966_cut-2048x1548.jpg 2048w, https:\/\/www.femmeharmone.com\/wp-content\/uploads\/2024\/07\/DSC_1966_cut-16x12.jpg 16w, https:\/\/www.femmeharmone.com\/wp-content\/uploads\/2024\/07\/DSC_1966_cut-1568x1185.jpg 1568w\" sizes=\"(max-width: 1024px) 100vw, 1024px\" \/><\/figure>\n\n\n\n<figure class=\"wp-block-image size-large\"><img loading=\"lazy\" decoding=\"async\" width=\"1024\" height=\"743\" data-id=\"4638\" src=\"https:\/\/www.femmeharmone.com\/wp-content\/uploads\/2024\/07\/DSC_2103_cut-1024x743.jpg\" alt=\"\" class=\"wp-image-4638\" srcset=\"https:\/\/www.femmeharmone.com\/wp-content\/uploads\/2024\/07\/DSC_2103_cut-1024x743.jpg 1024w, https:\/\/www.femmeharmone.com\/wp-content\/uploads\/2024\/07\/DSC_2103_cut-300x218.jpg 300w, https:\/\/www.femmeharmone.com\/wp-content\/uploads\/2024\/07\/DSC_2103_cut-768x557.jpg 768w, https:\/\/www.femmeharmone.com\/wp-content\/uploads\/2024\/07\/DSC_2103_cut-1536x1114.jpg 1536w, https:\/\/www.femmeharmone.com\/wp-content\/uploads\/2024\/07\/DSC_2103_cut-2048x1486.jpg 2048w, https:\/\/www.femmeharmone.com\/wp-content\/uploads\/2024\/07\/DSC_2103_cut-18x12.jpg 18w, https:\/\/www.femmeharmone.com\/wp-content\/uploads\/2024\/07\/DSC_2103_cut-1568x1138.jpg 1568w\" sizes=\"(max-width: 1024px) 100vw, 1024px\" \/><\/figure>\n<\/figure>\n\n\n\n<figure class=\"wp-block-gallery has-nested-images columns-default is-cropped wp-block-gallery-3 is-layout-flex wp-block-gallery-is-layout-flex\">\n<figure class=\"wp-block-image size-large\"><img loading=\"lazy\" decoding=\"async\" width=\"768\" height=\"1024\" data-id=\"4684\" src=\"https:\/\/www.femmeharmone.com\/wp-content\/uploads\/2024\/07\/1.b.Demeter-Szilard-foigazgato-ur-megnyitoja-768x1024.jpg\" alt=\"\" class=\"wp-image-4684\" srcset=\"https:\/\/www.femmeharmone.com\/wp-content\/uploads\/2024\/07\/1.b.Demeter-Szilard-foigazgato-ur-megnyitoja-768x1024.jpg 768w, https:\/\/www.femmeharmone.com\/wp-content\/uploads\/2024\/07\/1.b.Demeter-Szilard-foigazgato-ur-megnyitoja-225x300.jpg 225w, https:\/\/www.femmeharmone.com\/wp-content\/uploads\/2024\/07\/1.b.Demeter-Szilard-foigazgato-ur-megnyitoja-1152x1536.jpg 1152w, https:\/\/www.femmeharmone.com\/wp-content\/uploads\/2024\/07\/1.b.Demeter-Szilard-foigazgato-ur-megnyitoja-1536x2048.jpg 1536w, https:\/\/www.femmeharmone.com\/wp-content\/uploads\/2024\/07\/1.b.Demeter-Szilard-foigazgato-ur-megnyitoja-9x12.jpg 9w, https:\/\/www.femmeharmone.com\/wp-content\/uploads\/2024\/07\/1.b.Demeter-Szilard-foigazgato-ur-megnyitoja-1568x2091.jpg 1568w, https:\/\/www.femmeharmone.com\/wp-content\/uploads\/2024\/07\/1.b.Demeter-Szilard-foigazgato-ur-megnyitoja-scaled.jpg 1920w\" sizes=\"(max-width: 768px) 100vw, 768px\" \/><\/figure>\n\n\n\n<figure class=\"wp-block-image size-large\"><img loading=\"lazy\" decoding=\"async\" width=\"992\" height=\"1024\" data-id=\"4681\" src=\"https:\/\/www.femmeharmone.com\/wp-content\/uploads\/2024\/07\/IMG_20240611_122108_cut-2-992x1024.jpg\" alt=\"\" class=\"wp-image-4681\" srcset=\"https:\/\/www.femmeharmone.com\/wp-content\/uploads\/2024\/07\/IMG_20240611_122108_cut-2-992x1024.jpg 992w, https:\/\/www.femmeharmone.com\/wp-content\/uploads\/2024\/07\/IMG_20240611_122108_cut-2-291x300.jpg 291w, https:\/\/www.femmeharmone.com\/wp-content\/uploads\/2024\/07\/IMG_20240611_122108_cut-2-768x793.jpg 768w, https:\/\/www.femmeharmone.com\/wp-content\/uploads\/2024\/07\/IMG_20240611_122108_cut-2-1488x1536.jpg 1488w, https:\/\/www.femmeharmone.com\/wp-content\/uploads\/2024\/07\/IMG_20240611_122108_cut-2-1984x2048.jpg 1984w, https:\/\/www.femmeharmone.com\/wp-content\/uploads\/2024\/07\/IMG_20240611_122108_cut-2-12x12.jpg 12w, https:\/\/www.femmeharmone.com\/wp-content\/uploads\/2024\/07\/IMG_20240611_122108_cut-2-1568x1619.jpg 1568w\" sizes=\"(max-width: 992px) 100vw, 992px\" \/><\/figure>\n<\/figure>\n\n\n\n<figure class=\"wp-block-image alignwide size-large\"><img loading=\"lazy\" decoding=\"async\" width=\"1024\" height=\"576\" src=\"https:\/\/www.femmeharmone.com\/wp-content\/uploads\/2024\/07\/DSC_1834-1024x576.jpg\" alt=\"\" class=\"wp-image-4637\" srcset=\"https:\/\/www.femmeharmone.com\/wp-content\/uploads\/2024\/07\/DSC_1834-1024x576.jpg 1024w, https:\/\/www.femmeharmone.com\/wp-content\/uploads\/2024\/07\/DSC_1834-300x169.jpg 300w, https:\/\/www.femmeharmone.com\/wp-content\/uploads\/2024\/07\/DSC_1834-768x432.jpg 768w, https:\/\/www.femmeharmone.com\/wp-content\/uploads\/2024\/07\/DSC_1834-1536x864.jpg 1536w, https:\/\/www.femmeharmone.com\/wp-content\/uploads\/2024\/07\/DSC_1834-2048x1152.jpg 2048w, https:\/\/www.femmeharmone.com\/wp-content\/uploads\/2024\/07\/DSC_1834-18x10.jpg 18w, https:\/\/www.femmeharmone.com\/wp-content\/uploads\/2024\/07\/DSC_1834-1568x882.jpg 1568w\" sizes=\"(max-width: 1024px) 100vw, 1024px\" \/><\/figure>\n\n\n\n<div style=\"height:100px\" aria-hidden=\"true\" class=\"wp-block-spacer\"><\/div>\n\n\n\n<p>Vide\u00f3felv\u00e9tel az el\u0151ad\u00e1sokr\u00f3l: hamarosan<\/p>\n\n\n\n<div style=\"height:100px\" aria-hidden=\"true\" class=\"wp-block-spacer\"><\/div>\n\n\n\n<hr class=\"wp-block-separator has-alpha-channel-opacity\"\/>\n\n\n\n<div style=\"height:100px\" aria-hidden=\"true\" class=\"wp-block-spacer\"><\/div>\n\n\n\n<h2 class=\"wp-block-heading has-text-align-center\"><strong><em>&#8222;M\u00e1ria, M\u00e1ria, mennyei sz\u00e9p csillag&#8221;<\/em><\/strong><br><strong>Archaikus im\u00e1kt\u00f3l klasszikus M\u00e1ri\u00e1s \u00e9nekekig<\/strong><\/h2>\n\n\n\n<p class=\"has-text-align-center\"> 2024. augusztus 14.<\/p>\n\n\n\n<p class=\"has-text-align-center\">Budai Kapucinus Templom, Budapest<\/p>\n\n\n\n<div style=\"height:50px\" aria-hidden=\"true\" class=\"wp-block-spacer\"><\/div>\n\n\n\n<figure class=\"wp-block-embed is-type-video is-provider-youtube wp-block-embed-youtube wp-embed-aspect-16-9 wp-has-aspect-ratio\"><div class=\"wp-block-embed__wrapper\">\n<iframe loading=\"lazy\" title=\"\u201eM\u00e1ria, M\u00e1ria, mennyei sz\u00e9p csillag\u201d \u2013 Archaikus im\u00e1kt\u00f3l klasszikus M\u00e1ri\u00e1s \u00e9nekekig\" width=\"750\" height=\"422\" src=\"https:\/\/www.youtube.com\/embed\/6Ws_f6bO3_8?feature=oembed\" frameborder=\"0\" allow=\"accelerometer; autoplay; clipboard-write; encrypted-media; gyroscope; picture-in-picture; web-share\" referrerpolicy=\"strict-origin-when-cross-origin\" allowfullscreen><\/iframe>\n<\/div><\/figure>\n\n\n\n<div data-wp-interactive=\"core\/file\" class=\"wp-block-file\"><object data-wp-bind--hidden=\"!state.hasPdfPreview\"  class=\"wp-block-file__embed\" data=\"https:\/\/www.femmeharmone.com\/wp-content\/uploads\/2024\/08\/2024_08_14_Maria_dalest_meghivo.pdf\" type=\"application\/pdf\" style=\"width:100%;height:1500px\" aria-label=\"Embed of 2024_08_14_Maria_dalest_meghivo.\"><\/object><a id=\"wp-block-file--media-86ce0ecf-adf7-4797-8376-d88e65e34bfe\" href=\"https:\/\/www.femmeharmone.com\/wp-content\/uploads\/2024\/08\/2024_08_14_Maria_dalest_meghivo.pdf\">2024_08_14_Maria_dalest_meghivo<\/a><a href=\"https:\/\/www.femmeharmone.com\/wp-content\/uploads\/2024\/08\/2024_08_14_Maria_dalest_meghivo.pdf\" class=\"wp-block-file__button wp-element-button\" download aria-describedby=\"wp-block-file--media-86ce0ecf-adf7-4797-8376-d88e65e34bfe\">Let\u00f6lt\u00e9s<\/a><\/div>\n\n\n\n<div style=\"height:100px\" aria-hidden=\"true\" class=\"wp-block-spacer\"><\/div>","protected":false},"excerpt":{"rendered":"<p>Projektvezet\u0151k:Dr. J. \u00dajv\u00e1ry Zsuzsanna t\u00f6rt\u00e9n\u00e9sz &#8211; Dr. Major Gy\u00f6ngyi k\u00f6zgazd\u00e1sz A XX. sz\u00e1zadt\u00f3l gyorsul\u00f3 \u00fctemben globaliz\u00e1l\u00f3d\u00f3 kult\u00far\u00e1ban a n\u0151is\u00e9g val\u00f3s t\u00e1rsadalmi szerep\u00e9vel, illetve ennek a t\u00e1rsadalmi tudatban val\u00f3 lek\u00e9pz\u0151d\u00e9s\u00e9vel l\u00e9nyegbev\u00e1g\u00f3 bajok vannak. Mi a Kort\u00e1rs N\u0151i Reflexi\u00f3k F\u00f3rum\u00e1ban \u00fagy l\u00e1tjuk, hogy a gazdas\u00e1git\u00f3l az identit\u00e1sig vezet\u0151, \u00e9s egyre s\u00falyosabban ki\u00e9lez\u0151d\u0151, k\u00e1oszpont fel\u00e9 mozg\u00f3 egyens\u00falytalans\u00e1gi probl\u00e9m\u00e1k&hellip;<\/p>","protected":false},"author":1,"featured_media":0,"parent":154,"menu_order":5,"comment_status":"closed","ping_status":"closed","template":"","meta":{"inline_featured_image":false,"footnotes":""},"categories":[],"tags":[],"_links":{"self":[{"href":"https:\/\/www.femmeharmone.com\/eng\/wp-json\/wp\/v2\/pages\/4603"}],"collection":[{"href":"https:\/\/www.femmeharmone.com\/eng\/wp-json\/wp\/v2\/pages"}],"about":[{"href":"https:\/\/www.femmeharmone.com\/eng\/wp-json\/wp\/v2\/types\/page"}],"author":[{"embeddable":true,"href":"https:\/\/www.femmeharmone.com\/eng\/wp-json\/wp\/v2\/users\/1"}],"replies":[{"embeddable":true,"href":"https:\/\/www.femmeharmone.com\/eng\/wp-json\/wp\/v2\/comments?post=4603"}],"version-history":[{"count":45,"href":"https:\/\/www.femmeharmone.com\/eng\/wp-json\/wp\/v2\/pages\/4603\/revisions"}],"predecessor-version":[{"id":5600,"href":"https:\/\/www.femmeharmone.com\/eng\/wp-json\/wp\/v2\/pages\/4603\/revisions\/5600"}],"up":[{"embeddable":true,"href":"https:\/\/www.femmeharmone.com\/eng\/wp-json\/wp\/v2\/pages\/154"}],"wp:attachment":[{"href":"https:\/\/www.femmeharmone.com\/eng\/wp-json\/wp\/v2\/media?parent=4603"}],"wp:term":[{"taxonomy":"category","embeddable":true,"href":"https:\/\/www.femmeharmone.com\/eng\/wp-json\/wp\/v2\/categories?post=4603"},{"taxonomy":"post_tag","embeddable":true,"href":"https:\/\/www.femmeharmone.com\/eng\/wp-json\/wp\/v2\/tags?post=4603"}],"curies":[{"name":"wp","href":"https:\/\/api.w.org\/{rel}","templated":true}]}}