{"id":4948,"date":"2024-11-20T07:45:39","date_gmt":"2024-11-20T07:45:39","guid":{"rendered":"https:\/\/www.femmeharmone.com\/?page_id=4948"},"modified":"2025-01-24T12:20:06","modified_gmt":"2025-01-24T12:20:06","slug":"individualizacio-szemelyiseg-mesterseges-intelligencia","status":"publish","type":"page","link":"https:\/\/www.femmeharmone.com\/eng\/kutatointezet\/projektek\/mi-noiseg-es-uj-paradigmak\/individualizacio-szemelyiseg-mesterseges-intelligencia\/","title":{"rendered":"Individualiz\u00e1ci\u00f3, szem\u00e9lyis\u00e9g, mesters\u00e9ges intelligencia"},"content":{"rendered":"<div style=\"height:50px\" aria-hidden=\"true\" class=\"wp-block-spacer\"><\/div>\n\n\n\n<h3 class=\"wp-block-heading has-text-align-center\">Projektvezet\u0151: <strong>Dr. K\u00e1roly Kiss<\/strong><\/h3>\n\n\n\n<div style=\"height:50px\" aria-hidden=\"true\" class=\"wp-block-spacer\"><\/div>\n\n\n\n<div class=\"wp-block-buttons is-content-justification-center is-layout-flex wp-container-core-buttons-is-layout-1 wp-block-buttons-is-layout-flex\">\n<div class=\"wp-block-button\"><a class=\"wp-block-button__link wp-element-button\" href=\"https:\/\/www.femmeharmone.com\/eng\/kiadvanyok\/individualizacio-szemelyiseg-mesterseges-intelligencia-2023\/\">A kutat\u00e1s eredm\u00e9nye megjelent 2023 okt\u00f3ber\u00e9ben a KNRF \u00e9s a L&#8217;Harmattan kiad\u00f3 gondoz\u00e1s\u00e1ban.<\/a><\/div>\n<\/div>\n\n\n\n<div style=\"height:50px\" aria-hidden=\"true\" class=\"wp-block-spacer\"><\/div>\n\n\n\n<figure class=\"wp-block-image size-large\"><img loading=\"lazy\" decoding=\"async\" width=\"716\" height=\"1024\" src=\"https:\/\/www.femmeharmone.com\/wp-content\/uploads\/2023\/11\/INDIVIDUALIZACIO_E-716x1024.jpg\" alt=\"\" class=\"wp-image-3909\" srcset=\"https:\/\/www.femmeharmone.com\/wp-content\/uploads\/2023\/11\/INDIVIDUALIZACIO_E-716x1024.jpg 716w, https:\/\/www.femmeharmone.com\/wp-content\/uploads\/2023\/11\/INDIVIDUALIZACIO_E-210x300.jpg 210w, https:\/\/www.femmeharmone.com\/wp-content\/uploads\/2023\/11\/INDIVIDUALIZACIO_E-768x1099.jpg 768w, https:\/\/www.femmeharmone.com\/wp-content\/uploads\/2023\/11\/INDIVIDUALIZACIO_E-8x12.jpg 8w, https:\/\/www.femmeharmone.com\/wp-content\/uploads\/2023\/11\/INDIVIDUALIZACIO_E.jpg 933w\" sizes=\"(max-width: 716px) 100vw, 716px\" \/><\/figure>\n\n\n\n<figure class=\"wp-block-image size-large\"><img loading=\"lazy\" decoding=\"async\" width=\"712\" height=\"1024\" src=\"https:\/\/www.femmeharmone.com\/wp-content\/uploads\/2023\/11\/INDIVIDUALIZACIO_H-712x1024.jpg\" alt=\"\" class=\"wp-image-3910\" srcset=\"https:\/\/www.femmeharmone.com\/wp-content\/uploads\/2023\/11\/INDIVIDUALIZACIO_H-712x1024.jpg 712w, https:\/\/www.femmeharmone.com\/wp-content\/uploads\/2023\/11\/INDIVIDUALIZACIO_H-209x300.jpg 209w, https:\/\/www.femmeharmone.com\/wp-content\/uploads\/2023\/11\/INDIVIDUALIZACIO_H-768x1105.jpg 768w, https:\/\/www.femmeharmone.com\/wp-content\/uploads\/2023\/11\/INDIVIDUALIZACIO_H-8x12.jpg 8w, https:\/\/www.femmeharmone.com\/wp-content\/uploads\/2023\/11\/INDIVIDUALIZACIO_H.jpg 928w\" sizes=\"(max-width: 712px) 100vw, 712px\" \/><\/figure>","protected":false},"excerpt":{"rendered":"<p>Projektvezet\u0151: Dr. Kiss K\u00e1roly<\/p>","protected":false},"author":1,"featured_media":0,"parent":3794,"menu_order":3,"comment_status":"closed","ping_status":"closed","template":"","meta":{"inline_featured_image":false,"footnotes":""},"categories":[],"tags":[],"_links":{"self":[{"href":"https:\/\/www.femmeharmone.com\/eng\/wp-json\/wp\/v2\/pages\/4948"}],"collection":[{"href":"https:\/\/www.femmeharmone.com\/eng\/wp-json\/wp\/v2\/pages"}],"about":[{"href":"https:\/\/www.femmeharmone.com\/eng\/wp-json\/wp\/v2\/types\/page"}],"author":[{"embeddable":true,"href":"https:\/\/www.femmeharmone.com\/eng\/wp-json\/wp\/v2\/users\/1"}],"replies":[{"embeddable":true,"href":"https:\/\/www.femmeharmone.com\/eng\/wp-json\/wp\/v2\/comments?post=4948"}],"version-history":[{"count":5,"href":"https:\/\/www.femmeharmone.com\/eng\/wp-json\/wp\/v2\/pages\/4948\/revisions"}],"predecessor-version":[{"id":5487,"href":"https:\/\/www.femmeharmone.com\/eng\/wp-json\/wp\/v2\/pages\/4948\/revisions\/5487"}],"up":[{"embeddable":true,"href":"https:\/\/www.femmeharmone.com\/eng\/wp-json\/wp\/v2\/pages\/3794"}],"wp:attachment":[{"href":"https:\/\/www.femmeharmone.com\/eng\/wp-json\/wp\/v2\/media?parent=4948"}],"wp:term":[{"taxonomy":"category","embeddable":true,"href":"https:\/\/www.femmeharmone.com\/eng\/wp-json\/wp\/v2\/categories?post=4948"},{"taxonomy":"post_tag","embeddable":true,"href":"https:\/\/www.femmeharmone.com\/eng\/wp-json\/wp\/v2\/tags?post=4948"}],"curies":[{"name":"wp","href":"https:\/\/api.w.org\/{rel}","templated":true}]}}