{"id":4955,"date":"2024-11-20T07:56:52","date_gmt":"2024-11-20T07:56:52","guid":{"rendered":"https:\/\/www.femmeharmone.com\/?page_id=4955"},"modified":"2025-10-10T10:23:58","modified_gmt":"2025-10-10T10:23:58","slug":"tortenelmi-eloadas-sorozatok","status":"publish","type":"page","link":"https:\/\/www.femmeharmone.com\/eng\/kutatointezet\/projektek\/tortenelmi-eloadas-sorozatok\/","title":{"rendered":"T\u00f6rt\u00e9nelmi el\u0151ad\u00e1s-sorozatok"},"content":{"rendered":"<div style=\"height:100px\" aria-hidden=\"true\" class=\"wp-block-spacer\"><\/div>\n\n\n\n<div class=\"wp-block-buttons is-content-justification-center is-layout-flex wp-container-core-buttons-is-layout-1 wp-block-buttons-is-layout-flex\">\n<div class=\"wp-block-button\"><a class=\"wp-block-button__link wp-element-button\" href=\"https:\/\/www.femmeharmone.com\/eng\/kutatointezet\/projektek\/tortenelmi-eloadas-sorozatok\/az-erdelyi-fejedelemseg-tortenete\/\">Az Erd\u00e9lyi Fejedelems\u00e9g t\u00f6rt\u00e9nete<\/a><\/div>\n<\/div>\n\n\n\n<div style=\"height:100px\" aria-hidden=\"true\" class=\"wp-block-spacer\"><\/div>\n\n\n\n<div class=\"wp-block-buttons is-content-justification-center is-layout-flex wp-container-core-buttons-is-layout-2 wp-block-buttons-is-layout-flex\">\n<div class=\"wp-block-button\"><a class=\"wp-block-button__link wp-element-button\" href=\"https:\/\/www.femmeharmone.com\/eng\/kutatointezet\/projektek\/tortenelmi-eloadas-sorozatok\/eletmod-es-anyagi-kultura-a-magyar-kiralysagban-az-ujkorban\/\">\u00c9letm\u00f3d \u00e9s anyagi kult\u00fara a Magyar Kir\u00e1lys\u00e1gban az \u00fajkorban<\/a><\/div>\n<\/div>\n\n\n\n<div style=\"height:100px\" aria-hidden=\"true\" class=\"wp-block-spacer\"><\/div>\n\n\n\n<div class=\"wp-block-buttons is-content-justification-center is-layout-flex wp-container-core-buttons-is-layout-3 wp-block-buttons-is-layout-flex\">\n<div class=\"wp-block-button\"><a class=\"wp-block-button__link wp-element-button\" href=\"https:\/\/www.femmeharmone.com\/eng\/intezet\/projektek\/magyarorszag-a-keresztenyseg-vedobastyaja\/\">Magyarorsz\u00e1g \u2013 \u201eA Kereszt\u00e9nys\u00e9g v\u00e9d\u0151b\u00e1sty\u00e1ja\u201d<\/a><\/div>\n<\/div>\n\n\n\n<div style=\"height:100px\" aria-hidden=\"true\" class=\"wp-block-spacer\"><\/div>\n\n\n\n<div class=\"wp-block-buttons is-content-justification-center is-layout-flex wp-container-core-buttons-is-layout-4 wp-block-buttons-is-layout-flex\">\n<div class=\"wp-block-button\"><a class=\"wp-block-button__link wp-element-button\" href=\"https:\/\/www.femmeharmone.com\/eng\/tudomanykommunikacio\/\">Tudom\u00e1nykommunik\u00e1ci\u00f3<\/a><\/div>\n<\/div>\n\n\n\n<div style=\"height:100px\" aria-hidden=\"true\" class=\"wp-block-spacer\"><\/div>","protected":false},"excerpt":{"rendered":"","protected":false},"author":1,"featured_media":0,"parent":154,"menu_order":9,"comment_status":"closed","ping_status":"closed","template":"","meta":{"inline_featured_image":false,"footnotes":""},"categories":[],"tags":[],"_links":{"self":[{"href":"https:\/\/www.femmeharmone.com\/eng\/wp-json\/wp\/v2\/pages\/4955"}],"collection":[{"href":"https:\/\/www.femmeharmone.com\/eng\/wp-json\/wp\/v2\/pages"}],"about":[{"href":"https:\/\/www.femmeharmone.com\/eng\/wp-json\/wp\/v2\/types\/page"}],"author":[{"embeddable":true,"href":"https:\/\/www.femmeharmone.com\/eng\/wp-json\/wp\/v2\/users\/1"}],"replies":[{"embeddable":true,"href":"https:\/\/www.femmeharmone.com\/eng\/wp-json\/wp\/v2\/comments?post=4955"}],"version-history":[{"count":5,"href":"https:\/\/www.femmeharmone.com\/eng\/wp-json\/wp\/v2\/pages\/4955\/revisions"}],"predecessor-version":[{"id":6247,"href":"https:\/\/www.femmeharmone.com\/eng\/wp-json\/wp\/v2\/pages\/4955\/revisions\/6247"}],"up":[{"embeddable":true,"href":"https:\/\/www.femmeharmone.com\/eng\/wp-json\/wp\/v2\/pages\/154"}],"wp:attachment":[{"href":"https:\/\/www.femmeharmone.com\/eng\/wp-json\/wp\/v2\/media?parent=4955"}],"wp:term":[{"taxonomy":"category","embeddable":true,"href":"https:\/\/www.femmeharmone.com\/eng\/wp-json\/wp\/v2\/categories?post=4955"},{"taxonomy":"post_tag","embeddable":true,"href":"https:\/\/www.femmeharmone.com\/eng\/wp-json\/wp\/v2\/tags?post=4955"}],"curies":[{"name":"wp","href":"https:\/\/api.w.org\/{rel}","templated":true}]}}