{"id":5087,"date":"2024-12-18T00:30:10","date_gmt":"2024-12-18T00:30:10","guid":{"rendered":"https:\/\/www.femmeharmone.com\/?page_id=5087"},"modified":"2024-12-24T04:58:58","modified_gmt":"2024-12-24T04:58:58","slug":"a-festeszet-eleven-tortenelme-gyemant-laszlo-visszaemlekezeseiben-1-resz","status":"publish","type":"page","link":"https:\/\/www.femmeharmone.com\/eng\/a-noi-dimenzio\/iii-evfolyam-3-szam\/kepzo-es-iparmuveszet\/a-festeszet-eleven-tortenelme-gyemant-laszlo-visszaemlekezeseiben-1-resz\/","title":{"rendered":"A fest\u00e9szet eleven t\u00f6rt\u00e9nelme Gy\u00e9m\u00e1nt L\u00e1szl\u00f3 visszaeml\u00e9kez\u00e9seiben (1. r\u00e9sz vide\u00f3)"},"content":{"rendered":"<p>Gy\u00e9m\u00e1nt L\u00e1szl\u00f3 \u00e9letm\u0171ve \u00e9s \u00e9lett\u00f6rt\u00e9nete nemcsak az\u00e9rt foglal el kiemelked\u0151 helyet a magyar pikt\u00far\u00e1ban, mert k\u00fcl\u00f6n\u00f6sen portr\u00e9fest\u0151k\u00e9nt jelent\u0151set alkotott, hanem az\u00e9rt is, mert munk\u00e1ss\u00e1g\u00e1val az egyetemes fest\u00e9szet egy rendk\u00edv\u00fcli korszak\u00e1t fogja \u00e1t. Ezen bel\u00fcl is egy olyan k\u00f6zvet\u00edt\u0151 szerepet j\u00e1tszik a nyugati, illetve nyugatra emigr\u00e1lt magyar fest\u0151k \u00e9s a magyarorsz\u00e1gi fest\u00e9szet k\u00f6z\u00f6tt, ami speci\u00e1lis helyzet\u00e9b\u0151l ad\u00f3d\u00f3an senki m\u00e1snak nem adatott meg.&nbsp; Kor\u00e1n megmutatkoz\u00f3 kvalit\u00e1sa sokszor a naivit\u00e1sig vitt gyermeki k\u00edv\u00e1ncsis\u00e1ggal p\u00e1rosulva olyan \u0151szintes\u00e9gi elegyet alkotott, amivel a hatalom nem tudott mit kezdeni. Meg sem tudta ker\u00fclni, el sem tudta hallgatni, mag\u00e1hoz sem tudta \u00f6lelni. Ebben a meghat\u00e1rozhatatlan helyzetben viszont a v\u00e9letleneknek vagy a sors kiv\u00e9telezetts\u00e9g\u00e9nek k\u00f6sz\u00f6nhet\u0151en \u0151 j\u00e1rt-kelt a nagyvil\u00e1gban, \u00e9s mintegy hidat k\u00e9pezve \u00e9rintkezett mindenkivel, aki ebben az avantg\u00e1rd ut\u00e1ni, rendk\u00edv\u00fclien izgalmas korban \u00fagy Magyarorsz\u00e1gon, mint a nagyvil\u00e1gban sz\u00e1m\u00edtott. A legjelent\u0151sebb m\u0171v\u00e9szek \u00e9s tud\u00f3sok tartoztak az \u00e9rintkez\u00e9si k\u00f6r\u00e9hez.<\/p>\n\n\n\n<p>Ebben a felv\u00e9telben k\u00f6tetlen\u00fcl besz\u00e9l nek\u00fcnk kalandos \u00e9let\u00e9nek n\u00e9h\u00e1ny kiemelt, \u00e1ltala is fontosnak tartott r\u00e9szlet\u00e9r\u0151l. Minden, amit mond, kihagyhatatlan a magyar fest\u00e9szet t\u00f6rt\u00e9netis\u00e9g\u00e9nek meg\u00e9rt\u00e9s\u00e9hez.<\/p>\n\n\n\n<div style=\"height:100px\" aria-hidden=\"true\" class=\"wp-block-spacer\"><\/div>\n\n\n\n<figure class=\"wp-block-embed is-type-video is-provider-youtube wp-block-embed-youtube wp-embed-aspect-16-9 wp-has-aspect-ratio\"><div class=\"wp-block-embed__wrapper\">\n<iframe loading=\"lazy\" title=\"Gy\u00e9m\u00e1nt L\u00e1szl\u00f3 interj\u00fa (1. r\u00e9sz)\" width=\"750\" height=\"422\" src=\"https:\/\/www.youtube.com\/embed\/Muiv1yq5tFE?feature=oembed\" frameborder=\"0\" allow=\"accelerometer; autoplay; clipboard-write; encrypted-media; gyroscope; picture-in-picture; web-share\" referrerpolicy=\"strict-origin-when-cross-origin\" allowfullscreen><\/iframe>\n<\/div><\/figure>\n\n\n\n<div style=\"height:100px\" aria-hidden=\"true\" class=\"wp-block-spacer\"><\/div>","protected":false},"excerpt":{"rendered":"<p>Gy\u00e9m\u00e1nt L\u00e1szl\u00f3 \u00e9letm\u0171ve \u00e9s \u00e9lett\u00f6rt\u00e9nete nemcsak az\u00e9rt foglal el kiemelked\u0151 helyet a magyar pikt\u00far\u00e1ban, mert k\u00fcl\u00f6n\u00f6sen portr\u00e9fest\u0151k\u00e9nt jelent\u0151set alkotott, hanem az\u00e9rt is, mert munk\u00e1ss\u00e1g\u00e1val az egyetemes fest\u00e9szet egy rendk\u00edv\u00fcli korszak\u00e1t fogja \u00e1t. Ezen bel\u00fcl is egy olyan k\u00f6zvet\u00edt\u0151 szerepet j\u00e1tszik a nyugati, illetve nyugatra emigr\u00e1lt magyar fest\u0151k \u00e9s a magyarorsz\u00e1gi fest\u00e9szet k\u00f6z\u00f6tt, ami speci\u00e1lis helyzet\u00e9b\u0151l&hellip;<\/p>","protected":false},"author":1,"featured_media":0,"parent":5069,"menu_order":1,"comment_status":"closed","ping_status":"closed","template":"page-article.php","meta":{"inline_featured_image":false,"footnotes":""},"categories":[],"tags":[],"_links":{"self":[{"href":"https:\/\/www.femmeharmone.com\/eng\/wp-json\/wp\/v2\/pages\/5087"}],"collection":[{"href":"https:\/\/www.femmeharmone.com\/eng\/wp-json\/wp\/v2\/pages"}],"about":[{"href":"https:\/\/www.femmeharmone.com\/eng\/wp-json\/wp\/v2\/types\/page"}],"author":[{"embeddable":true,"href":"https:\/\/www.femmeharmone.com\/eng\/wp-json\/wp\/v2\/users\/1"}],"replies":[{"embeddable":true,"href":"https:\/\/www.femmeharmone.com\/eng\/wp-json\/wp\/v2\/comments?post=5087"}],"version-history":[{"count":3,"href":"https:\/\/www.femmeharmone.com\/eng\/wp-json\/wp\/v2\/pages\/5087\/revisions"}],"predecessor-version":[{"id":5290,"href":"https:\/\/www.femmeharmone.com\/eng\/wp-json\/wp\/v2\/pages\/5087\/revisions\/5290"}],"up":[{"embeddable":true,"href":"https:\/\/www.femmeharmone.com\/eng\/wp-json\/wp\/v2\/pages\/5069"}],"wp:attachment":[{"href":"https:\/\/www.femmeharmone.com\/eng\/wp-json\/wp\/v2\/media?parent=5087"}],"wp:term":[{"taxonomy":"category","embeddable":true,"href":"https:\/\/www.femmeharmone.com\/eng\/wp-json\/wp\/v2\/categories?post=5087"},{"taxonomy":"post_tag","embeddable":true,"href":"https:\/\/www.femmeharmone.com\/eng\/wp-json\/wp\/v2\/tags?post=5087"}],"curies":[{"name":"wp","href":"https:\/\/api.w.org\/{rel}","templated":true}]}}