{"id":5089,"date":"2024-12-18T00:32:45","date_gmt":"2024-12-18T00:32:45","guid":{"rendered":"https:\/\/www.femmeharmone.com\/?page_id=5089"},"modified":"2024-12-18T04:11:25","modified_gmt":"2024-12-18T04:11:25","slug":"dioszegi-szabo-pal-petofi-palimpszesztusok","status":"publish","type":"page","link":"https:\/\/www.femmeharmone.com\/eng\/a-noi-dimenzio\/iii-evfolyam-3-szam\/irodalom\/dioszegi-szabo-pal-petofi-palimpszesztusok\/","title":{"rendered":"<em>Di\u00f3szegi Szab\u00f3 P\u00e1l:<\/em> Pet\u0151fi-palimpszesztusok"},"content":{"rendered":"<p>A versel\u00e9s ugyanazzal az \u00f6szt\u00f6n\u00f6ss\u00e9ggel t\u00f6r mag\u00e1nak utat a kult\u00far\u00e1ban, mint a t\u00f6bbi m\u0171v\u00e9szeti \u00e1g. Az \u00f6szt\u00f6n\u00f6s megnyilv\u00e1nul\u00e1s oka pedig a l\u00e9tez\u00e9s \u00f6nmag\u00e1n t\u00falmutat\u00f3, szakr\u00e1lis jelent\u00e9s\u00e9nek \u00e9s jelent\u0151s\u00e9g\u00e9nek kinyilv\u00e1n\u00edt\u00e1si ig\u00e9nye az \u00e9let k\u00fcl\u00f6n\u00f6s m\u00f3don kiemelt pillanataiban. Ez\u00e9rt festettek el\u0151deink barlangok fal\u00e1ra k\u00e9peket, \u00e9s ez\u00e9rt desztill\u00e1ltak a k\u00f6z\u00f6ns\u00e9ges besz\u00e9db\u0151l id\u0151m\u00e9rt\u00e9kkel, r\u00edmmel m\u00e9ly \u00e9rtelm\u0171 sz\u00f6vegeket. Mindez nemcsak fennk\u00f6lts\u00e9g, hanem j\u00e1t\u00e9k, v\u00e9gig az ismert t\u00f6rt\u00e9nelemben. Id\u0151k\u00f6zben persze nagyokat fordult a vil\u00e1g, \u00e9s a kiemel\u00e9sre \u00e9rdemes tartalmak sokat v\u00e1ltoztak. Di\u00f3szegi Szab\u00f3 P\u00e1l a versel\u00e9s kifinomult hagyom\u00e1nyaihoz kapcsol\u00f3dva \u00e9ppen abban v\u00e1lt formabont\u00f3v\u00e1, hogy nem bontja le a hagyom\u00e1nyos versel\u00e9si form\u00e1kat. \u00c9rzi a nyelv l\u00fcktet\u00e9s\u00e9t, \u00e9s k\u00e9szs\u00e9g szinten interpret\u00e1lja gondolatait jambusokban, hexameterekben. A nemes veretbe azonban becsemp\u00e9szi prof\u00e1nn\u00e1 v\u00e1lt \u00e9let\u00fcnk legprof\u00e1nabb r\u00e9szleteit is, olykor naiv \u0151szintes\u00e9ggel, olykor humorral, k\u00eds\u00e9rletet t\u00e9ve a szakr\u00e1lis \u00e9s prof\u00e1n k\u00f6z\u00f6tti fesz\u00fclts\u00e9g felmutat\u00e1s\u00e1ra, vagy \u00e9ppen a prof\u00e1n felold\u00e1s\u00e1ra abban, ami m\u00e9g mindig szakr\u00e1lis l\u00e9nyegk\u00e9nt m\u0171k\u00f6dteti az emberi l\u00e9tez\u00e9st.<\/p>","protected":false},"excerpt":{"rendered":"<p>A versel\u00e9s ugyanazzal az \u00f6szt\u00f6n\u00f6ss\u00e9ggel t\u00f6r mag\u00e1nak utat a kult\u00far\u00e1ban, mint a t\u00f6bbi m\u0171v\u00e9szeti \u00e1g. Az \u00f6szt\u00f6n\u00f6s megnyilv\u00e1nul\u00e1s oka pedig a l\u00e9tez\u00e9s \u00f6nmag\u00e1n t\u00falmutat\u00f3, szakr\u00e1lis jelent\u00e9s\u00e9nek \u00e9s jelent\u0151s\u00e9g\u00e9nek kinyilv\u00e1n\u00edt\u00e1si ig\u00e9nye az \u00e9let k\u00fcl\u00f6n\u00f6s m\u00f3don kiemelt pillanataiban. Ez\u00e9rt festettek el\u0151deink barlangok fal\u00e1ra k\u00e9peket, \u00e9s ez\u00e9rt desztill\u00e1ltak a k\u00f6z\u00f6ns\u00e9ges besz\u00e9db\u0151l id\u0151m\u00e9rt\u00e9kkel, r\u00edmmel m\u00e9ly \u00e9rtelm\u0171 sz\u00f6vegeket. Mindez nemcsak&hellip;<\/p>","protected":false},"author":1,"featured_media":0,"parent":5071,"menu_order":1,"comment_status":"closed","ping_status":"closed","template":"page-article.php","meta":{"inline_featured_image":false,"footnotes":""},"categories":[],"tags":[],"_links":{"self":[{"href":"https:\/\/www.femmeharmone.com\/eng\/wp-json\/wp\/v2\/pages\/5089"}],"collection":[{"href":"https:\/\/www.femmeharmone.com\/eng\/wp-json\/wp\/v2\/pages"}],"about":[{"href":"https:\/\/www.femmeharmone.com\/eng\/wp-json\/wp\/v2\/types\/page"}],"author":[{"embeddable":true,"href":"https:\/\/www.femmeharmone.com\/eng\/wp-json\/wp\/v2\/users\/1"}],"replies":[{"embeddable":true,"href":"https:\/\/www.femmeharmone.com\/eng\/wp-json\/wp\/v2\/comments?post=5089"}],"version-history":[{"count":2,"href":"https:\/\/www.femmeharmone.com\/eng\/wp-json\/wp\/v2\/pages\/5089\/revisions"}],"predecessor-version":[{"id":5200,"href":"https:\/\/www.femmeharmone.com\/eng\/wp-json\/wp\/v2\/pages\/5089\/revisions\/5200"}],"up":[{"embeddable":true,"href":"https:\/\/www.femmeharmone.com\/eng\/wp-json\/wp\/v2\/pages\/5071"}],"wp:attachment":[{"href":"https:\/\/www.femmeharmone.com\/eng\/wp-json\/wp\/v2\/media?parent=5089"}],"wp:term":[{"taxonomy":"category","embeddable":true,"href":"https:\/\/www.femmeharmone.com\/eng\/wp-json\/wp\/v2\/categories?post=5089"},{"taxonomy":"post_tag","embeddable":true,"href":"https:\/\/www.femmeharmone.com\/eng\/wp-json\/wp\/v2\/tags?post=5089"}],"curies":[{"name":"wp","href":"https:\/\/api.w.org\/{rel}","templated":true}]}}