{"id":5091,"date":"2024-12-18T00:34:20","date_gmt":"2024-12-18T00:34:20","guid":{"rendered":"https:\/\/www.femmeharmone.com\/?page_id=5091"},"modified":"2024-12-18T04:11:40","modified_gmt":"2024-12-18T04:11:40","slug":"dioszegi-szabo-pal-varnak-a-csekkek","status":"publish","type":"page","link":"https:\/\/www.femmeharmone.com\/eng\/a-noi-dimenzio\/iii-evfolyam-3-szam\/irodalom\/dioszegi-szabo-pal-varnak-a-csekkek\/","title":{"rendered":"<em>Di\u00f3szegi Szab\u00f3 P\u00e1l:<\/em> V\u00e1rnak a csekkek"},"content":{"rendered":"<div style=\"height:100px\" aria-hidden=\"true\" class=\"wp-block-spacer\"><\/div>\n\n\n\n<div data-wp-interactive=\"core\/file\" class=\"wp-block-file\"><object data-wp-bind--hidden=\"!state.hasPdfPreview\"  class=\"wp-block-file__embed\" data=\"https:\/\/www.femmeharmone.com\/wp-content\/uploads\/2024\/12\/AND9_2023_Osz_v1_0_DSZP_Varnak.pdf\" type=\"application\/pdf\" style=\"width:100%;height:1500px\" aria-label=\"Embed of AND9_2023_Osz_v1_0_DSZP_Varnak.\"><\/object><a id=\"wp-block-file--media-b0ab82dc-8a23-4cff-9133-79e1a741e31d\" href=\"https:\/\/www.femmeharmone.com\/wp-content\/uploads\/2024\/12\/AND9_2023_Osz_v1_0_DSZP_Varnak.pdf\">AND9_2023_Osz_v1_0_DSZP_Varnak<\/a><a href=\"https:\/\/www.femmeharmone.com\/wp-content\/uploads\/2024\/12\/AND9_2023_Osz_v1_0_DSZP_Varnak.pdf\" class=\"wp-block-file__button wp-element-button\" download aria-describedby=\"wp-block-file--media-b0ab82dc-8a23-4cff-9133-79e1a741e31d\">Let\u00f6lt\u00e9s<\/a><\/div>","protected":false},"excerpt":{"rendered":"","protected":false},"author":1,"featured_media":0,"parent":5071,"menu_order":2,"comment_status":"closed","ping_status":"closed","template":"page-article.php","meta":{"inline_featured_image":false,"footnotes":""},"categories":[],"tags":[],"_links":{"self":[{"href":"https:\/\/www.femmeharmone.com\/eng\/wp-json\/wp\/v2\/pages\/5091"}],"collection":[{"href":"https:\/\/www.femmeharmone.com\/eng\/wp-json\/wp\/v2\/pages"}],"about":[{"href":"https:\/\/www.femmeharmone.com\/eng\/wp-json\/wp\/v2\/types\/page"}],"author":[{"embeddable":true,"href":"https:\/\/www.femmeharmone.com\/eng\/wp-json\/wp\/v2\/users\/1"}],"replies":[{"embeddable":true,"href":"https:\/\/www.femmeharmone.com\/eng\/wp-json\/wp\/v2\/comments?post=5091"}],"version-history":[{"count":5,"href":"https:\/\/www.femmeharmone.com\/eng\/wp-json\/wp\/v2\/pages\/5091\/revisions"}],"predecessor-version":[{"id":5201,"href":"https:\/\/www.femmeharmone.com\/eng\/wp-json\/wp\/v2\/pages\/5091\/revisions\/5201"}],"up":[{"embeddable":true,"href":"https:\/\/www.femmeharmone.com\/eng\/wp-json\/wp\/v2\/pages\/5071"}],"wp:attachment":[{"href":"https:\/\/www.femmeharmone.com\/eng\/wp-json\/wp\/v2\/media?parent=5091"}],"wp:term":[{"taxonomy":"category","embeddable":true,"href":"https:\/\/www.femmeharmone.com\/eng\/wp-json\/wp\/v2\/categories?post=5091"},{"taxonomy":"post_tag","embeddable":true,"href":"https:\/\/www.femmeharmone.com\/eng\/wp-json\/wp\/v2\/tags?post=5091"}],"curies":[{"name":"wp","href":"https:\/\/api.w.org\/{rel}","templated":true}]}}