{"id":5093,"date":"2024-12-18T00:35:00","date_gmt":"2024-12-18T00:35:00","guid":{"rendered":"https:\/\/www.femmeharmone.com\/?page_id=5093"},"modified":"2024-12-18T04:11:50","modified_gmt":"2024-12-18T04:11:50","slug":"dioszegi-szabo-pal-a-lathatatlan-robogo-a-37-petofi-szavaloversenyre","status":"publish","type":"page","link":"https:\/\/www.femmeharmone.com\/eng\/a-noi-dimenzio\/iii-evfolyam-3-szam\/irodalom\/dioszegi-szabo-pal-a-lathatatlan-robogo-a-37-petofi-szavaloversenyre\/","title":{"rendered":"<em>Di\u00f3szegi Szab\u00f3 P\u00e1l:<\/em> A l\u00e1thatatlan robog\u00f3 \u2013 a 37. Pet\u0151fi-szaval\u00f3versenyre"},"content":{"rendered":"<div style=\"height:100px\" aria-hidden=\"true\" class=\"wp-block-spacer\"><\/div>\n\n\n\n<div data-wp-interactive=\"core\/file\" class=\"wp-block-file\"><object data-wp-bind--hidden=\"!state.hasPdfPreview\"  class=\"wp-block-file__embed\" data=\"https:\/\/www.femmeharmone.com\/wp-content\/uploads\/2024\/12\/AND9_2023_Osz_v1_0_DSZP_Lathatatlan.pdf\" type=\"application\/pdf\" style=\"width:100%;height:1500px\" aria-label=\"Embed of AND9_2023_Osz_v1_0_DSZP_Lathatatlan.\"><\/object><a id=\"wp-block-file--media-cbe90f03-6d22-4ba2-93ae-ea7d6f340a2a\" href=\"https:\/\/www.femmeharmone.com\/wp-content\/uploads\/2024\/12\/AND9_2023_Osz_v1_0_DSZP_Lathatatlan.pdf\">AND9_2023_Osz_v1_0_DSZP_Lathatatlan<\/a><a href=\"https:\/\/www.femmeharmone.com\/wp-content\/uploads\/2024\/12\/AND9_2023_Osz_v1_0_DSZP_Lathatatlan.pdf\" class=\"wp-block-file__button wp-element-button\" download aria-describedby=\"wp-block-file--media-cbe90f03-6d22-4ba2-93ae-ea7d6f340a2a\">Let\u00f6lt\u00e9s<\/a><\/div>","protected":false},"excerpt":{"rendered":"","protected":false},"author":1,"featured_media":0,"parent":5071,"menu_order":3,"comment_status":"closed","ping_status":"closed","template":"page-article.php","meta":{"inline_featured_image":false,"footnotes":""},"categories":[],"tags":[],"_links":{"self":[{"href":"https:\/\/www.femmeharmone.com\/eng\/wp-json\/wp\/v2\/pages\/5093"}],"collection":[{"href":"https:\/\/www.femmeharmone.com\/eng\/wp-json\/wp\/v2\/pages"}],"about":[{"href":"https:\/\/www.femmeharmone.com\/eng\/wp-json\/wp\/v2\/types\/page"}],"author":[{"embeddable":true,"href":"https:\/\/www.femmeharmone.com\/eng\/wp-json\/wp\/v2\/users\/1"}],"replies":[{"embeddable":true,"href":"https:\/\/www.femmeharmone.com\/eng\/wp-json\/wp\/v2\/comments?post=5093"}],"version-history":[{"count":3,"href":"https:\/\/www.femmeharmone.com\/eng\/wp-json\/wp\/v2\/pages\/5093\/revisions"}],"predecessor-version":[{"id":5202,"href":"https:\/\/www.femmeharmone.com\/eng\/wp-json\/wp\/v2\/pages\/5093\/revisions\/5202"}],"up":[{"embeddable":true,"href":"https:\/\/www.femmeharmone.com\/eng\/wp-json\/wp\/v2\/pages\/5071"}],"wp:attachment":[{"href":"https:\/\/www.femmeharmone.com\/eng\/wp-json\/wp\/v2\/media?parent=5093"}],"wp:term":[{"taxonomy":"category","embeddable":true,"href":"https:\/\/www.femmeharmone.com\/eng\/wp-json\/wp\/v2\/categories?post=5093"},{"taxonomy":"post_tag","embeddable":true,"href":"https:\/\/www.femmeharmone.com\/eng\/wp-json\/wp\/v2\/tags?post=5093"}],"curies":[{"name":"wp","href":"https:\/\/api.w.org\/{rel}","templated":true}]}}