{"id":5099,"date":"2024-12-18T00:37:08","date_gmt":"2024-12-18T00:37:08","guid":{"rendered":"https:\/\/www.femmeharmone.com\/?page_id=5099"},"modified":"2024-12-18T04:12:22","modified_gmt":"2024-12-18T04:12:22","slug":"dioszegi-szabo-pal-relativitasunk","status":"publish","type":"page","link":"https:\/\/www.femmeharmone.com\/eng\/a-noi-dimenzio\/iii-evfolyam-3-szam\/irodalom\/dioszegi-szabo-pal-relativitasunk\/","title":{"rendered":"<em>Di\u00f3szegi Szab\u00f3 P\u00e1l:<\/em> Relativit\u00e1sunk"},"content":{"rendered":"<div style=\"height:100px\" aria-hidden=\"true\" class=\"wp-block-spacer\"><\/div>\n\n\n\n<div data-wp-interactive=\"core\/file\" class=\"wp-block-file\"><object data-wp-bind--hidden=\"!state.hasPdfPreview\"  class=\"wp-block-file__embed\" data=\"https:\/\/www.femmeharmone.com\/wp-content\/uploads\/2024\/12\/AND9_2023_Osz_v1_0_DSZP_Relativitasunk.pdf\" type=\"application\/pdf\" style=\"width:100%;height:1500px\" aria-label=\"Embed of AND9_2023_Osz_v1_0_DSZP_Relativitasunk.\"><\/object><a id=\"wp-block-file--media-10f5e692-3bc4-47e2-bcb5-3ba782fdd6c6\" href=\"https:\/\/www.femmeharmone.com\/wp-content\/uploads\/2024\/12\/AND9_2023_Osz_v1_0_DSZP_Relativitasunk.pdf\">AND9_2023_Osz_v1_0_DSZP_Relativitasunk<\/a><a href=\"https:\/\/www.femmeharmone.com\/wp-content\/uploads\/2024\/12\/AND9_2023_Osz_v1_0_DSZP_Relativitasunk.pdf\" class=\"wp-block-file__button wp-element-button\" download aria-describedby=\"wp-block-file--media-10f5e692-3bc4-47e2-bcb5-3ba782fdd6c6\">Let\u00f6lt\u00e9s<\/a><\/div>","protected":false},"excerpt":{"rendered":"","protected":false},"author":1,"featured_media":0,"parent":5071,"menu_order":6,"comment_status":"closed","ping_status":"closed","template":"page-article.php","meta":{"inline_featured_image":false,"footnotes":""},"categories":[],"tags":[],"_links":{"self":[{"href":"https:\/\/www.femmeharmone.com\/eng\/wp-json\/wp\/v2\/pages\/5099"}],"collection":[{"href":"https:\/\/www.femmeharmone.com\/eng\/wp-json\/wp\/v2\/pages"}],"about":[{"href":"https:\/\/www.femmeharmone.com\/eng\/wp-json\/wp\/v2\/types\/page"}],"author":[{"embeddable":true,"href":"https:\/\/www.femmeharmone.com\/eng\/wp-json\/wp\/v2\/users\/1"}],"replies":[{"embeddable":true,"href":"https:\/\/www.femmeharmone.com\/eng\/wp-json\/wp\/v2\/comments?post=5099"}],"version-history":[{"count":3,"href":"https:\/\/www.femmeharmone.com\/eng\/wp-json\/wp\/v2\/pages\/5099\/revisions"}],"predecessor-version":[{"id":5205,"href":"https:\/\/www.femmeharmone.com\/eng\/wp-json\/wp\/v2\/pages\/5099\/revisions\/5205"}],"up":[{"embeddable":true,"href":"https:\/\/www.femmeharmone.com\/eng\/wp-json\/wp\/v2\/pages\/5071"}],"wp:attachment":[{"href":"https:\/\/www.femmeharmone.com\/eng\/wp-json\/wp\/v2\/media?parent=5099"}],"wp:term":[{"taxonomy":"category","embeddable":true,"href":"https:\/\/www.femmeharmone.com\/eng\/wp-json\/wp\/v2\/categories?post=5099"},{"taxonomy":"post_tag","embeddable":true,"href":"https:\/\/www.femmeharmone.com\/eng\/wp-json\/wp\/v2\/tags?post=5099"}],"curies":[{"name":"wp","href":"https:\/\/api.w.org\/{rel}","templated":true}]}}