{"id":5101,"date":"2024-12-18T00:42:51","date_gmt":"2024-12-18T00:42:51","guid":{"rendered":"https:\/\/www.femmeharmone.com\/?page_id=5101"},"modified":"2024-12-18T04:12:52","modified_gmt":"2024-12-18T04:12:52","slug":"muveszet-elmelet-es-ertekmenedzsment-az-mi-koraban-konferencia-es-kotetbemutato","status":"publish","type":"page","link":"https:\/\/www.femmeharmone.com\/eng\/a-noi-dimenzio\/iii-evfolyam-3-szam\/tudomany\/muveszet-elmelet-es-ertekmenedzsment-az-mi-koraban-konferencia-es-kotetbemutato\/","title":{"rendered":"<em>M\u0171v\u00e9szet-elm\u00e9let \u00e9s \u00e9rt\u00e9kmenedzsment az MI kor\u00e1ban<\/em> konferencia \u00e9s k\u00f6tetbemutat\u00f3"},"content":{"rendered":"<div class=\"wp-block-media-text is-stacked-on-mobile\" style=\"grid-template-columns:22% auto\"><figure class=\"wp-block-media-text__media\"><img loading=\"lazy\" decoding=\"async\" width=\"716\" height=\"1024\" src=\"https:\/\/www.femmeharmone.com\/wp-content\/uploads\/2023\/11\/INDIVIDUALIZACIO_E-716x1024.jpg\" alt=\"\" class=\"wp-image-3909 size-full\" srcset=\"https:\/\/www.femmeharmone.com\/wp-content\/uploads\/2023\/11\/INDIVIDUALIZACIO_E-716x1024.jpg 716w, https:\/\/www.femmeharmone.com\/wp-content\/uploads\/2023\/11\/INDIVIDUALIZACIO_E-210x300.jpg 210w, https:\/\/www.femmeharmone.com\/wp-content\/uploads\/2023\/11\/INDIVIDUALIZACIO_E-768x1099.jpg 768w, https:\/\/www.femmeharmone.com\/wp-content\/uploads\/2023\/11\/INDIVIDUALIZACIO_E-8x12.jpg 8w, https:\/\/www.femmeharmone.com\/wp-content\/uploads\/2023\/11\/INDIVIDUALIZACIO_E.jpg 933w\" sizes=\"(max-width: 716px) 100vw, 716px\" \/><\/figure><div class=\"wp-block-media-text__content\">\n<p>Kiss K\u00e1roly, a Budapesti Corvinus Egyetem docensek\u00e9nt elt\u00f6lt\u00f6tt \u00e9vtizedekkel a h\u00e1ta m\u00f6g\u00f6tt, mint a k\u00f6rnyezet-gazdas\u00e1gtan avatott szakembere, teljes \u00e9rt\u00e9k\u0171 tudom\u00e1nyos p\u00e1lyafut\u00e1st tudhat mag\u00e1\u00e9nak. Ugyanakkor f\u00e1radhatatlanul fordul a szorosabban vett szakm\u00e1j\u00e1hoz nem tartoz\u00f3, a k\u00f6z\u00e9letet, vagy a tudom\u00e1nyos k\u00f6z\u00e9letet izgalomban tart\u00f3 leg\u00fajabb felvet\u00e9sek fel\u00e9. Ezekben sem hajland\u00f3 fel\u00fcletes \u00e1ll\u00e1sfoglal\u00e1sra. Mindig k\u00e9sztet\u00e9se van alapos \u00e9s m\u00f3dszeres t\u00e1j\u00e9koz\u00f3d\u00e1sra, \u00e9s hajlamos felkeresni azokat a sz\u00e1m\u00e1ra el\u00e9rhet\u0151 szakembereket, akik az adott t\u00e1rgyban megb\u00edzhat\u00f3 \u00e9s l\u00e9nyegi ismeretekkel rendelkeznek. Ezek a tulajdons\u00e1gai meg\u00f3vj\u00e1k a divatt\u00e9m\u00e1k k\u00f6r\u00fcli hiszt\u00e9ri\u00e1kt\u00f3l, \u00e9s mire elm\u00e9ly\u00fclt eredm\u00e9nyre jut egy-egy v\u00e1lasztott t\u00e9m\u00e1j\u00e1ban, addigra megnyugszik a felsz\u00edn, \u00e9s m\u00f3dja van el\u0151\u00e1llni ki\u00e9rlelt, hosszabb t\u00e1von is \u00e9rv\u00e9nyes gondolatokkal.<\/p>\n<\/div><\/div>\n\n\n\n<p><\/p>\n\n\n\n<p>\u00cdgy t\u00f6rt\u00e9nt ez a mesters\u00e9ges intelligencia eset\u00e9ben is. A felh\u00e1jpolt t\u00e9m\u00e1kon t\u00fall\u00e9pve, olyan szerz\u0151ket gy\u0171jt\u00f6tt maga k\u00f6r\u00e9, akik a t\u00f6rt\u00e9nelmi k\u00f6zeg folyton meg\u00fajul\u00f3, \u00e9s ma forradalmi v\u00e1ltoz\u00e1s alatt l\u00e9v\u0151 szellemi er\u0151ter\u00e9ben az ember \u2013 mint szem\u00e9lyis\u00e9g \u2013 v\u00e1ltoz\u00f3 helyzet\u00e9t \u00e9s v\u00e1ltoz\u00f3 megnyilv\u00e1nul\u00e1s\u00e1t k\u00f6vetve, k\u00e9pesek \u00e9rdemi kifejt\u00e9sre a szem\u00e9ly \u00e9s a mesters\u00e9ges intelligencia v\u00e1rhat\u00f3 viszony\u00e1t illet\u0151en. Ez\u00e9rt a k\u00f6tetbe foglalt tanulm\u00e1nyok k\u00f6vetkeztet\u00e9sei nem perc\u00e9rt\u00e9k\u0171ek, hanem megalapozott lehet\u0151s\u00e9geket, megalapozott j\u00f6v\u0151k\u00e9pet helyeznek el\u00e9nk. A felvet\u00e9s min\u0151s\u00e9ge \u00e9s a tartalom aktualit\u00e1sa arra ind\u00edtotta a Kort\u00e1rs N\u0151i Reflexi\u00f3k F\u00f3rum\u00e1nak munkat\u00e1rsait, hogy a t\u00e1rgy tov\u00e1bbgondol\u00e1s\u00e1t \u2013 s\u00faly\u00e1nak megfelel\u0151en \u2013 konferencia keretei k\u00f6z\u00f6tt tegye lehet\u0151v\u00e9. A konferencia el\u0151ad\u00e1saib\u00f3l k\u00e9sz\u00fclt tanulm\u00e1nyok olvashat\u00f3ak a k\u00f6vetkez\u0151kben.<\/p>","protected":false},"excerpt":{"rendered":"<p>Kiss K\u00e1roly, a Budapesti Corvinus Egyetem docensek\u00e9nt elt\u00f6lt\u00f6tt \u00e9vtizedekkel a h\u00e1ta m\u00f6g\u00f6tt, mint a k\u00f6rnyezet-gazdas\u00e1gtan avatott szakembere, teljes \u00e9rt\u00e9k\u0171 tudom\u00e1nyos p\u00e1lyafut\u00e1st tudhat mag\u00e1\u00e9nak. Ugyanakkor f\u00e1radhatatlanul fordul a szorosabban vett szakm\u00e1j\u00e1hoz nem tartoz\u00f3, a k\u00f6z\u00e9letet, vagy a tudom\u00e1nyos k\u00f6z\u00e9letet izgalomban tart\u00f3 leg\u00fajabb felvet\u00e9sek fel\u00e9. Ezekben sem hajland\u00f3 fel\u00fcletes \u00e1ll\u00e1sfoglal\u00e1sra. Mindig k\u00e9sztet\u00e9se van alapos \u00e9s m\u00f3dszeres t\u00e1j\u00e9koz\u00f3d\u00e1sra,&hellip;<\/p>","protected":false},"author":1,"featured_media":0,"parent":5073,"menu_order":1,"comment_status":"closed","ping_status":"closed","template":"page-article.php","meta":{"inline_featured_image":false,"footnotes":""},"categories":[],"tags":[],"_links":{"self":[{"href":"https:\/\/www.femmeharmone.com\/eng\/wp-json\/wp\/v2\/pages\/5101"}],"collection":[{"href":"https:\/\/www.femmeharmone.com\/eng\/wp-json\/wp\/v2\/pages"}],"about":[{"href":"https:\/\/www.femmeharmone.com\/eng\/wp-json\/wp\/v2\/types\/page"}],"author":[{"embeddable":true,"href":"https:\/\/www.femmeharmone.com\/eng\/wp-json\/wp\/v2\/users\/1"}],"replies":[{"embeddable":true,"href":"https:\/\/www.femmeharmone.com\/eng\/wp-json\/wp\/v2\/comments?post=5101"}],"version-history":[{"count":5,"href":"https:\/\/www.femmeharmone.com\/eng\/wp-json\/wp\/v2\/pages\/5101\/revisions"}],"predecessor-version":[{"id":5206,"href":"https:\/\/www.femmeharmone.com\/eng\/wp-json\/wp\/v2\/pages\/5101\/revisions\/5206"}],"up":[{"embeddable":true,"href":"https:\/\/www.femmeharmone.com\/eng\/wp-json\/wp\/v2\/pages\/5073"}],"wp:attachment":[{"href":"https:\/\/www.femmeharmone.com\/eng\/wp-json\/wp\/v2\/media?parent=5101"}],"wp:term":[{"taxonomy":"category","embeddable":true,"href":"https:\/\/www.femmeharmone.com\/eng\/wp-json\/wp\/v2\/categories?post=5101"},{"taxonomy":"post_tag","embeddable":true,"href":"https:\/\/www.femmeharmone.com\/eng\/wp-json\/wp\/v2\/tags?post=5101"}],"curies":[{"name":"wp","href":"https:\/\/api.w.org\/{rel}","templated":true}]}}