{"id":5106,"date":"2024-12-18T00:50:40","date_gmt":"2024-12-18T00:50:40","guid":{"rendered":"https:\/\/www.femmeharmone.com\/?page_id=5106"},"modified":"2024-12-18T00:51:04","modified_gmt":"2024-12-18T00:51:04","slug":"kulcsar-szabo-ernone-gombos-annamaria-elte-ekl-foigazgato-koszontobeszede","status":"publish","type":"page","link":"https:\/\/www.femmeharmone.com\/eng\/a-noi-dimenzio\/iii-evfolyam-3-szam\/tudomany\/kulcsar-szabo-ernone-gombos-annamaria-elte-ekl-foigazgato-koszontobeszede\/","title":{"rendered":"Kulcs\u00e1r Szab\u00f3 Ern\u0151n\u00e9 Gombos Annam\u00e1ria ELTE EKL f\u0151igazgat\u00f3 k\u00f6sz\u00f6nt\u0151besz\u00e9de"},"content":{"rendered":"<p>Sok szeretettel k\u00f6sz\u00f6nt\u00f6m a k\u00f6nyvt\u00e1r nev\u00e9ben a Magyar Tudom\u00e1nyos Akad\u00e9mia Veszpr\u00e9mi Ter\u00fcleti Bizotts\u00e1g Gazdas\u00e1g-, Jog- \u00e9s T\u00e1rsadalomtudom\u00e1nyi Szakbizotts\u00e1g K\u00e9pz\u0151m\u0171v\u00e9szet, M\u0171v\u00e9szetelm\u00e9let \u00e9s Design Munkabizotts\u00e1ga, a Kort\u00e1rs N\u0151i Reflexi\u00f3k F\u00f3ruma \u00e9s a Magyar K\u00f6zgazdas\u00e1gi T\u00e1rsas\u00e1g Kult\u00faragazdas\u00e1g Szakoszt\u00e1lya \u00e1ltal rendezett k\u00f6nyvbemutat\u00f3 \u00e9s konferencia minden kedves r\u00e9sztvev\u0151j\u00e9t!<\/p>\n\n\n\n<p>Mindenekel\u0151tt k\u00f6sz\u00f6nt\u00f6m az <em>Individualiz\u00e1ci\u00f3, szem\u00e9lyis\u00e9g, mesters\u00e9ges intelligencia<\/em> c\u00edm\u0171 k\u00f6nyv szerkeszt\u0151j\u00e9t, Kiss K\u00e1roly k\u00f6zgazd\u00e1szt \u00e9s t\u00e1rsadalomkutat\u00f3t, kandid\u00e1tust, a Budapesti Corvinus Egyetem nyugalmazott egyetemi docens\u00e9t, Major Gy\u00f6ngyi k\u00f6zgazd\u00e1szt, egyetemi docenst, a Kort\u00e1rs N\u0151i Reflexi\u00f3k F\u00f3ruma eln\u00f6k\u00e9t, Moln\u00e1r L\u00e1szl\u00f3t, a VEAB szakoszt\u00e1ly\u00e1nak jelen l\u00e9v\u0151 eln\u00f6k\u00e9t, valamint a mai konferencia el\u0151ad\u00f3it.<\/p>\n\n\n\n<p>K\u00f6sz\u00f6nj\u00fck, hogy a Magyar Tudom\u00e1ny \u00dcnnep\u00e9hez kapcsol\u00f3d\u00f3 rendezv\u00e9ny helysz\u00edn\u00e9\u00fcl ism\u00e9t k\u00f6nyvt\u00e1runkat v\u00e1lasztott\u00e1k, hiszen manaps\u00e1g bizony a magunk egyetemi \u00e9s nem utols\u00f3sorban k\u00f6nyvt\u00e1rszakmai berkein bel\u00fcl is sokszorosan \u00e9l\u0151 \u00e9s id\u0151szer\u0171 a k\u00f6nyv \u00e1ltal felvetett t\u00e9ma.<\/p>\n\n\n\n<p>A hagyom\u00e1nyos kultur\u00e1lis \u00e9rt\u00e9kek meg\u0151rz\u00e9se mellett k\u00f6nyvt\u00e1runk igyekszik \u00e9len j\u00e1rni a legmodernebb fejleszt\u00e9sek \u00e9s technikai eszk\u00f6z\u00f6k alkalmaz\u00e1sa \u00e9s haszn\u00e1lata ter\u00e9n is. Az idei \u00e9vben a \u201eHagyom\u00e1nyok \u00e9s kih\u00edv\u00e1sok\u201d c\u00edmmel megrendezett szakmai konferenci\u00e1nk kiemelt t\u00e9m\u00e1ja \u00e9ppen ez\u00e9rt a mesters\u00e9ges intelligencia (MI) \u00e9s a k\u00f6nyvt\u00e1ri automatiz\u00e1l\u00e1s volt, de sz\u00e1mos egyetemi rendezv\u00e9ny is ek\u00f6r\u00e9 \u00e9p\u00fclt \u00e9s \u00e9p\u00fcl fel \u2013 felvetve az MI ma m\u00e9g ismeretlen hat\u00e1sait az oktat\u00e1s vagy a szerz\u0151i jog vagy ak\u00e1r a tanul\u00e1s sz\u00e1monk\u00e9r\u00e9s\u00e9nek ter\u00fcletein. Ez\u00e9rt k\u00fcl\u00f6n \u00f6r\u00f6m\u00fcnkre szolg\u00e1l, hogy a most bemutatand\u00f3 m\u0171 n\u00e9pszer\u0171s\u00edt\u00e9s\u00e9t a magunk eszk\u00f6zeivel t\u00e1mogathatjuk.<\/p>\n\n\n\n<p>A vil\u00e1g sz\u00e1munkra most \u2013 Heideggerrel sz\u00f3lva \u2013 technikai m\u00f3don van adva, s mint technol\u00f3giai \u00faj\u00edt\u00e1s, az MI val\u00f3ban sok ter\u00fcleten p\u00e1ratlan k\u00e9pess\u00e9gekkel b\u00edr: gyorsabb, hat\u00e9konyabb, pontosabb, sok vonatkoz\u00e1sban pedig m\u00e9g az embern\u00e9l is kreat\u00edvabb.<\/p>\n\n\n\n<p>A kereszt\u00e9ny vall\u00e1s az alkot\u00e1s k\u00e9pess\u00e9g\u00e9t a teremtm\u00e9nyek k\u00f6z\u00fcl kiz\u00e1r\u00f3lag az embernek tulajdon\u00edtja. De vajon m\u0171v\u00e9szeti alkot\u00e1snak tekinthet\u0151k-e a m\u0171v\u00e9szeti alkot\u00e1sokb\u00f3l t\u00f6megesen gener\u00e1lt g\u00e9pi produktumok? Tekinthet\u0151ek-e m\u0171v\u00e9szetnek? Megjelen\u00e9s\u00fck mindenesetre v\u00e1rhat\u00f3an az 1910-es \u00e9vek avantg\u00e1rdja ut\u00e1n ism\u00e9t \u00e9s m\u00e1sk\u00e9ppen forgatja fel a szellemi term\u00e9kek piac\u00e1t, \u00e9s a m\u0171v\u00e9szet elm\u00e9let\u00e9t is \u00fajra kih\u00edv\u00e1s el\u00e9 \u00e1ll\u00edtja.<\/p>\n\n\n\n<p>Az algoritmusokt\u00f3l vez\u00e9relt \u00e9let azonban mag\u00e1ban rejti annak vesz\u00e9ly\u00e9t is, mellyel napjaink ma m\u00e9g embercentrikus gondolkod\u00e1sa nem sz\u00e1molt: \u00e1t\u00edrva az emberr\u0151l val\u00f3 gondolkod\u00e1st, egyre kev\u00e9sb\u00e9 tekinthetj\u00fck magunkat a vil\u00e1gteremt\u00e9s k\u00f6z\u00e9ppontj\u00e1nak.<br>A Genezisben Isten azt mondja: \u201e\u00cdm\u00e9 az ember olyann\u00e1 lett, mint mi k\u00f6z\u00fcl\u00fcnk egy, j\u00f3t \u00e9s gonoszt tudv\u00e1n.\u201d Nemcsak a kereszt\u00e9nys\u00e9g, de a vil\u00e1g minden vall\u00e1sa az embernek tulajdon\u00edtja \u2013 az alkot\u00e1s k\u00e9pess\u00e9g\u00e9n fel\u00fcl \u2013 a j\u00f3 \u00e9s a rossz k\u00f6zti k\u00fcl\u00f6nbs\u00e9gt\u00e9tel k\u00e9pess\u00e9g\u00e9t. Ez, az emberben lev\u0151 isteni az, ami a g\u00e9pekt\u0151l ma bizonyosan megk\u00fcl\u00f6nb\u00f6ztet minket.<\/p>\n\n\n\n<p>A mesters\u00e9ges intelligenci\u00e1val kapcsolatban ek\u00f6zben m\u00e9g mindig kev\u00e9s a val\u00f3di ismeret, k\u00fcl\u00f6n\u00f6sen filoz\u00f3fiai \u00e9s t\u00e1rsadalomtudom\u00e1nyi megk\u00f6zel\u00edt\u00e9sb\u0151l. A bemutat\u00e1sra ker\u00fcl\u0151 k\u00f6tet t\u00edz szerz\u0151 huszonk\u00e9t tanulm\u00e1ny\u00e1n kereszt\u00fcl ny\u00fajt \u00e1ttekint\u00e9st az egy\u00e9n, a szem\u00e9lyis\u00e9g kult\u00fart\u00f6rt\u00e9neti \u00e9s filoz\u00f3fiai felfog\u00e1s\u00e1r\u00f3l \u00e9s szerep\u00e9r\u0151l a nagy vil\u00e1gvall\u00e1sokban \u00e9s kult\u00far\u00e1kban, felh\u00edvva a figyelmet a digit\u00e1lis j\u00f6v\u0151ben az emberi szem\u00e9lyis\u00e9get \u00e9s egy\u00e9nt fenyeget\u0151 vesz\u00e9lyekre \u00e9s kih\u00edv\u00e1sokra.<\/p>\n\n\n\n<p>A k\u00f6z\u00f6s gondolkod\u00e1shoz \u00e9s \u00fatkeres\u00e9shez minden kedves r\u00e9sztvev\u0151nek tartalmas id\u0151t\u00f6lt\u00e9st k\u00edv\u00e1nok!<\/p>","protected":false},"excerpt":{"rendered":"<p>Sok szeretettel k\u00f6sz\u00f6nt\u00f6m a k\u00f6nyvt\u00e1r nev\u00e9ben a Magyar Tudom\u00e1nyos Akad\u00e9mia Veszpr\u00e9mi Ter\u00fcleti Bizotts\u00e1g Gazdas\u00e1g-, Jog- \u00e9s T\u00e1rsadalomtudom\u00e1nyi Szakbizotts\u00e1g K\u00e9pz\u0151m\u0171v\u00e9szet, M\u0171v\u00e9szetelm\u00e9let \u00e9s Design Munkabizotts\u00e1ga, a Kort\u00e1rs N\u0151i Reflexi\u00f3k F\u00f3ruma \u00e9s a Magyar K\u00f6zgazdas\u00e1gi T\u00e1rsas\u00e1g Kult\u00faragazdas\u00e1g Szakoszt\u00e1lya \u00e1ltal rendezett k\u00f6nyvbemutat\u00f3 \u00e9s konferencia minden kedves r\u00e9sztvev\u0151j\u00e9t! Mindenekel\u0151tt k\u00f6sz\u00f6nt\u00f6m az Individualiz\u00e1ci\u00f3, szem\u00e9lyis\u00e9g, mesters\u00e9ges intelligencia c\u00edm\u0171 k\u00f6nyv szerkeszt\u0151j\u00e9t, Kiss K\u00e1roly&hellip;<\/p>","protected":false},"author":1,"featured_media":0,"parent":5073,"menu_order":2,"comment_status":"closed","ping_status":"closed","template":"page-article.php","meta":{"inline_featured_image":false,"footnotes":""},"categories":[],"tags":[],"_links":{"self":[{"href":"https:\/\/www.femmeharmone.com\/eng\/wp-json\/wp\/v2\/pages\/5106"}],"collection":[{"href":"https:\/\/www.femmeharmone.com\/eng\/wp-json\/wp\/v2\/pages"}],"about":[{"href":"https:\/\/www.femmeharmone.com\/eng\/wp-json\/wp\/v2\/types\/page"}],"author":[{"embeddable":true,"href":"https:\/\/www.femmeharmone.com\/eng\/wp-json\/wp\/v2\/users\/1"}],"replies":[{"embeddable":true,"href":"https:\/\/www.femmeharmone.com\/eng\/wp-json\/wp\/v2\/comments?post=5106"}],"version-history":[{"count":1,"href":"https:\/\/www.femmeharmone.com\/eng\/wp-json\/wp\/v2\/pages\/5106\/revisions"}],"predecessor-version":[{"id":5107,"href":"https:\/\/www.femmeharmone.com\/eng\/wp-json\/wp\/v2\/pages\/5106\/revisions\/5107"}],"up":[{"embeddable":true,"href":"https:\/\/www.femmeharmone.com\/eng\/wp-json\/wp\/v2\/pages\/5073"}],"wp:attachment":[{"href":"https:\/\/www.femmeharmone.com\/eng\/wp-json\/wp\/v2\/media?parent=5106"}],"wp:term":[{"taxonomy":"category","embeddable":true,"href":"https:\/\/www.femmeharmone.com\/eng\/wp-json\/wp\/v2\/categories?post=5106"},{"taxonomy":"post_tag","embeddable":true,"href":"https:\/\/www.femmeharmone.com\/eng\/wp-json\/wp\/v2\/tags?post=5106"}],"curies":[{"name":"wp","href":"https:\/\/api.w.org\/{rel}","templated":true}]}}