{"id":5110,"date":"2024-12-18T00:57:28","date_gmt":"2024-12-18T00:57:28","guid":{"rendered":"https:\/\/www.femmeharmone.com\/?page_id=5110"},"modified":"2024-12-18T04:13:28","modified_gmt":"2024-12-18T04:13:28","slug":"suto-zoltan-gep-es-ember-viszonyanak-szemleleti-kerdesei","status":"publish","type":"page","link":"https:\/\/www.femmeharmone.com\/eng\/a-noi-dimenzio\/iii-evfolyam-3-szam\/tudomany\/suto-zoltan-gep-es-ember-viszonyanak-szemleleti-kerdesei\/","title":{"rendered":"<em>S\u00fct\u0151 Zolt\u00e1n:<\/em> G\u00e9p \u00e9s ember viszony\u00e1nak szeml\u00e9leti k\u00e9rd\u00e9sei"},"content":{"rendered":"<p class=\"has-text-align-right\"><em><a href=\"https:\/\/doi.org\/10.55344\/andfh.2303028\">DOI: 10.55344\/andfh.2303028<\/a><\/em><\/p>\n\n\n\n<div style=\"height:100px\" aria-hidden=\"true\" class=\"wp-block-spacer\"><\/div>\n\n\n\n<p><em><strong>Abszrakt<\/strong><\/em><\/p>\n\n\n\n<p><strong>A szem\u00e9ly fogalma, mint az ember absztrakt \u00f6nreflexi\u00f3ja, a mesters\u00e9ges intelligencia kor\u00e1ban a jelenlegi \u00e9rtelmez\u00e9s\u00e9hez k\u00e9pest bizonyosan v\u00e1ltozni fog. Ennek a v\u00e1ltoz\u00e1snak az eredm\u00e9ny\u00e9re vonatkoz\u00f3an csak korl\u00e1tozott, de ir\u00e1ny\u00e1ra vonatkoz\u00f3an megb\u00edzhat\u00f3 meg\u00e1llap\u00edt\u00e1sokat tehet\u00fcnk, amennyiben figyelembe vessz\u00fck a k\u00fcl\u00f6nb\u00f6z\u0151 kult\u00far\u00e1k vil\u00e1gk\u00e9p\u00e9ben adekv\u00e1tan megfogalmazhat\u00f3 \u00e9s megfogalmazott szem\u00e9lyfogalmat. Az eur\u00f3pai kult\u00far\u00e1t tekintve a szem\u00e9lyfogalom a szakr\u00e1lis \u00e9rtelmez\u00e9sb\u0151l indulva, a posztmodernben a szem\u00e9lyfogalom dekonstrukci\u00f3j\u00e1ig jut el, aminek oka, hogy a posztmodern vil\u00e1gk\u00e9pben a szem\u00e9ly nem egy\u00e9b, mint narrat\u00edv\u00e1k konstrukci\u00f3ja. A folyamat az ember szem\u00e9lytelened\u00e9sek\u00e9nt \u00e9rtelmezhet\u0151, s mint ilyen, ez az ir\u00e1ny gondolhat\u00f3 tov\u00e1bbra is k\u00f6vetkezetesnek. Erre k\u00fcl\u00f6n\u00f6sen a megalapozott transzhumanista elk\u00e9pzel\u00e9sek engednek k\u00f6vetkeztetni.<\/strong><\/p>\n\n\n\n<div style=\"height:100px\" aria-hidden=\"true\" class=\"wp-block-spacer\"><\/div>\n\n\n\n<div data-wp-interactive=\"core\/file\" class=\"wp-block-file\"><object data-wp-bind--hidden=\"!state.hasPdfPreview\"  class=\"wp-block-file__embed\" data=\"https:\/\/www.femmeharmone.com\/wp-content\/uploads\/2024\/12\/AND9_2023_Osz_v1_0_Suto_Gep.pdf\" type=\"application\/pdf\" style=\"width:100%;height:1500px\" aria-label=\"Embed of AND9_2023_Osz_v1_0_Suto_Gep.\"><\/object><a id=\"wp-block-file--media-e46354de-4a39-42c6-b6c9-0b49de4c2476\" href=\"https:\/\/www.femmeharmone.com\/wp-content\/uploads\/2024\/12\/AND9_2023_Osz_v1_0_Suto_Gep.pdf\">AND9_2023_Osz_v1_0_Suto_Gep<\/a><a href=\"https:\/\/www.femmeharmone.com\/wp-content\/uploads\/2024\/12\/AND9_2023_Osz_v1_0_Suto_Gep.pdf\" class=\"wp-block-file__button wp-element-button\" download aria-describedby=\"wp-block-file--media-e46354de-4a39-42c6-b6c9-0b49de4c2476\">Let\u00f6lt\u00e9s<\/a><\/div>","protected":false},"excerpt":{"rendered":"<p>DOI: 10.55344\/andfh.2303028 Abszrakt A szem\u00e9ly fogalma, mint az ember absztrakt \u00f6nreflexi\u00f3ja, a mesters\u00e9ges intelligencia kor\u00e1ban a jelenlegi \u00e9rtelmez\u00e9s\u00e9hez k\u00e9pest bizonyosan v\u00e1ltozni fog. Ennek a v\u00e1ltoz\u00e1snak az eredm\u00e9ny\u00e9re vonatkoz\u00f3an csak korl\u00e1tozott, de ir\u00e1ny\u00e1ra vonatkoz\u00f3an megb\u00edzhat\u00f3 meg\u00e1llap\u00edt\u00e1sokat tehet\u00fcnk, amennyiben figyelembe vessz\u00fck a k\u00fcl\u00f6nb\u00f6z\u0151 kult\u00far\u00e1k vil\u00e1gk\u00e9p\u00e9ben adekv\u00e1tan megfogalmazhat\u00f3 \u00e9s megfogalmazott szem\u00e9lyfogalmat. Az eur\u00f3pai kult\u00far\u00e1t tekintve a szem\u00e9lyfogalom a&hellip;<\/p>","protected":false},"author":1,"featured_media":0,"parent":5073,"menu_order":4,"comment_status":"closed","ping_status":"closed","template":"page-article.php","meta":{"inline_featured_image":false,"footnotes":""},"categories":[],"tags":[],"_links":{"self":[{"href":"https:\/\/www.femmeharmone.com\/eng\/wp-json\/wp\/v2\/pages\/5110"}],"collection":[{"href":"https:\/\/www.femmeharmone.com\/eng\/wp-json\/wp\/v2\/pages"}],"about":[{"href":"https:\/\/www.femmeharmone.com\/eng\/wp-json\/wp\/v2\/types\/page"}],"author":[{"embeddable":true,"href":"https:\/\/www.femmeharmone.com\/eng\/wp-json\/wp\/v2\/users\/1"}],"replies":[{"embeddable":true,"href":"https:\/\/www.femmeharmone.com\/eng\/wp-json\/wp\/v2\/comments?post=5110"}],"version-history":[{"count":4,"href":"https:\/\/www.femmeharmone.com\/eng\/wp-json\/wp\/v2\/pages\/5110\/revisions"}],"predecessor-version":[{"id":5208,"href":"https:\/\/www.femmeharmone.com\/eng\/wp-json\/wp\/v2\/pages\/5110\/revisions\/5208"}],"up":[{"embeddable":true,"href":"https:\/\/www.femmeharmone.com\/eng\/wp-json\/wp\/v2\/pages\/5073"}],"wp:attachment":[{"href":"https:\/\/www.femmeharmone.com\/eng\/wp-json\/wp\/v2\/media?parent=5110"}],"wp:term":[{"taxonomy":"category","embeddable":true,"href":"https:\/\/www.femmeharmone.com\/eng\/wp-json\/wp\/v2\/categories?post=5110"},{"taxonomy":"post_tag","embeddable":true,"href":"https:\/\/www.femmeharmone.com\/eng\/wp-json\/wp\/v2\/tags?post=5110"}],"curies":[{"name":"wp","href":"https:\/\/api.w.org\/{rel}","templated":true}]}}