{"id":5112,"date":"2024-12-18T01:01:47","date_gmt":"2024-12-18T01:01:47","guid":{"rendered":"https:\/\/www.femmeharmone.com\/?page_id=5112"},"modified":"2024-12-18T04:13:41","modified_gmt":"2024-12-18T04:13:41","slug":"molnar-csilla-marfai-m-laszlo-gepi-vagy-sajat-ismerkedes-a-mesterseges-kepalkoto-intelligenciaval","status":"publish","type":"page","link":"https:\/\/www.femmeharmone.com\/eng\/a-noi-dimenzio\/iii-evfolyam-3-szam\/tudomany\/molnar-csilla-marfai-m-laszlo-gepi-vagy-sajat-ismerkedes-a-mesterseges-kepalkoto-intelligenciaval\/","title":{"rendered":"<em>Moln\u00e1r Csilla \u2013 M\u00e1rfai M. L\u00e1szl\u00f3:<\/em> G\u00e9pi vagy saj\u00e1t? Ismerked\u00e9s a mesters\u00e9ges k\u00e9palkot\u00f3 intelligenci\u00e1val"},"content":{"rendered":"<p class=\"has-text-align-right\"><em><a href=\"https:\/\/doi.org\/10.55344\/andfh.2303040\">DOI: 10.55344\/andfh.2303040<\/a><\/em><\/p>\n\n\n\n<div style=\"height:100px\" aria-hidden=\"true\" class=\"wp-block-spacer\"><\/div>\n\n\n\n<p><em><strong>Absztrakt<\/strong><\/em><\/p>\n\n\n\n<p><strong>Napjainkban exponenci\u00e1lisan fejl\u0151dik a mesters\u00e9ges intelligencia, amint az k\u00f6zismert. El\u0151ad\u00e1sunkban a g\u00e9pi k\u00e9palkot\u00f3 intelligenci\u00e1val kapcsolatos tapasztalatainkat szeretn\u00e9nk megosztani. Az \u00e1ltalunk megadott instrukci\u00f3ra k\u00e9sz\u00edtett k\u00e9peket megosztottuk k\u00e9pz\u0151m\u0171v\u00e9szekkel, mint saj\u00e1t alkot\u00e1sunkat. A v\u00e1laszok egy\u00f6ntet\u0171en m\u00e9ltatt\u00e1k az egy\u00e9bk\u00e9nt egyszer\u0171 kivitel\u0171 grafik\u00e1k tal\u00e1l\u00e9kony \u00e9s humoros jelleg\u00e9t. Ezek nyom\u00e1n felvet\u0151dik a k\u00e9rd\u00e9s: j\u00f3llehet nem k\u00e9sz\u00edtett\u00fcnk kor\u00e1bban k\u00e9peket, de egy bizonyos seg\u00e9deszk\u00f6zzel \u2013 ez a mesters\u00e9ges intelligencia \u2013 az \u00e1ltalunk elk\u00e9pzelt vizu\u00e1lis \u00e1br\u00e1zol\u00e1sok megval\u00f3sultak. Ha mi nem \u00fcl\u00fcnk ott a billenty\u0171zetn\u00e9l, \u00e9s nem adjuk ki az utas\u00edt\u00e1sokat, akkor ezek a k\u00e9pek nincsenek. De ha nincs k\u00e9palkot\u00f3 intelligencia, akkor sem. Most akkor ezek kinek az alkot\u00e1sai? \u00cdr\u00e1sunkban erre keress\u00fck a v\u00e1laszt.&nbsp;<\/strong><\/p>\n\n\n\n<div style=\"height:100px\" aria-hidden=\"true\" class=\"wp-block-spacer\"><\/div>\n\n\n\n<div data-wp-interactive=\"core\/file\" class=\"wp-block-file\"><object data-wp-bind--hidden=\"!state.hasPdfPreview\"  class=\"wp-block-file__embed\" data=\"https:\/\/www.femmeharmone.com\/wp-content\/uploads\/2024\/12\/AND9_2023_Osz_v1_0_Molnar.pdf\" type=\"application\/pdf\" style=\"width:100%;height:1500px\" aria-label=\"Embed of AND9_2023_Osz_v1_0_Molnar.\"><\/object><a id=\"wp-block-file--media-dd18f048-a86a-4fc8-829c-0a6e58c7d226\" href=\"https:\/\/www.femmeharmone.com\/wp-content\/uploads\/2024\/12\/AND9_2023_Osz_v1_0_Molnar.pdf\">AND9_2023_Osz_v1_0_Molnar<\/a><a href=\"https:\/\/www.femmeharmone.com\/wp-content\/uploads\/2024\/12\/AND9_2023_Osz_v1_0_Molnar.pdf\" class=\"wp-block-file__button wp-element-button\" download aria-describedby=\"wp-block-file--media-dd18f048-a86a-4fc8-829c-0a6e58c7d226\">Let\u00f6lt\u00e9s<\/a><\/div>","protected":false},"excerpt":{"rendered":"<p>DOI: 10.55344\/andfh.2303040 Absztrakt Napjainkban exponenci\u00e1lisan fejl\u0151dik a mesters\u00e9ges intelligencia, amint az k\u00f6zismert. El\u0151ad\u00e1sunkban a g\u00e9pi k\u00e9palkot\u00f3 intelligenci\u00e1val kapcsolatos tapasztalatainkat szeretn\u00e9nk megosztani. Az \u00e1ltalunk megadott instrukci\u00f3ra k\u00e9sz\u00edtett k\u00e9peket megosztottuk k\u00e9pz\u0151m\u0171v\u00e9szekkel, mint saj\u00e1t alkot\u00e1sunkat. A v\u00e1laszok egy\u00f6ntet\u0171en m\u00e9ltatt\u00e1k az egy\u00e9bk\u00e9nt egyszer\u0171 kivitel\u0171 grafik\u00e1k tal\u00e1l\u00e9kony \u00e9s humoros jelleg\u00e9t. Ezek nyom\u00e1n felvet\u0151dik a k\u00e9rd\u00e9s: j\u00f3llehet nem k\u00e9sz\u00edtett\u00fcnk kor\u00e1bban k\u00e9peket,&hellip;<\/p>","protected":false},"author":1,"featured_media":0,"parent":5073,"menu_order":5,"comment_status":"closed","ping_status":"closed","template":"page-article.php","meta":{"inline_featured_image":false,"footnotes":""},"categories":[],"tags":[],"_links":{"self":[{"href":"https:\/\/www.femmeharmone.com\/eng\/wp-json\/wp\/v2\/pages\/5112"}],"collection":[{"href":"https:\/\/www.femmeharmone.com\/eng\/wp-json\/wp\/v2\/pages"}],"about":[{"href":"https:\/\/www.femmeharmone.com\/eng\/wp-json\/wp\/v2\/types\/page"}],"author":[{"embeddable":true,"href":"https:\/\/www.femmeharmone.com\/eng\/wp-json\/wp\/v2\/users\/1"}],"replies":[{"embeddable":true,"href":"https:\/\/www.femmeharmone.com\/eng\/wp-json\/wp\/v2\/comments?post=5112"}],"version-history":[{"count":4,"href":"https:\/\/www.femmeharmone.com\/eng\/wp-json\/wp\/v2\/pages\/5112\/revisions"}],"predecessor-version":[{"id":5209,"href":"https:\/\/www.femmeharmone.com\/eng\/wp-json\/wp\/v2\/pages\/5112\/revisions\/5209"}],"up":[{"embeddable":true,"href":"https:\/\/www.femmeharmone.com\/eng\/wp-json\/wp\/v2\/pages\/5073"}],"wp:attachment":[{"href":"https:\/\/www.femmeharmone.com\/eng\/wp-json\/wp\/v2\/media?parent=5112"}],"wp:term":[{"taxonomy":"category","embeddable":true,"href":"https:\/\/www.femmeharmone.com\/eng\/wp-json\/wp\/v2\/categories?post=5112"},{"taxonomy":"post_tag","embeddable":true,"href":"https:\/\/www.femmeharmone.com\/eng\/wp-json\/wp\/v2\/tags?post=5112"}],"curies":[{"name":"wp","href":"https:\/\/api.w.org\/{rel}","templated":true}]}}