{"id":5118,"date":"2024-12-18T01:07:05","date_gmt":"2024-12-18T01:07:05","guid":{"rendered":"https:\/\/www.femmeharmone.com\/?page_id=5118"},"modified":"2024-12-18T04:14:12","modified_gmt":"2024-12-18T04:14:12","slug":"remenyi-andrea-stilustranszfer-es-a-kreativitas-kodifikalasa-muveszetertelmezes-a-szingularitas-kuszoben-video","status":"publish","type":"page","link":"https:\/\/www.femmeharmone.com\/eng\/a-noi-dimenzio\/iii-evfolyam-3-szam\/tudomany\/remenyi-andrea-stilustranszfer-es-a-kreativitas-kodifikalasa-muveszetertelmezes-a-szingularitas-kuszoben-video\/","title":{"rendered":"<em>Rem\u00e9nyi Andrea:<\/em> St\u00edlustranszfer \u00e9s a kreativit\u00e1s kodifik\u00e1l\u00e1sa \u2013 m\u0171v\u00e9szet\u00e9rtelmez\u00e9s a szingularit\u00e1s k\u00fcsz\u00f6b\u00e9n (vide\u00f3)"},"content":{"rendered":"<h3 class=\"wp-block-heading has-text-align-center\"><em>M\u0171v\u00e9szet-elm\u00e9let \u00e9s \u00e9rt\u00e9kmenedzsment az MI kor\u00e1ban<\/em> konferencia<\/h3>\n\n\n\n<p class=\"has-text-align-center\">2023. november 20.<\/p>\n\n\n\n<p class=\"has-text-align-center\">ELTE K\u00f6nyvt\u00e1r, Budapest<\/p>\n\n\n\n<div style=\"height:100px\" aria-hidden=\"true\" class=\"wp-block-spacer\"><\/div>\n\n\n\n<figure class=\"wp-block-embed is-type-video is-provider-youtube wp-block-embed-youtube wp-embed-aspect-16-9 wp-has-aspect-ratio\"><div class=\"wp-block-embed__wrapper\">\n<iframe loading=\"lazy\" title=\"St\u00edlustranszfer \u00e9s a kreativit\u00e1s kodifik\u00e1l\u00e1sa \u2013 m\u0171v\u00e9szet\u00e9rtelmez\u00e9s a szingularit\u00e1s k\u00fcsz\u00f6b\u00e9n\" width=\"750\" height=\"422\" src=\"https:\/\/www.youtube.com\/embed\/YxuFpAhe2o8?feature=oembed\" frameborder=\"0\" allow=\"accelerometer; autoplay; clipboard-write; encrypted-media; gyroscope; picture-in-picture; web-share\" referrerpolicy=\"strict-origin-when-cross-origin\" allowfullscreen><\/iframe>\n<\/div><\/figure>\n\n\n\n<div style=\"height:100px\" aria-hidden=\"true\" class=\"wp-block-spacer\"><\/div>","protected":false},"excerpt":{"rendered":"<p>M\u0171v\u00e9szet-elm\u00e9let \u00e9s \u00e9rt\u00e9kmenedzsment az MI kor\u00e1ban konferencia 2023. november 20. ELTE K\u00f6nyvt\u00e1r, Budapest<\/p>","protected":false},"author":1,"featured_media":0,"parent":5073,"menu_order":8,"comment_status":"closed","ping_status":"closed","template":"page-article.php","meta":{"inline_featured_image":false,"footnotes":""},"categories":[],"tags":[],"_links":{"self":[{"href":"https:\/\/www.femmeharmone.com\/eng\/wp-json\/wp\/v2\/pages\/5118"}],"collection":[{"href":"https:\/\/www.femmeharmone.com\/eng\/wp-json\/wp\/v2\/pages"}],"about":[{"href":"https:\/\/www.femmeharmone.com\/eng\/wp-json\/wp\/v2\/types\/page"}],"author":[{"embeddable":true,"href":"https:\/\/www.femmeharmone.com\/eng\/wp-json\/wp\/v2\/users\/1"}],"replies":[{"embeddable":true,"href":"https:\/\/www.femmeharmone.com\/eng\/wp-json\/wp\/v2\/comments?post=5118"}],"version-history":[{"count":4,"href":"https:\/\/www.femmeharmone.com\/eng\/wp-json\/wp\/v2\/pages\/5118\/revisions"}],"predecessor-version":[{"id":5212,"href":"https:\/\/www.femmeharmone.com\/eng\/wp-json\/wp\/v2\/pages\/5118\/revisions\/5212"}],"up":[{"embeddable":true,"href":"https:\/\/www.femmeharmone.com\/eng\/wp-json\/wp\/v2\/pages\/5073"}],"wp:attachment":[{"href":"https:\/\/www.femmeharmone.com\/eng\/wp-json\/wp\/v2\/media?parent=5118"}],"wp:term":[{"taxonomy":"category","embeddable":true,"href":"https:\/\/www.femmeharmone.com\/eng\/wp-json\/wp\/v2\/categories?post=5118"},{"taxonomy":"post_tag","embeddable":true,"href":"https:\/\/www.femmeharmone.com\/eng\/wp-json\/wp\/v2\/tags?post=5118"}],"curies":[{"name":"wp","href":"https:\/\/api.w.org\/{rel}","templated":true}]}}