{"id":5122,"date":"2024-12-18T01:12:17","date_gmt":"2024-12-18T01:12:17","guid":{"rendered":"https:\/\/www.femmeharmone.com\/?page_id=5122"},"modified":"2024-12-18T04:14:35","modified_gmt":"2024-12-18T04:14:35","slug":"prof-dr-prokopp-maria-arpad-hazi-szent-piroska-es-arpad-hazi-szent-margit-es-tisztelete-video","status":"publish","type":"page","link":"https:\/\/www.femmeharmone.com\/eng\/a-noi-dimenzio\/iii-evfolyam-3-szam\/noportrek\/prof-dr-prokopp-maria-arpad-hazi-szent-piroska-es-arpad-hazi-szent-margit-es-tisztelete-video\/","title":{"rendered":"<em>Prof. Dr. Prokopp M\u00e1ria:<\/em> \u00c1rp\u00e1d-h\u00e1zi Szent Piroska \u00e9s \u00c1rp\u00e1d-h\u00e1zi Szent Margit \u00e9s tisztelete (vide\u00f3)"},"content":{"rendered":"<p class=\"has-text-align-center\">2023. m\u00e1rcius 28.<\/p>\n\n\n\n<p class=\"has-text-align-center\">J\u00f3zsa Judit Gal\u00e9ria, Budapest<\/p>\n\n\n\n<div style=\"height:100px\" aria-hidden=\"true\" class=\"wp-block-spacer\"><\/div>\n\n\n\n<figure class=\"wp-block-embed is-type-video is-provider-youtube wp-block-embed-youtube wp-embed-aspect-16-9 wp-has-aspect-ratio\"><div class=\"wp-block-embed__wrapper\">\n<iframe loading=\"lazy\" title=\"\u00c1rp\u00e1d-h\u00e1zi Szent Piroska \u00e9s \u00c1rp\u00e1d-h\u00e1zi Szent Margit \u00e9s tisztelete \u2013 el\u0151ad\u00e1s\" width=\"750\" height=\"422\" src=\"https:\/\/www.youtube.com\/embed\/1FePaLF_o7Q?feature=oembed\" frameborder=\"0\" allow=\"accelerometer; autoplay; clipboard-write; encrypted-media; gyroscope; picture-in-picture; web-share\" referrerpolicy=\"strict-origin-when-cross-origin\" allowfullscreen><\/iframe>\n<\/div><\/figure>\n\n\n\n<div style=\"height:100px\" aria-hidden=\"true\" class=\"wp-block-spacer\"><\/div>","protected":false},"excerpt":{"rendered":"<p>2023. m\u00e1rcius 28. J\u00f3zsa Judit Gal\u00e9ria, Budapest<\/p>","protected":false},"author":1,"featured_media":0,"parent":5075,"menu_order":2,"comment_status":"closed","ping_status":"closed","template":"page-article.php","meta":{"inline_featured_image":false,"footnotes":""},"categories":[],"tags":[],"_links":{"self":[{"href":"https:\/\/www.femmeharmone.com\/eng\/wp-json\/wp\/v2\/pages\/5122"}],"collection":[{"href":"https:\/\/www.femmeharmone.com\/eng\/wp-json\/wp\/v2\/pages"}],"about":[{"href":"https:\/\/www.femmeharmone.com\/eng\/wp-json\/wp\/v2\/types\/page"}],"author":[{"embeddable":true,"href":"https:\/\/www.femmeharmone.com\/eng\/wp-json\/wp\/v2\/users\/1"}],"replies":[{"embeddable":true,"href":"https:\/\/www.femmeharmone.com\/eng\/wp-json\/wp\/v2\/comments?post=5122"}],"version-history":[{"count":4,"href":"https:\/\/www.femmeharmone.com\/eng\/wp-json\/wp\/v2\/pages\/5122\/revisions"}],"predecessor-version":[{"id":5214,"href":"https:\/\/www.femmeharmone.com\/eng\/wp-json\/wp\/v2\/pages\/5122\/revisions\/5214"}],"up":[{"embeddable":true,"href":"https:\/\/www.femmeharmone.com\/eng\/wp-json\/wp\/v2\/pages\/5075"}],"wp:attachment":[{"href":"https:\/\/www.femmeharmone.com\/eng\/wp-json\/wp\/v2\/media?parent=5122"}],"wp:term":[{"taxonomy":"category","embeddable":true,"href":"https:\/\/www.femmeharmone.com\/eng\/wp-json\/wp\/v2\/categories?post=5122"},{"taxonomy":"post_tag","embeddable":true,"href":"https:\/\/www.femmeharmone.com\/eng\/wp-json\/wp\/v2\/tags?post=5122"}],"curies":[{"name":"wp","href":"https:\/\/api.w.org\/{rel}","templated":true}]}}