{"id":5124,"date":"2024-12-18T01:18:29","date_gmt":"2024-12-18T01:18:29","guid":{"rendered":"https:\/\/www.femmeharmone.com\/?page_id=5124"},"modified":"2024-12-18T04:15:47","modified_gmt":"2024-12-18T04:15:47","slug":"gurin-peter-napjaink-fizikajanak-nehany-erdekes-eredmenye-video","status":"publish","type":"page","link":"https:\/\/www.femmeharmone.com\/eng\/a-noi-dimenzio\/iii-evfolyam-3-szam\/ismeret-szerzo\/gurin-peter-napjaink-fizikajanak-nehany-erdekes-eredmenye-video\/","title":{"rendered":"<em>Gurin P\u00e9ter:<\/em> Napjaink fizik\u00e1j\u00e1nak n\u00e9h\u00e1ny \u00e9rdekes eredm\u00e9nye (vide\u00f3)"},"content":{"rendered":"<h3 class=\"wp-block-heading has-text-align-center\">Bal\u00e1zs J\u00falia eml\u00e9kkonferencia<\/h3>\n\n\n\n<p class=\"has-text-align-center\">2022. m\u00e1jus 11. <\/p>\n\n\n\n<p class=\"has-text-align-center\">Titkok H\u00e1za, Sz\u00e9kesfeh\u00e9rv\u00e1r<\/p>\n\n\n\n<div style=\"height:100px\" aria-hidden=\"true\" class=\"wp-block-spacer\"><\/div>\n\n\n\n<figure class=\"wp-block-embed is-type-video is-provider-youtube wp-block-embed-youtube wp-embed-aspect-16-9 wp-has-aspect-ratio\"><div class=\"wp-block-embed__wrapper\">\n<iframe loading=\"lazy\" title=\"Szemelv\u00e9nyek a fizika k\u00e9rd\u00e9seir\u0151l napjainkban\" width=\"750\" height=\"422\" src=\"https:\/\/www.youtube.com\/embed\/27xbgVhajpA?feature=oembed\" frameborder=\"0\" allow=\"accelerometer; autoplay; clipboard-write; encrypted-media; gyroscope; picture-in-picture; web-share\" referrerpolicy=\"strict-origin-when-cross-origin\" allowfullscreen><\/iframe>\n<\/div><\/figure>\n\n\n\n<div style=\"height:100px\" aria-hidden=\"true\" class=\"wp-block-spacer\"><\/div>","protected":false},"excerpt":{"rendered":"<p>Bal\u00e1zs J\u00falia eml\u00e9kkonferencia 2022. m\u00e1jus 11. Titkok H\u00e1za, Sz\u00e9kesfeh\u00e9rv\u00e1r<\/p>","protected":false},"author":1,"featured_media":0,"parent":5079,"menu_order":4,"comment_status":"closed","ping_status":"closed","template":"page-article.php","meta":{"inline_featured_image":false,"footnotes":""},"categories":[],"tags":[],"_links":{"self":[{"href":"https:\/\/www.femmeharmone.com\/eng\/wp-json\/wp\/v2\/pages\/5124"}],"collection":[{"href":"https:\/\/www.femmeharmone.com\/eng\/wp-json\/wp\/v2\/pages"}],"about":[{"href":"https:\/\/www.femmeharmone.com\/eng\/wp-json\/wp\/v2\/types\/page"}],"author":[{"embeddable":true,"href":"https:\/\/www.femmeharmone.com\/eng\/wp-json\/wp\/v2\/users\/1"}],"replies":[{"embeddable":true,"href":"https:\/\/www.femmeharmone.com\/eng\/wp-json\/wp\/v2\/comments?post=5124"}],"version-history":[{"count":3,"href":"https:\/\/www.femmeharmone.com\/eng\/wp-json\/wp\/v2\/pages\/5124\/revisions"}],"predecessor-version":[{"id":5220,"href":"https:\/\/www.femmeharmone.com\/eng\/wp-json\/wp\/v2\/pages\/5124\/revisions\/5220"}],"up":[{"embeddable":true,"href":"https:\/\/www.femmeharmone.com\/eng\/wp-json\/wp\/v2\/pages\/5079"}],"wp:attachment":[{"href":"https:\/\/www.femmeharmone.com\/eng\/wp-json\/wp\/v2\/media?parent=5124"}],"wp:term":[{"taxonomy":"category","embeddable":true,"href":"https:\/\/www.femmeharmone.com\/eng\/wp-json\/wp\/v2\/categories?post=5124"},{"taxonomy":"post_tag","embeddable":true,"href":"https:\/\/www.femmeharmone.com\/eng\/wp-json\/wp\/v2\/tags?post=5124"}],"curies":[{"name":"wp","href":"https:\/\/api.w.org\/{rel}","templated":true}]}}