{"id":5127,"date":"2024-12-18T01:21:55","date_gmt":"2024-12-18T01:21:55","guid":{"rendered":"https:\/\/www.femmeharmone.com\/?page_id=5127"},"modified":"2024-12-18T04:20:18","modified_gmt":"2024-12-18T04:20:18","slug":"balazs-judit-recenzio-az-individualizacio-szemelyiseg-mesterseges-intelligencia-cimu-konyvrol","status":"publish","type":"page","link":"https:\/\/www.femmeharmone.com\/eng\/a-noi-dimenzio\/iii-evfolyam-3-szam\/szemle\/balazs-judit-recenzio-az-individualizacio-szemelyiseg-mesterseges-intelligencia-cimu-konyvrol\/","title":{"rendered":"<em>Bal\u00e1zs Judit:<\/em> Recenzi\u00f3 az <em>Individualiz\u00e1ci\u00f3, szem\u00e9lyis\u00e9g, mesters\u00e9ges intelligencia<\/em> c\u00edm\u0171 k\u00f6nyvr\u0151l"},"content":{"rendered":"<div style=\"height:100px\" aria-hidden=\"true\" class=\"wp-block-spacer\"><\/div>\n\n\n\n<div data-wp-interactive=\"core\/file\" class=\"wp-block-file\"><object data-wp-bind--hidden=\"!state.hasPdfPreview\"  class=\"wp-block-file__embed\" data=\"https:\/\/www.femmeharmone.com\/wp-content\/uploads\/2024\/12\/AND9_2023_Osz_v1_0_Balazs_Judit.pdf\" type=\"application\/pdf\" style=\"width:100%;height:1500px\" aria-label=\"Embed of AND9_2023_Osz_v1_0_Balazs_Judit.\"><\/object><a id=\"wp-block-file--media-1a93ccf5-faec-4053-987d-79cab56e3da3\" href=\"https:\/\/www.femmeharmone.com\/wp-content\/uploads\/2024\/12\/AND9_2023_Osz_v1_0_Balazs_Judit.pdf\">AND9_2023_Osz_v1_0_Balazs_Judit<\/a><a href=\"https:\/\/www.femmeharmone.com\/wp-content\/uploads\/2024\/12\/AND9_2023_Osz_v1_0_Balazs_Judit.pdf\" class=\"wp-block-file__button wp-element-button\" download aria-describedby=\"wp-block-file--media-1a93ccf5-faec-4053-987d-79cab56e3da3\">Let\u00f6lt\u00e9s<\/a><\/div>","protected":false},"excerpt":{"rendered":"","protected":false},"author":1,"featured_media":0,"parent":5077,"menu_order":1,"comment_status":"closed","ping_status":"closed","template":"page-article.php","meta":{"inline_featured_image":false,"footnotes":""},"categories":[],"tags":[],"_links":{"self":[{"href":"https:\/\/www.femmeharmone.com\/eng\/wp-json\/wp\/v2\/pages\/5127"}],"collection":[{"href":"https:\/\/www.femmeharmone.com\/eng\/wp-json\/wp\/v2\/pages"}],"about":[{"href":"https:\/\/www.femmeharmone.com\/eng\/wp-json\/wp\/v2\/types\/page"}],"author":[{"embeddable":true,"href":"https:\/\/www.femmeharmone.com\/eng\/wp-json\/wp\/v2\/users\/1"}],"replies":[{"embeddable":true,"href":"https:\/\/www.femmeharmone.com\/eng\/wp-json\/wp\/v2\/comments?post=5127"}],"version-history":[{"count":5,"href":"https:\/\/www.femmeharmone.com\/eng\/wp-json\/wp\/v2\/pages\/5127\/revisions"}],"predecessor-version":[{"id":5221,"href":"https:\/\/www.femmeharmone.com\/eng\/wp-json\/wp\/v2\/pages\/5127\/revisions\/5221"}],"up":[{"embeddable":true,"href":"https:\/\/www.femmeharmone.com\/eng\/wp-json\/wp\/v2\/pages\/5077"}],"wp:attachment":[{"href":"https:\/\/www.femmeharmone.com\/eng\/wp-json\/wp\/v2\/media?parent=5127"}],"wp:term":[{"taxonomy":"category","embeddable":true,"href":"https:\/\/www.femmeharmone.com\/eng\/wp-json\/wp\/v2\/categories?post=5127"},{"taxonomy":"post_tag","embeddable":true,"href":"https:\/\/www.femmeharmone.com\/eng\/wp-json\/wp\/v2\/tags?post=5127"}],"curies":[{"name":"wp","href":"https:\/\/api.w.org\/{rel}","templated":true}]}}