{"id":5251,"date":"2024-12-24T04:11:23","date_gmt":"2024-12-24T04:11:23","guid":{"rendered":"https:\/\/www.femmeharmone.com\/?page_id=5251"},"modified":"2024-12-24T06:10:55","modified_gmt":"2024-12-24T06:10:55","slug":"major-gyongyi-titkok-evada","status":"publish","type":"page","link":"https:\/\/www.femmeharmone.com\/eng\/a-noi-dimenzio\/iii-evfolyam-4-szam\/koszonto\/major-gyongyi-titkok-evada\/","title":{"rendered":"<em>Major Gy\u00f6ngyi:<\/em> Titkok \u00e9vada"},"content":{"rendered":"<p>M\u00e9g \u00e9lnek gener\u00e1ci\u00f3k, akik eml\u00e9keznek a r\u00e9gi telekre. Novemberben, december elej\u00e9n leesett a h\u00f3, \u00e9s tart\u00f3san takarta a t\u00e1jat. Az \u00e9let minden t\u00e9ren visszah\u00faz\u00f3dott, az \u00e9g fel\u00e9 mered\u0151 kopasz f\u00e1k alatt monoton feh\u00e9r vil\u00e1g. Annak, ami volt, v\u00e9ge van. A hagyom\u00e1nyban pedig ehhez az id\u0151szakhoz k\u00f6t\u0151dik annak a lehet\u0151s\u00e9gnek a sz\u00e1mbav\u00e9tele is, hogy ezt a v\u00e9get m\u00e1r nem fogja k\u00f6vetni felt\u00e1mad\u00e1s. \u00cdgy \u00e9lte \u00e1t a r\u00e9gi ember az \u00e9let \u00e9s hal\u00e1l term\u00e9szetes dramaturgi\u00e1j\u00e1t az \u00e9vk\u00f6rben. S ha mostans\u00e1g az id\u0151 m\u00e1sk\u00e9pp is j\u00e1r, \u00e9s nem t\u00e1mogatja d\u00edszleteivel oly \u00e1t\u00e9lhet\u0151en az \u00e9gi dramatik\u00e1t, az \u00e9v v\u00e9ge m\u00e9gis sz\u00e1mad\u00e1s, m\u00e9gis lez\u00e1r\u00f3d\u00e1s, s m\u00e9gis titok, hogy mi minden t\u00e1mad f\u00f6l j\u00f6v\u0151re a m\u00falt talaj\u00e1n.<\/p>\n\n\n\n<p class=\"has-text-align-right\"><em>Major Gy\u00f6ngyi<\/em><\/p>","protected":false},"excerpt":{"rendered":"<p>M\u00e9g \u00e9lnek gener\u00e1ci\u00f3k, akik eml\u00e9keznek a r\u00e9gi telekre. Novemberben, december elej\u00e9n leesett a h\u00f3, \u00e9s tart\u00f3san takarta a t\u00e1jat. Az \u00e9let minden t\u00e9ren visszah\u00faz\u00f3dott, az \u00e9g fel\u00e9 mered\u0151 kopasz f\u00e1k alatt monoton feh\u00e9r vil\u00e1g. Annak, ami volt, v\u00e9ge van. A hagyom\u00e1nyban pedig ehhez az id\u0151szakhoz k\u00f6t\u0151dik annak a lehet\u0151s\u00e9gnek a sz\u00e1mbav\u00e9tele is, hogy ezt a&hellip;<\/p>","protected":false},"author":1,"featured_media":0,"parent":5229,"menu_order":2,"comment_status":"closed","ping_status":"closed","template":"page-article.php","meta":{"inline_featured_image":false,"footnotes":""},"categories":[],"tags":[],"_links":{"self":[{"href":"https:\/\/www.femmeharmone.com\/eng\/wp-json\/wp\/v2\/pages\/5251"}],"collection":[{"href":"https:\/\/www.femmeharmone.com\/eng\/wp-json\/wp\/v2\/pages"}],"about":[{"href":"https:\/\/www.femmeharmone.com\/eng\/wp-json\/wp\/v2\/types\/page"}],"author":[{"embeddable":true,"href":"https:\/\/www.femmeharmone.com\/eng\/wp-json\/wp\/v2\/users\/1"}],"replies":[{"embeddable":true,"href":"https:\/\/www.femmeharmone.com\/eng\/wp-json\/wp\/v2\/comments?post=5251"}],"version-history":[{"count":2,"href":"https:\/\/www.femmeharmone.com\/eng\/wp-json\/wp\/v2\/pages\/5251\/revisions"}],"predecessor-version":[{"id":5328,"href":"https:\/\/www.femmeharmone.com\/eng\/wp-json\/wp\/v2\/pages\/5251\/revisions\/5328"}],"up":[{"embeddable":true,"href":"https:\/\/www.femmeharmone.com\/eng\/wp-json\/wp\/v2\/pages\/5229"}],"wp:attachment":[{"href":"https:\/\/www.femmeharmone.com\/eng\/wp-json\/wp\/v2\/media?parent=5251"}],"wp:term":[{"taxonomy":"category","embeddable":true,"href":"https:\/\/www.femmeharmone.com\/eng\/wp-json\/wp\/v2\/categories?post=5251"},{"taxonomy":"post_tag","embeddable":true,"href":"https:\/\/www.femmeharmone.com\/eng\/wp-json\/wp\/v2\/tags?post=5251"}],"curies":[{"name":"wp","href":"https:\/\/api.w.org\/{rel}","templated":true}]}}