{"id":5257,"date":"2024-12-24T04:20:01","date_gmt":"2024-12-24T04:20:01","guid":{"rendered":"https:\/\/www.femmeharmone.com\/?page_id=5257"},"modified":"2024-12-24T05:26:36","modified_gmt":"2024-12-24T05:26:36","slug":"a-festeszet-eleven-tortenelme-gyemant-laszlo-visszaemlekezeseiben-2-resz","status":"publish","type":"page","link":"https:\/\/www.femmeharmone.com\/eng\/a-noi-dimenzio\/iii-evfolyam-4-szam\/kepzo-es-iparmuveszet\/a-festeszet-eleven-tortenelme-gyemant-laszlo-visszaemlekezeseiben-2-resz\/","title":{"rendered":"A fest\u00e9szet eleven t\u00f6rt\u00e9nelme Gy\u00e9m\u00e1nt L\u00e1szl\u00f3 visszaeml\u00e9kez\u00e9seiben (2. r\u00e9sz vide\u00f3)"},"content":{"rendered":"<p>Gy\u00e9m\u00e1nt L\u00e1szl\u00f3 alkot\u00f3i p\u00e1ly\u00e1ja a m\u0171v\u00e9szett\u00f6rt\u00e9net olyannyira izgalmas szakasz\u00e1ra esik, amely a m\u0171v\u00e9sz j\u00f3 sors\u00e1val \u00e9s nem kis b\u00e1tors\u00e1gr\u00f3l tan\u00fas\u00e1got tev\u0151 v\u00e1llalkoz\u00f3kedv\u00e9vel egy\u00fctt garant\u00e1lja a kordokumentum-szint\u0171 forr\u00e1sanyagot az \u00e9rdekl\u0151d\u0151k sz\u00e1m\u00e1ra. Ez\u00e9rt fontosnak l\u00e1ttuk egy k\u00f6vetkez\u0151 vide\u00f3 elk\u00e9sz\u00edt\u00e9s\u00e9vel, az el\u0151z\u0151n\u00e9l m\u00e9g m\u00e9lyebbre hatolva a Budapesten, B\u00e9csen, Londonon \u00e1t New Yorkig \u00edvel\u0151 \u00e9letm\u0171 r\u00e9szleteinek tov\u00e1bbi kibont\u00e1s\u00e1t. Ez\u00fattal a m\u0171v\u00e9sz saj\u00e1t arch\u00edvum\u00e1b\u00f3l el\u0151ker\u00fclt felv\u00e9tel is hozz\u00e1j\u00e1rul a korszak megismer\u00e9s\u00e9hez, amely Teller Ede portr\u00e9j\u00e1nak k\u00e9sz\u00edt\u00e9si folyamat\u00e1ba enged bepillant\u00e1st.<\/p>\n\n\n\n<p>Az eddig meg\u00f6r\u00f6k\u00edtett anyag \u00f6sszetetts\u00e9ge ugyanakkor vil\u00e1gosan mutatja, hogy m\u00e9g csak a k\u00fclsz\u00edni fejt\u00e9sig jutottunk el, \u00e9s rem\u00e9nyked\u00fcnk, hogy m\u00f3dunk ny\u00edlik id\u0151vel a m\u00e9lyr\u00e9tegeket is felt\u00e1rni.<\/p>\n\n\n\n<div style=\"height:100px\" aria-hidden=\"true\" class=\"wp-block-spacer\"><\/div>\n\n\n\n<figure class=\"wp-block-embed is-type-video is-provider-youtube wp-block-embed-youtube wp-embed-aspect-16-9 wp-has-aspect-ratio\"><div class=\"wp-block-embed__wrapper\">\n<iframe loading=\"lazy\" title=\"Gy\u00e9m\u00e1nt L\u00e1szl\u00f3 interj\u00fa (2. r\u00e9sz)\" width=\"750\" height=\"422\" src=\"https:\/\/www.youtube.com\/embed\/GKuM3PxFdyI?feature=oembed\" frameborder=\"0\" allow=\"accelerometer; autoplay; clipboard-write; encrypted-media; gyroscope; picture-in-picture; web-share\" referrerpolicy=\"strict-origin-when-cross-origin\" allowfullscreen><\/iframe>\n<\/div><\/figure>","protected":false},"excerpt":{"rendered":"<p>Gy\u00e9m\u00e1nt L\u00e1szl\u00f3 alkot\u00f3i p\u00e1ly\u00e1ja a m\u0171v\u00e9szett\u00f6rt\u00e9net olyannyira izgalmas szakasz\u00e1ra esik, amely a m\u0171v\u00e9sz j\u00f3 sors\u00e1val \u00e9s nem kis b\u00e1tors\u00e1gr\u00f3l tan\u00fas\u00e1got tev\u0151 v\u00e1llalkoz\u00f3kedv\u00e9vel egy\u00fctt garant\u00e1lja a kordokumentum-szint\u0171 forr\u00e1sanyagot az \u00e9rdekl\u0151d\u0151k sz\u00e1m\u00e1ra. Ez\u00e9rt fontosnak l\u00e1ttuk egy k\u00f6vetkez\u0151 vide\u00f3 elk\u00e9sz\u00edt\u00e9s\u00e9vel, az el\u0151z\u0151n\u00e9l m\u00e9g m\u00e9lyebbre hatolva a Budapesten, B\u00e9csen, Londonon \u00e1t New Yorkig \u00edvel\u0151 \u00e9letm\u0171 r\u00e9szleteinek tov\u00e1bbi kibont\u00e1s\u00e1t. Ez\u00fattal&hellip;<\/p>","protected":false},"author":1,"featured_media":0,"parent":5235,"menu_order":1,"comment_status":"closed","ping_status":"closed","template":"page-article.php","meta":{"inline_featured_image":false,"footnotes":""},"categories":[],"tags":[],"_links":{"self":[{"href":"https:\/\/www.femmeharmone.com\/eng\/wp-json\/wp\/v2\/pages\/5257"}],"collection":[{"href":"https:\/\/www.femmeharmone.com\/eng\/wp-json\/wp\/v2\/pages"}],"about":[{"href":"https:\/\/www.femmeharmone.com\/eng\/wp-json\/wp\/v2\/types\/page"}],"author":[{"embeddable":true,"href":"https:\/\/www.femmeharmone.com\/eng\/wp-json\/wp\/v2\/users\/1"}],"replies":[{"embeddable":true,"href":"https:\/\/www.femmeharmone.com\/eng\/wp-json\/wp\/v2\/comments?post=5257"}],"version-history":[{"count":3,"href":"https:\/\/www.femmeharmone.com\/eng\/wp-json\/wp\/v2\/pages\/5257\/revisions"}],"predecessor-version":[{"id":5297,"href":"https:\/\/www.femmeharmone.com\/eng\/wp-json\/wp\/v2\/pages\/5257\/revisions\/5297"}],"up":[{"embeddable":true,"href":"https:\/\/www.femmeharmone.com\/eng\/wp-json\/wp\/v2\/pages\/5235"}],"wp:attachment":[{"href":"https:\/\/www.femmeharmone.com\/eng\/wp-json\/wp\/v2\/media?parent=5257"}],"wp:term":[{"taxonomy":"category","embeddable":true,"href":"https:\/\/www.femmeharmone.com\/eng\/wp-json\/wp\/v2\/categories?post=5257"},{"taxonomy":"post_tag","embeddable":true,"href":"https:\/\/www.femmeharmone.com\/eng\/wp-json\/wp\/v2\/tags?post=5257"}],"curies":[{"name":"wp","href":"https:\/\/api.w.org\/{rel}","templated":true}]}}