{"id":5261,"date":"2024-12-24T04:24:15","date_gmt":"2024-12-24T04:24:15","guid":{"rendered":"https:\/\/www.femmeharmone.com\/?page_id=5261"},"modified":"2024-12-24T04:29:03","modified_gmt":"2024-12-24T04:29:03","slug":"irodalmi-emlekezet","status":"publish","type":"page","link":"https:\/\/www.femmeharmone.com\/eng\/a-noi-dimenzio\/iii-evfolyam-4-szam\/irodalom\/irodalmi-emlekezet\/","title":{"rendered":"Irodalmi eml\u00e9kezet"},"content":{"rendered":"<p>Az al\u00e1bbi k\u00e9t \u00edr\u00e1s matuzs\u00e1lemi kort mondhat mag\u00e1\u00e9nak annak ellen\u00e9re, hogy megjelen\u00e9s\u00fck \u0151sbemutat\u00f3nak tekinthet\u0151. A <em>Szubjekt\u00edv t\u00e9r<\/em> ugyan napvil\u00e1got l\u00e1tott a p\u00e1rizsi Magyar M\u0171hely 1984 \u00e1prilis\u00e1ban megjelent 68. sz\u00e1m\u00e1ban (4\u20135. oldal), b\u00e1r ott is nehezen k\u00fczd\u00f6tt meg az akkori posztmodern irodalmi k\u00f6rnyezettel. Itthon pedig az es\u00e9lytelenek nyugalm\u00e1t \u00e9lvezhette az ismert \u00edzl\u00e9sform\u00e1l\u00f3 elvek mellett.<\/p>\n\n\n\n<p>A <em>T\u00e9l<\/em> c. \u00edr\u00e1snak \u00e9pphogy nem siker\u00fclt \u00e1tcs\u00fasznia a l\u00e9c alatt, mert 1983 \u0151sz\u00e9n a <em>Mozg\u00f3 Vil\u00e1g<\/em> Bertalan Lajos utcai szerkeszt\u0151s\u00e9g\u00e9nek asztal\u00e1ra ker\u00fclt, ahol Alexa K\u00e1roly gondozta volna a sz\u00f6veget. A szerz\u0151vel folytatott besz\u00e9lget\u00e9st k\u00f6vet\u0151en azonban nem sokkal t\u00f6rt\u00e9nt a lap nemzetk\u00f6zi bonyodalmakat is kiv\u00e1lt\u00f3 blokkol\u00e1sa, ami ut\u00e1n m\u00e1r a p\u00e1rt megb\u00edzhat\u00f3 embereivel felt\u00f6lt\u00f6tt szerkeszt\u0151s\u00e9g dikt\u00e1lta a verdiktet. Ilyen m\u00f3don ez a k\u00e9t sz\u00f6veg nemcsak \u00f6nmag\u00e1t, hanem a 80-as \u00e9vek magyar val\u00f3s\u00e1g\u00e1nak egy szelet\u00e9t is reprezent\u00e1lja.<\/p>","protected":false},"excerpt":{"rendered":"<p>Az al\u00e1bbi k\u00e9t \u00edr\u00e1s matuzs\u00e1lemi kort mondhat mag\u00e1\u00e9nak annak ellen\u00e9re, hogy megjelen\u00e9s\u00fck \u0151sbemutat\u00f3nak tekinthet\u0151. A Szubjekt\u00edv t\u00e9r ugyan napvil\u00e1got l\u00e1tott a p\u00e1rizsi Magyar M\u0171hely 1984 \u00e1prilis\u00e1ban megjelent 68. sz\u00e1m\u00e1ban (4\u20135. oldal), b\u00e1r ott is nehezen k\u00fczd\u00f6tt meg az akkori posztmodern irodalmi k\u00f6rnyezettel. Itthon pedig az es\u00e9lytelenek nyugalm\u00e1t \u00e9lvezhette az ismert \u00edzl\u00e9sform\u00e1l\u00f3 elvek mellett. A T\u00e9l&hellip;<\/p>","protected":false},"author":1,"featured_media":0,"parent":5239,"menu_order":1,"comment_status":"closed","ping_status":"closed","template":"page-article.php","meta":{"inline_featured_image":false,"footnotes":""},"categories":[],"tags":[],"_links":{"self":[{"href":"https:\/\/www.femmeharmone.com\/eng\/wp-json\/wp\/v2\/pages\/5261"}],"collection":[{"href":"https:\/\/www.femmeharmone.com\/eng\/wp-json\/wp\/v2\/pages"}],"about":[{"href":"https:\/\/www.femmeharmone.com\/eng\/wp-json\/wp\/v2\/types\/page"}],"author":[{"embeddable":true,"href":"https:\/\/www.femmeharmone.com\/eng\/wp-json\/wp\/v2\/users\/1"}],"replies":[{"embeddable":true,"href":"https:\/\/www.femmeharmone.com\/eng\/wp-json\/wp\/v2\/comments?post=5261"}],"version-history":[{"count":1,"href":"https:\/\/www.femmeharmone.com\/eng\/wp-json\/wp\/v2\/pages\/5261\/revisions"}],"predecessor-version":[{"id":5262,"href":"https:\/\/www.femmeharmone.com\/eng\/wp-json\/wp\/v2\/pages\/5261\/revisions\/5262"}],"up":[{"embeddable":true,"href":"https:\/\/www.femmeharmone.com\/eng\/wp-json\/wp\/v2\/pages\/5239"}],"wp:attachment":[{"href":"https:\/\/www.femmeharmone.com\/eng\/wp-json\/wp\/v2\/media?parent=5261"}],"wp:term":[{"taxonomy":"category","embeddable":true,"href":"https:\/\/www.femmeharmone.com\/eng\/wp-json\/wp\/v2\/categories?post=5261"},{"taxonomy":"post_tag","embeddable":true,"href":"https:\/\/www.femmeharmone.com\/eng\/wp-json\/wp\/v2\/tags?post=5261"}],"curies":[{"name":"wp","href":"https:\/\/api.w.org\/{rel}","templated":true}]}}