{"id":5268,"date":"2024-12-24T04:34:56","date_gmt":"2024-12-24T04:34:56","guid":{"rendered":"https:\/\/www.femmeharmone.com\/?page_id=5268"},"modified":"2024-12-24T06:13:10","modified_gmt":"2024-12-24T06:13:10","slug":"vukov-konstantin-porta-speciosa-porta-coeli-az-esztergomi-diszkapu-parafrazisa","status":"publish","type":"page","link":"https:\/\/www.femmeharmone.com\/eng\/a-noi-dimenzio\/iii-evfolyam-4-szam\/tudomany\/vukov-konstantin-porta-speciosa-porta-coeli-az-esztergomi-diszkapu-parafrazisa\/","title":{"rendered":"<em>Vukov Konstantin:<\/em> Porta Speciosa \u2013 Porta Coeli, Az esztergomi d\u00edszkapu parafr\u00e1zisa"},"content":{"rendered":"<p class=\"has-text-align-right\"><a href=\"https:\/\/doi.org\/10.55344\/andfh.2304021\"><em>DOI: 10.55344\/andfh.2304021<\/em><\/a><\/p>\n\n\n\n<div style=\"height:100px\" aria-hidden=\"true\" class=\"wp-block-spacer\"><\/div>\n\n\n\n<p><em><strong>Absztrakt<\/strong><\/em><\/p>\n\n\n\n<p><strong>Amikor el\u0151sz\u00f6r j\u00e1rtam (2006-ban) a Br\u00fcnnt\u0151l kb. 30 kilom\u00e9terre \u00e9szakra fekv\u0151 <a>Ti\u0161novban a P\u0159edkl\u00e1\u0161te\u0159i <\/a>terjedelmes kolostoregy\u00fcttes\u00e9n\u00e9l, a r\u00e9gi bazilika nyugati d\u00edszkapuja azonnal megragadott, \u00e9s r\u00f6gt\u00f6n titkos kapcsolatot \u00e9reztem az esztergomi n\u00e9hai Porta Speciosa kompoz\u00edci\u00f3j\u00e1val. Vannak oroszl\u00e1nok, van egy f\u00e9lbemaradt el\u0151csarnok boltv\u00e1lla, v\u00f6r\u00f6s \u00e9s feh\u00e9r k\u0151anyag v\u00e1ltogatja egym\u00e1st. M\u00e1s szempontb\u00f3l nagyon elt\u00e9r a kapuzat, mivel cs\u00facs\u00edves, a b\u00e9lletekben szobrok \u00e1llnak, anyaga nem m\u00e1rv\u00e1nyk\u0151. A gazdas\u00e1gi \u00e9p\u00fcletben kialak\u00edtott Podhor\u00e1ck\u00e9 m\u00fazeum \u00e9s egy kis bros\u00fara t\u00e1j\u00e9koztatott, hogy ezt kolostortemplomot a ciszterci n\u0151v\u00e9rek sz\u00e1m\u00e1ra P\u0159em\u00fdsl Ottok\u00e1r \u00e9s magyarorsz\u00e1gi feles\u00e9ge, Konstancia, III. B\u00e9la le\u00e1nya alap\u00edtotta. Mag\u00e1t az \u00e9p\u00edtkez\u00e9st az id\u0151k sor\u00e1n meg\u00f6zvegy\u00fclt kir\u00e1lyn\u00e9 val\u00f3s\u00edtotta meg, ahov\u00e1 n\u00e9h\u00e1ny \u00e9vvel f\u00e9rje hal\u00e1la ut\u00e1n bevonult, \u00e9s ott is hunyt el. \u00c9rdemes k\u00f6r\u00fclj\u00e1rni a t\u00e1rgyi \u00e9s t\u00f6rt\u00e9neti adotts\u00e1gokat, mivel a Szent Kir\u00e1lyok, vagyis a Turul nemzets\u00e9g szent \u00e9s tiszteletre m\u00e9lt\u00f3 n\u0151i alakjai k\u00f6z\u00fcl ism\u00e9t egy kiv\u00e1l\u00f3 magyar fejedelmi n\u0151i szem\u00e9lyis\u00e9g kiemelked\u0151 m\u0171v\u00e9nek lehet\u00fcnk tan\u00fai.<\/strong><\/p>\n\n\n\n<div style=\"height:100px\" aria-hidden=\"true\" class=\"wp-block-spacer\"><\/div>\n\n\n\n<div data-wp-interactive=\"core\/file\" class=\"wp-block-file\"><object data-wp-bind--hidden=\"!state.hasPdfPreview\"  class=\"wp-block-file__embed\" data=\"https:\/\/www.femmeharmone.com\/wp-content\/uploads\/2024\/12\/AND10_2023_Tel_v1_0_Vukov.pdf\" type=\"application\/pdf\" style=\"width:100%;height:1500px\" aria-label=\"Embed of AND10_2023_Tel_v1_0_Vukov.\"><\/object><a id=\"wp-block-file--media-041a1572-1468-4c9d-aaa8-2bc70c7d8d84\" href=\"https:\/\/www.femmeharmone.com\/wp-content\/uploads\/2024\/12\/AND10_2023_Tel_v1_0_Vukov.pdf\">AND10_2023_Tel_v1_0_Vukov<\/a><a href=\"https:\/\/www.femmeharmone.com\/wp-content\/uploads\/2024\/12\/AND10_2023_Tel_v1_0_Vukov.pdf\" class=\"wp-block-file__button wp-element-button\" download aria-describedby=\"wp-block-file--media-041a1572-1468-4c9d-aaa8-2bc70c7d8d84\">Let\u00f6lt\u00e9s<\/a><\/div>","protected":false},"excerpt":{"rendered":"<p>DOI: 10.55344\/andfh.2304021 Absztrakt Amikor el\u0151sz\u00f6r j\u00e1rtam (2006-ban) a Br\u00fcnnt\u0151l kb. 30 kilom\u00e9terre \u00e9szakra fekv\u0151 Ti\u0161novban a P\u0159edkl\u00e1\u0161te\u0159i terjedelmes kolostoregy\u00fcttes\u00e9n\u00e9l, a r\u00e9gi bazilika nyugati d\u00edszkapuja azonnal megragadott, \u00e9s r\u00f6gt\u00f6n titkos kapcsolatot \u00e9reztem az esztergomi n\u00e9hai Porta Speciosa kompoz\u00edci\u00f3j\u00e1val. Vannak oroszl\u00e1nok, van egy f\u00e9lbemaradt el\u0151csarnok boltv\u00e1lla, v\u00f6r\u00f6s \u00e9s feh\u00e9r k\u0151anyag v\u00e1ltogatja egym\u00e1st. M\u00e1s szempontb\u00f3l nagyon elt\u00e9r a&hellip;<\/p>","protected":false},"author":1,"featured_media":0,"parent":5241,"menu_order":1,"comment_status":"closed","ping_status":"closed","template":"page-article.php","meta":{"inline_featured_image":false,"footnotes":""},"categories":[],"tags":[],"_links":{"self":[{"href":"https:\/\/www.femmeharmone.com\/eng\/wp-json\/wp\/v2\/pages\/5268"}],"collection":[{"href":"https:\/\/www.femmeharmone.com\/eng\/wp-json\/wp\/v2\/pages"}],"about":[{"href":"https:\/\/www.femmeharmone.com\/eng\/wp-json\/wp\/v2\/types\/page"}],"author":[{"embeddable":true,"href":"https:\/\/www.femmeharmone.com\/eng\/wp-json\/wp\/v2\/users\/1"}],"replies":[{"embeddable":true,"href":"https:\/\/www.femmeharmone.com\/eng\/wp-json\/wp\/v2\/comments?post=5268"}],"version-history":[{"count":3,"href":"https:\/\/www.femmeharmone.com\/eng\/wp-json\/wp\/v2\/pages\/5268\/revisions"}],"predecessor-version":[{"id":5331,"href":"https:\/\/www.femmeharmone.com\/eng\/wp-json\/wp\/v2\/pages\/5268\/revisions\/5331"}],"up":[{"embeddable":true,"href":"https:\/\/www.femmeharmone.com\/eng\/wp-json\/wp\/v2\/pages\/5241"}],"wp:attachment":[{"href":"https:\/\/www.femmeharmone.com\/eng\/wp-json\/wp\/v2\/media?parent=5268"}],"wp:term":[{"taxonomy":"category","embeddable":true,"href":"https:\/\/www.femmeharmone.com\/eng\/wp-json\/wp\/v2\/categories?post=5268"},{"taxonomy":"post_tag","embeddable":true,"href":"https:\/\/www.femmeharmone.com\/eng\/wp-json\/wp\/v2\/tags?post=5268"}],"curies":[{"name":"wp","href":"https:\/\/api.w.org\/{rel}","templated":true}]}}