{"id":5270,"date":"2024-12-24T04:37:50","date_gmt":"2024-12-24T04:37:50","guid":{"rendered":"https:\/\/www.femmeharmone.com\/?page_id=5270"},"modified":"2024-12-24T06:13:21","modified_gmt":"2024-12-24T06:13:21","slug":"j-ujvary-zsuzsanna-zrinyi-ilona","status":"publish","type":"page","link":"https:\/\/www.femmeharmone.com\/eng\/a-noi-dimenzio\/iii-evfolyam-4-szam\/tudomany\/j-ujvary-zsuzsanna-zrinyi-ilona\/","title":{"rendered":"<em>J. \u00dajv\u00e1ry Zsuzsanna:<\/em> Zr\u00ednyi Ilona"},"content":{"rendered":"<p class=\"has-text-align-right\"><a href=\"https:\/\/doi.org\/10.55344\/andfh.2304036\"><em>DOI: 10.55344\/andfh.2304036<\/em><\/a><\/p>\n\n\n\n<div style=\"height:100px\" aria-hidden=\"true\" class=\"wp-block-spacer\"><\/div>\n\n\n\n<p class=\"has-text-align-center\"><em>Jelen tanulm\u00e1ny Zr\u00ednyi Ilona sz\u00fclet\u00e9s\u00e9nek 375. \u00e9vfordul\u00f3ja tisztelet\u00e9re jelenik meg.<\/em><\/p>\n\n\n\n<div style=\"height:100px\" aria-hidden=\"true\" class=\"wp-block-spacer\"><\/div>\n\n\n\n<p><em><strong>Absztrakt<\/strong><\/em><\/p>\n\n\n\n<p><strong>Zr\u00ednyi Ilona fejedelemasszony, vagy ahogy a francia konzul nevezte, hercegn\u0151 1703-ban, Nikom\u00e9di\u00e1ban adta vissza lelk\u00e9t Teremt\u0151j\u00e9nek \u2013 nagyh\u00edr\u0171 nemzets\u00e9g\u00e9nek utols\u00f3 sarjak\u00e9nt; igaz, fi\u00e1ban, II. R\u00e1k\u00f3czi Ferencben tov\u00e1bb \u00e9lt, hiszen \u0151 \u00e9ppen akkor bontott z\u00e1szl\u00f3t <em>\u201eCum Deo pro Patria et Libertate\u201d<\/em> jelsz\u00f3val, amikor \u00e9desanyja elt\u00e1vozott az \u00e9l\u0151k sor\u00e1b\u00f3l.<\/strong><\/p>\n\n\n\n<div style=\"height:100px\" aria-hidden=\"true\" class=\"wp-block-spacer\"><\/div>\n\n\n\n<div data-wp-interactive=\"core\/file\" class=\"wp-block-file\"><object data-wp-bind--hidden=\"!state.hasPdfPreview\"  class=\"wp-block-file__embed\" data=\"https:\/\/www.femmeharmone.com\/wp-content\/uploads\/2024\/12\/AND10_2023_Tel_v1_0_Ujvary.pdf\" type=\"application\/pdf\" style=\"width:100%;height:1500px\" aria-label=\"Embed of AND10_2023_Tel_v1_0_Ujvary.\"><\/object><a id=\"wp-block-file--media-134f77b2-5234-4b94-8d4b-6df7a6218d9a\" href=\"https:\/\/www.femmeharmone.com\/wp-content\/uploads\/2024\/12\/AND10_2023_Tel_v1_0_Ujvary.pdf\">AND10_2023_Tel_v1_0_Ujvary<\/a><a href=\"https:\/\/www.femmeharmone.com\/wp-content\/uploads\/2024\/12\/AND10_2023_Tel_v1_0_Ujvary.pdf\" class=\"wp-block-file__button wp-element-button\" download aria-describedby=\"wp-block-file--media-134f77b2-5234-4b94-8d4b-6df7a6218d9a\">Let\u00f6lt\u00e9s<\/a><\/div>","protected":false},"excerpt":{"rendered":"<p>DOI: 10.55344\/andfh.2304036 Jelen tanulm\u00e1ny Zr\u00ednyi Ilona sz\u00fclet\u00e9s\u00e9nek 375. \u00e9vfordul\u00f3ja tisztelet\u00e9re jelenik meg. Absztrakt Zr\u00ednyi Ilona fejedelemasszony, vagy ahogy a francia konzul nevezte, hercegn\u0151 1703-ban, Nikom\u00e9di\u00e1ban adta vissza lelk\u00e9t Teremt\u0151j\u00e9nek \u2013 nagyh\u00edr\u0171 nemzets\u00e9g\u00e9nek utols\u00f3 sarjak\u00e9nt; igaz, fi\u00e1ban, II. R\u00e1k\u00f3czi Ferencben tov\u00e1bb \u00e9lt, hiszen \u0151 \u00e9ppen akkor bontott z\u00e1szl\u00f3t \u201eCum Deo pro Patria et Libertate\u201d jelsz\u00f3val, amikor&hellip;<\/p>","protected":false},"author":1,"featured_media":0,"parent":5241,"menu_order":2,"comment_status":"closed","ping_status":"closed","template":"page-article.php","meta":{"inline_featured_image":false,"footnotes":""},"categories":[],"tags":[],"_links":{"self":[{"href":"https:\/\/www.femmeharmone.com\/eng\/wp-json\/wp\/v2\/pages\/5270"}],"collection":[{"href":"https:\/\/www.femmeharmone.com\/eng\/wp-json\/wp\/v2\/pages"}],"about":[{"href":"https:\/\/www.femmeharmone.com\/eng\/wp-json\/wp\/v2\/types\/page"}],"author":[{"embeddable":true,"href":"https:\/\/www.femmeharmone.com\/eng\/wp-json\/wp\/v2\/users\/1"}],"replies":[{"embeddable":true,"href":"https:\/\/www.femmeharmone.com\/eng\/wp-json\/wp\/v2\/comments?post=5270"}],"version-history":[{"count":4,"href":"https:\/\/www.femmeharmone.com\/eng\/wp-json\/wp\/v2\/pages\/5270\/revisions"}],"predecessor-version":[{"id":5332,"href":"https:\/\/www.femmeharmone.com\/eng\/wp-json\/wp\/v2\/pages\/5270\/revisions\/5332"}],"up":[{"embeddable":true,"href":"https:\/\/www.femmeharmone.com\/eng\/wp-json\/wp\/v2\/pages\/5241"}],"wp:attachment":[{"href":"https:\/\/www.femmeharmone.com\/eng\/wp-json\/wp\/v2\/media?parent=5270"}],"wp:term":[{"taxonomy":"category","embeddable":true,"href":"https:\/\/www.femmeharmone.com\/eng\/wp-json\/wp\/v2\/categories?post=5270"},{"taxonomy":"post_tag","embeddable":true,"href":"https:\/\/www.femmeharmone.com\/eng\/wp-json\/wp\/v2\/tags?post=5270"}],"curies":[{"name":"wp","href":"https:\/\/api.w.org\/{rel}","templated":true}]}}