{"id":5273,"date":"2024-12-24T04:42:10","date_gmt":"2024-12-24T04:42:10","guid":{"rendered":"https:\/\/www.femmeharmone.com\/?page_id=5273"},"modified":"2024-12-24T06:13:31","modified_gmt":"2024-12-24T06:13:31","slug":"veres-istvan-fenyes-ilona-megbecstelenitese-nemi-eroszak-es-jogi-vizsgalata-a-19-szazad-elso-feleben","status":"publish","type":"page","link":"https:\/\/www.femmeharmone.com\/eng\/a-noi-dimenzio\/iii-evfolyam-4-szam\/tudomany\/veres-istvan-fenyes-ilona-megbecstelenitese-nemi-eroszak-es-jogi-vizsgalata-a-19-szazad-elso-feleben\/","title":{"rendered":"<em>Veres Istv\u00e1n:<\/em> F\u00e9nyes Ilona megbecstelen\u00edt\u00e9se. Nemi er\u0151szak \u00e9s jogi vizsg\u00e1lata a 19. sz\u00e1zad els\u0151 fel\u00e9ben"},"content":{"rendered":"<p class=\"has-text-align-right\"><a href=\"https:\/\/doi.org\/10.55344\/andfh.2304063\"><em>DOI: 10.55344\/andfh.2304063<\/em><\/a><\/p>\n\n\n\n<div style=\"height:100px\" aria-hidden=\"true\" class=\"wp-block-spacer\"><\/div>\n\n\n\n<p><em><strong>Absztrakt<\/strong><\/em><\/p>\n\n\n\n<p><strong>A 21. sz\u00e1zadban a n\u0151i szerepek megv\u00e1ltoz\u00e1sa sor\u00e1n a t\u00e1rsadalom egyre nagyobb figyelemmel fordul az egyenjog\u00fas\u00e1g kiv\u00edv\u00e1s\u00e1nak k\u00fczdelmei ir\u00e1ny\u00e1ba, amelyek bemutatj\u00e1k, milyen hossz\u00fa utat kellett megtenni a n\u0151knek a korabeli h\u00e1tr\u00e1nyos megk\u00fcl\u00f6nb\u00f6ztet\u00e9st\u0151l a mai egyenrang\u00fa elismer\u00e9sig.<br>A tanulm\u00e1ny az er\u0151szakos b\u0171ncselekm\u00e9nyek \u00e9s az \u00e1ldozatok helyzet\u00e9nek rendk\u00edv\u00fcli neh\u00e9zs\u00e9geire vil\u00e1g\u00edt r\u00e1. A nemi er\u0151szak \u00e1ldozatainak megpr\u00f3b\u00e1ltat\u00e1sai, bele\u00e9rtve a b\u00edr\u00f3s\u00e1gi elj\u00e1r\u00e1sokat \u00e9s a t\u00e1rsadalmi meg\u00edt\u00e9l\u00e9st, sokszor traumatikus eml\u00e9keket id\u00e9ztek fel benn\u00fck, \u00e9s az \u00edt\u00e9letek gyakran nem hozt\u00e1k meg a v\u00e1rt megnyugv\u00e1st vagy igazs\u00e1got. A kutat\u00e1s betekint\u00e9st ny\u00fajt abba is, hogyan kezelte a t\u00f6rv\u00e9nysz\u00e9k az ehhez hasonl\u00f3 vit\u00e1s \u00fcgyeket, \u00e9s az er\u0151szakos cselekm\u00e9nyek elk\u00f6vet\u0151ire milyen b\u00fcntet\u00e9st szabtak ki.<\/strong><\/p>\n\n\n\n<div style=\"height:100px\" aria-hidden=\"true\" class=\"wp-block-spacer\"><\/div>\n\n\n\n<div data-wp-interactive=\"core\/file\" class=\"wp-block-file\"><object data-wp-bind--hidden=\"!state.hasPdfPreview\"  class=\"wp-block-file__embed\" data=\"https:\/\/www.femmeharmone.com\/wp-content\/uploads\/2024\/12\/AND10_2023_Tel_v1_0_Veres.pdf\" type=\"application\/pdf\" style=\"width:100%;height:1500px\" aria-label=\"Embed of AND10_2023_Tel_v1_0_Veres.\"><\/object><a id=\"wp-block-file--media-1bb39245-f9b4-4931-889c-d1adab5a6b19\" href=\"https:\/\/www.femmeharmone.com\/wp-content\/uploads\/2024\/12\/AND10_2023_Tel_v1_0_Veres.pdf\">AND10_2023_Tel_v1_0_Veres<\/a><a href=\"https:\/\/www.femmeharmone.com\/wp-content\/uploads\/2024\/12\/AND10_2023_Tel_v1_0_Veres.pdf\" class=\"wp-block-file__button wp-element-button\" download aria-describedby=\"wp-block-file--media-1bb39245-f9b4-4931-889c-d1adab5a6b19\">Let\u00f6lt\u00e9s<\/a><\/div>","protected":false},"excerpt":{"rendered":"<p>DOI: 10.55344\/andfh.2304063 Absztrakt A 21. sz\u00e1zadban a n\u0151i szerepek megv\u00e1ltoz\u00e1sa sor\u00e1n a t\u00e1rsadalom egyre nagyobb figyelemmel fordul az egyenjog\u00fas\u00e1g kiv\u00edv\u00e1s\u00e1nak k\u00fczdelmei ir\u00e1ny\u00e1ba, amelyek bemutatj\u00e1k, milyen hossz\u00fa utat kellett megtenni a n\u0151knek a korabeli h\u00e1tr\u00e1nyos megk\u00fcl\u00f6nb\u00f6ztet\u00e9st\u0151l a mai egyenrang\u00fa elismer\u00e9sig.A tanulm\u00e1ny az er\u0151szakos b\u0171ncselekm\u00e9nyek \u00e9s az \u00e1ldozatok helyzet\u00e9nek rendk\u00edv\u00fcli neh\u00e9zs\u00e9geire vil\u00e1g\u00edt r\u00e1. A nemi er\u0151szak \u00e1ldozatainak&hellip;<\/p>","protected":false},"author":1,"featured_media":0,"parent":5241,"menu_order":3,"comment_status":"closed","ping_status":"closed","template":"page-article.php","meta":{"inline_featured_image":false,"footnotes":""},"categories":[],"tags":[],"_links":{"self":[{"href":"https:\/\/www.femmeharmone.com\/eng\/wp-json\/wp\/v2\/pages\/5273"}],"collection":[{"href":"https:\/\/www.femmeharmone.com\/eng\/wp-json\/wp\/v2\/pages"}],"about":[{"href":"https:\/\/www.femmeharmone.com\/eng\/wp-json\/wp\/v2\/types\/page"}],"author":[{"embeddable":true,"href":"https:\/\/www.femmeharmone.com\/eng\/wp-json\/wp\/v2\/users\/1"}],"replies":[{"embeddable":true,"href":"https:\/\/www.femmeharmone.com\/eng\/wp-json\/wp\/v2\/comments?post=5273"}],"version-history":[{"count":4,"href":"https:\/\/www.femmeharmone.com\/eng\/wp-json\/wp\/v2\/pages\/5273\/revisions"}],"predecessor-version":[{"id":5333,"href":"https:\/\/www.femmeharmone.com\/eng\/wp-json\/wp\/v2\/pages\/5273\/revisions\/5333"}],"up":[{"embeddable":true,"href":"https:\/\/www.femmeharmone.com\/eng\/wp-json\/wp\/v2\/pages\/5241"}],"wp:attachment":[{"href":"https:\/\/www.femmeharmone.com\/eng\/wp-json\/wp\/v2\/media?parent=5273"}],"wp:term":[{"taxonomy":"category","embeddable":true,"href":"https:\/\/www.femmeharmone.com\/eng\/wp-json\/wp\/v2\/categories?post=5273"},{"taxonomy":"post_tag","embeddable":true,"href":"https:\/\/www.femmeharmone.com\/eng\/wp-json\/wp\/v2\/tags?post=5273"}],"curies":[{"name":"wp","href":"https:\/\/api.w.org\/{rel}","templated":true}]}}