{"id":5276,"date":"2024-12-24T04:44:12","date_gmt":"2024-12-24T04:44:12","guid":{"rendered":"https:\/\/www.femmeharmone.com\/?page_id=5276"},"modified":"2024-12-24T06:13:41","modified_gmt":"2024-12-24T06:13:41","slug":"szabo-pal-bator-vagyok-figyelmeztetni-a-tisztelt-hazat-grof-szechenyi-istvan-alakja-a-19-szazad-masodik-felenek-orszaggyuleseben-1861-1884","status":"publish","type":"page","link":"https:\/\/www.femmeharmone.com\/eng\/a-noi-dimenzio\/iii-evfolyam-4-szam\/tudomany\/szabo-pal-bator-vagyok-figyelmeztetni-a-tisztelt-hazat-grof-szechenyi-istvan-alakja-a-19-szazad-masodik-felenek-orszaggyuleseben-1861-1884\/","title":{"rendered":"<em>Szab\u00f3 P\u00e1l:<\/em> \u201eB\u00e1tor vagyok figyelmeztetni a tisztelt h\u00e1zat \u2026\u201d Gr\u00f3f Sz\u00e9chenyi Istv\u00e1n alakja a 19. sz\u00e1zad m\u00e1sodik fel\u00e9nek orsz\u00e1ggy\u0171l\u00e9s\u00e9ben (1861\u20131884)"},"content":{"rendered":"\n<p class=\"has-text-align-right\"><a href=\"https:\/\/doi.org\/10.55344\/andfh.2304075\"><em>DOI: 10.55344\/andfh.2304075<\/em><\/a><\/p>\n\n\n\n<div style=\"height:100px\" aria-hidden=\"true\" class=\"wp-block-spacer\"><\/div>\n\n\n\n<p><em><strong>Absztrakt<\/strong><\/em><\/p>\n\n\n\n<p><strong>A c\u00edmben jelzett r\u00f6vid id\u00e9zettel Gy\u00f6rgy Endre k\u00f6zleked\u00e9si bizotts\u00e1gi el\u0151ad\u00f3 kezdte meg felsz\u00f3lal\u00e1s\u00e1t, amely 1880. \u00e1prilis 19-\u00e9n a k\u00e9pvisel\u0151h\u00e1zban hangzott fel, \u00e9s amely sz\u00e9pen \u00f6sszegezte azt a megk\u00e9rd\u0151jelezhetetlen, imperat\u00edv szerepet, amelyet a halott Sz\u00e9chenyi tev\u00e9kenys\u00e9ge, politikai \u00e9lesl\u00e1t\u00e1sa \u00e9s szellemis\u00e9ge folyamatosan k\u00e9pviselt a dualizmus kori orsz\u00e1ggy\u0171l\u00e9si k\u00e9pvisel\u0151kben, miniszterekben. Sz\u00fcletett m\u00e1r k\u00f6tet a Nemzeti Kaszin\u00f3ban tartott serlegbesz\u00e9dek feldolgoz\u00e1s\u00e1val, amely a Sz\u00e9chenyi-hat\u00e1st\u00f6rt\u00e9net fontos r\u00e9sz\u00e9t mutatta be.<a href=\"#_ftn1\" id=\"_ftnref1\"><sup>[1]<\/sup><\/a> Jelen tanulm\u00e1nyom azonban gr\u00f3f Sz\u00e9chenyi Istv\u00e1n magyar orsz\u00e1ggy\u0171l\u00e9sre gyakorolt politikai hat\u00e1s\u00e1nak meghat\u00e1roz\u00f3 aspektus\u00e1t mutatja be a 19. sz\u00e1zad m\u00e1sodik fel\u00e9ben, k\u00e9pvisel\u0151k \u00e9s f\u0151rendih\u00e1zi k\u00f6vetek besz\u00e9deinek felhaszn\u00e1l\u00e1s\u00e1val.<a href=\"#_ftn2\" id=\"_ftnref2\"><sup>[2]<\/sup><\/a><\/strong><\/p>\n\n\n\n<hr class=\"wp-block-separator has-alpha-channel-opacity\"\/>\n\n\n\n<p><a href=\"#_ftnref1\" id=\"_ftn1\">[1]<\/a> Dr. Tanka L\u00e1szl\u00f3: Sz\u00e9chenyi eml\u00e9kezete \u2013 Serlegbesz\u00e9dek a nemzeti kaszin\u00f3ban. 1864\u20131944. Akad\u00e9miai Kiad\u00f3, Budapest 2010.<\/p>\n\n\n\n<p><a href=\"#_ftnref2\" id=\"_ftn2\">[2]<\/a> A szerz\u0151 t\u00f6rt\u00e9n\u00e9sz, a KNRF tudom\u00e1nyos munkat\u00e1rsa. Egy k\u00f6zel t\u00edz\u00e9ves ad\u00f3ss\u00e1gomat rovom most le. El\u0151ad\u00e1somat el\u0151sz\u00f6r 2016 \u00e1prilis\u00e1ban, Nagycenken az Orsz\u00e1gos Sz\u00e9chenyi K\u00f6r \u00e9ves konferenci\u00e1j\u00e1n tartottam meg, \u00e9s jelen tanulm\u00e1nyom annak szerkesztett form\u00e1ja.<\/p>\n\n\n\n<div style=\"height:100px\" aria-hidden=\"true\" class=\"wp-block-spacer\"><\/div>\n\n\n\n<div data-wp-interactive=\"core\/file\" class=\"wp-block-file\"><object data-wp-bind--hidden=\"!state.hasPdfPreview\"  class=\"wp-block-file__embed\" data=\"https:\/\/www.femmeharmone.com\/wp-content\/uploads\/2024\/12\/AND10_2023_Tel_v1_0_Szabo_Pal.pdf\" type=\"application\/pdf\" style=\"width:100%;height:1500px\" aria-label=\"Embed of AND10_2023_Tel_v1_0_Szabo_Pal.\"><\/object><a id=\"wp-block-file--media-89898155-046a-444c-ba1a-d8afeb3f08b9\" href=\"https:\/\/www.femmeharmone.com\/wp-content\/uploads\/2024\/12\/AND10_2023_Tel_v1_0_Szabo_Pal.pdf\">AND10_2023_Tel_v1_0_Szabo_Pal<\/a><a href=\"https:\/\/www.femmeharmone.com\/wp-content\/uploads\/2024\/12\/AND10_2023_Tel_v1_0_Szabo_Pal.pdf\" class=\"wp-block-file__button wp-element-button\" download aria-describedby=\"wp-block-file--media-89898155-046a-444c-ba1a-d8afeb3f08b9\">Let\u00f6lt\u00e9s<\/a><\/div>\n","protected":false},"excerpt":{"rendered":"<p>DOI: 10.55344\/andfh.2304075 Absztrakt A c\u00edmben jelzett r\u00f6vid id\u00e9zettel Gy\u00f6rgy Endre k\u00f6zleked\u00e9si bizotts\u00e1gi el\u0151ad\u00f3 kezdte meg felsz\u00f3lal\u00e1s\u00e1t, amely 1880. \u00e1prilis 19-\u00e9n a k\u00e9pvisel\u0151h\u00e1zban hangzott fel, \u00e9s amely sz\u00e9pen \u00f6sszegezte azt a megk\u00e9rd\u0151jelezhetetlen, imperat\u00edv szerepet, amelyet a halott Sz\u00e9chenyi tev\u00e9kenys\u00e9ge, politikai \u00e9lesl\u00e1t\u00e1sa \u00e9s szellemis\u00e9ge folyamatosan k\u00e9pviselt a dualizmus kori orsz\u00e1ggy\u0171l\u00e9si k\u00e9pvisel\u0151kben, miniszterekben. Sz\u00fcletett m\u00e1r k\u00f6tet a Nemzeti&hellip;<\/p>","protected":false},"author":1,"featured_media":0,"parent":5241,"menu_order":4,"comment_status":"closed","ping_status":"closed","template":"page-article.php","meta":{"inline_featured_image":false,"footnotes":""},"categories":[],"tags":[],"_links":{"self":[{"href":"https:\/\/www.femmeharmone.com\/eng\/wp-json\/wp\/v2\/pages\/5276"}],"collection":[{"href":"https:\/\/www.femmeharmone.com\/eng\/wp-json\/wp\/v2\/pages"}],"about":[{"href":"https:\/\/www.femmeharmone.com\/eng\/wp-json\/wp\/v2\/types\/page"}],"author":[{"embeddable":true,"href":"https:\/\/www.femmeharmone.com\/eng\/wp-json\/wp\/v2\/users\/1"}],"replies":[{"embeddable":true,"href":"https:\/\/www.femmeharmone.com\/eng\/wp-json\/wp\/v2\/comments?post=5276"}],"version-history":[{"count":3,"href":"https:\/\/www.femmeharmone.com\/eng\/wp-json\/wp\/v2\/pages\/5276\/revisions"}],"predecessor-version":[{"id":5334,"href":"https:\/\/www.femmeharmone.com\/eng\/wp-json\/wp\/v2\/pages\/5276\/revisions\/5334"}],"up":[{"embeddable":true,"href":"https:\/\/www.femmeharmone.com\/eng\/wp-json\/wp\/v2\/pages\/5241"}],"wp:attachment":[{"href":"https:\/\/www.femmeharmone.com\/eng\/wp-json\/wp\/v2\/media?parent=5276"}],"wp:term":[{"taxonomy":"category","embeddable":true,"href":"https:\/\/www.femmeharmone.com\/eng\/wp-json\/wp\/v2\/categories?post=5276"},{"taxonomy":"post_tag","embeddable":true,"href":"https:\/\/www.femmeharmone.com\/eng\/wp-json\/wp\/v2\/tags?post=5276"}],"curies":[{"name":"wp","href":"https:\/\/api.w.org\/{rel}","templated":true}]}}