{"id":5278,"date":"2024-12-24T04:46:11","date_gmt":"2024-12-24T04:46:11","guid":{"rendered":"https:\/\/www.femmeharmone.com\/?page_id=5278"},"modified":"2024-12-24T06:13:53","modified_gmt":"2024-12-24T06:13:53","slug":"suto-zoltan-a-mesterseges-intelligencia-lehetosegeinek-ertelmezese-kulonbozo-vilagmodellekben","status":"publish","type":"page","link":"https:\/\/www.femmeharmone.com\/eng\/a-noi-dimenzio\/iii-evfolyam-4-szam\/tudomany\/suto-zoltan-a-mesterseges-intelligencia-lehetosegeinek-ertelmezese-kulonbozo-vilagmodellekben\/","title":{"rendered":"<em>S\u00fct\u0151 Zolt\u00e1n:<\/em> A mesters\u00e9ges intelligencia lehet\u0151s\u00e9geinek \u00e9rtelmez\u00e9se k\u00fcl\u00f6nb\u00f6z\u0151 vil\u00e1gmodellekben"},"content":{"rendered":"<p class=\"has-text-align-right\"><a href=\"https:\/\/doi.org\/10.55344\/andfh.2304095\"><em>DOI: 10.55344\/andfh.2304095<\/em><\/a><\/p>\n\n\n\n<div style=\"height:100px\" aria-hidden=\"true\" class=\"wp-block-spacer\"><\/div>\n\n\n\n<p><em><strong>Absztrakt<\/strong><\/em><\/p>\n\n\n\n<p><strong>A k\u00fcl\u00f6nb\u00f6z\u0151 kult\u00far\u00e1kban \u00e1ltal\u00e1nosan elfogadottnak tekintett k\u00fcl\u00f6nb\u00f6z\u0151 vil\u00e1gmodellek, melyek a val\u00f3s\u00e1g mindenkori \u00e9rtelmez\u00e9si kereteik\u00e9nt szolg\u00e1ltak, legabsztraktabb szinten k\u00e9t egym\u00e1st\u00f3l alapvet\u0151en elt\u00e9r\u0151 vil\u00e1gszeml\u00e9letre vezethet\u0151 vissza. Az egyik a vil\u00e1g fel\u00e9p\u00fcl\u00e9st az alacsonyabb rend\u0171 strukt\u00far\u00e1k fel\u0151l a magasabb rend\u0171 strukt\u00far\u00e1k fel\u00e9 alulr\u00f3l f\u00f6lfel\u00e9, a m\u00e1sik viszont szellemi \u00e9rtelemben f\u00f6l\u00fclr\u0151l lefel\u00e9 gondolja el. Korunkban az ut\u00f3bbira a vall\u00e1sok megk\u00f6zel\u00edt\u00e9sei adnak p\u00e9ld\u00e1t, el\u0151bbire pedig a term\u00e9szettudom\u00e1nyos gondolkoz\u00e1s. J\u00f3llehet, a vall\u00e1sok jelenleg a kult\u00fara perif\u00e9ri\u00e1j\u00e1ra szorultak \u2013 mint vil\u00e1gmodell \u2013, absztrakt \u00e9rtelemben a vil\u00e1g strukt\u00far\u00e1j\u00e1nak f\u00f6l\u00fclr\u0151l lefel\u00e9 ir\u00e1nyul\u00f3 meghat\u00e1rozotts\u00e1ga szint\u00e9n \u00e9rv\u00e9nyes gondolati p\u00e1lya. Mindaz az elk\u00e9pzel\u00e9s azonban, ami a jelen kult\u00far\u00e1n bel\u00fcl a tudom\u00e1ny lehet\u0151s\u00e9gei \u00e9s c\u00e9ljai szerint \u00e9rtelmezhet\u0151, ezen bel\u00fcl pedig a mesters\u00e9ges intelligencia lehets\u00e9ges c\u00e9ljaik\u00e9nt beker\u00fclt az ir\u00e1nyad\u00f3 narrat\u00edv\u00e1kba, kiz\u00e1r\u00f3lag az alulr\u00f3l f\u00f6lfel\u00e9 struktur\u00e1l\u00f3d\u00f3 vil\u00e1gk\u00e9pben jelent logikus \u00e9s indokolt k\u00f6vetkeztet\u00e9seket. Mivel pedig a vil\u00e1gnak ez a szervez\u0151d\u00e9si strukt\u00far\u00e1ja csak modell\u00e9rt\u00e9kkel b\u00edr, a mesters\u00e9ges intelligenci\u00e1hoz f\u0171z\u00f6tt tudom\u00e1nyos elk\u00e9pzel\u00e9sek szint\u00e9n modell\u00e9rt\u00e9k\u0171ek, melyek egy m\u00e1sik vil\u00e1gmodellben nem felt\u00e9tlen \u00e9rtelmezhet\u0151k.<\/strong><\/p>\n\n\n\n<div style=\"height:100px\" aria-hidden=\"true\" class=\"wp-block-spacer\"><\/div>\n\n\n\n<div data-wp-interactive=\"core\/file\" class=\"wp-block-file\"><object data-wp-bind--hidden=\"!state.hasPdfPreview\"  class=\"wp-block-file__embed\" data=\"https:\/\/www.femmeharmone.com\/wp-content\/uploads\/2024\/12\/AND10_2023_Tel_v1_0_Suto_MI.pdf\" type=\"application\/pdf\" style=\"width:100%;height:1500px\" aria-label=\"Embed of AND10_2023_Tel_v1_0_Suto_MI.\"><\/object><a id=\"wp-block-file--media-0e85aab5-3705-40f0-bfad-19b47a5fd181\" href=\"https:\/\/www.femmeharmone.com\/wp-content\/uploads\/2024\/12\/AND10_2023_Tel_v1_0_Suto_MI.pdf\">AND10_2023_Tel_v1_0_Suto_MI<\/a><a href=\"https:\/\/www.femmeharmone.com\/wp-content\/uploads\/2024\/12\/AND10_2023_Tel_v1_0_Suto_MI.pdf\" class=\"wp-block-file__button wp-element-button\" download aria-describedby=\"wp-block-file--media-0e85aab5-3705-40f0-bfad-19b47a5fd181\">Let\u00f6lt\u00e9s<\/a><\/div>","protected":false},"excerpt":{"rendered":"<p>DOI: 10.55344\/andfh.2304095 Absztrakt A k\u00fcl\u00f6nb\u00f6z\u0151 kult\u00far\u00e1kban \u00e1ltal\u00e1nosan elfogadottnak tekintett k\u00fcl\u00f6nb\u00f6z\u0151 vil\u00e1gmodellek, melyek a val\u00f3s\u00e1g mindenkori \u00e9rtelmez\u00e9si kereteik\u00e9nt szolg\u00e1ltak, legabsztraktabb szinten k\u00e9t egym\u00e1st\u00f3l alapvet\u0151en elt\u00e9r\u0151 vil\u00e1gszeml\u00e9letre vezethet\u0151 vissza. Az egyik a vil\u00e1g fel\u00e9p\u00fcl\u00e9st az alacsonyabb rend\u0171 strukt\u00far\u00e1k fel\u0151l a magasabb rend\u0171 strukt\u00far\u00e1k fel\u00e9 alulr\u00f3l f\u00f6lfel\u00e9, a m\u00e1sik viszont szellemi \u00e9rtelemben f\u00f6l\u00fclr\u0151l lefel\u00e9 gondolja el. Korunkban az&hellip;<\/p>","protected":false},"author":1,"featured_media":0,"parent":5241,"menu_order":5,"comment_status":"closed","ping_status":"closed","template":"page-article.php","meta":{"inline_featured_image":false,"footnotes":""},"categories":[],"tags":[],"_links":{"self":[{"href":"https:\/\/www.femmeharmone.com\/eng\/wp-json\/wp\/v2\/pages\/5278"}],"collection":[{"href":"https:\/\/www.femmeharmone.com\/eng\/wp-json\/wp\/v2\/pages"}],"about":[{"href":"https:\/\/www.femmeharmone.com\/eng\/wp-json\/wp\/v2\/types\/page"}],"author":[{"embeddable":true,"href":"https:\/\/www.femmeharmone.com\/eng\/wp-json\/wp\/v2\/users\/1"}],"replies":[{"embeddable":true,"href":"https:\/\/www.femmeharmone.com\/eng\/wp-json\/wp\/v2\/comments?post=5278"}],"version-history":[{"count":3,"href":"https:\/\/www.femmeharmone.com\/eng\/wp-json\/wp\/v2\/pages\/5278\/revisions"}],"predecessor-version":[{"id":5335,"href":"https:\/\/www.femmeharmone.com\/eng\/wp-json\/wp\/v2\/pages\/5278\/revisions\/5335"}],"up":[{"embeddable":true,"href":"https:\/\/www.femmeharmone.com\/eng\/wp-json\/wp\/v2\/pages\/5241"}],"wp:attachment":[{"href":"https:\/\/www.femmeharmone.com\/eng\/wp-json\/wp\/v2\/media?parent=5278"}],"wp:term":[{"taxonomy":"category","embeddable":true,"href":"https:\/\/www.femmeharmone.com\/eng\/wp-json\/wp\/v2\/categories?post=5278"},{"taxonomy":"post_tag","embeddable":true,"href":"https:\/\/www.femmeharmone.com\/eng\/wp-json\/wp\/v2\/tags?post=5278"}],"curies":[{"name":"wp","href":"https:\/\/api.w.org\/{rel}","templated":true}]}}